{"id":738706,"date":"2025-08-27T23:55:36","date_gmt":"2025-08-27T20:55:36","guid":{"rendered":"https:\/\/roveyayinevi.com.tr\/index.php\/urun\/hattat-hamid-aytac-osmanlidan-cumhuriyete-bir-hattatin-serencami\/"},"modified":"2025-10-13T07:27:14","modified_gmt":"2025-10-13T04:27:14","slug":"hattat-hamid-aytac-osmanlidan-cumhuriyete-bir-hattatin-serencami","status":"publish","type":"product","link":"https:\/\/roveyayinevi.com.tr\/index.php\/urun\/hattat-hamid-aytac-osmanlidan-cumhuriyete-bir-hattatin-serencami\/","title":{"rendered":"Hattat Hamid Ayta\u00e7 Osmanl\u0131dan Cumhuriyete Bir Hattat\u0131n Serencam\u0131"},"content":{"rendered":"<p>Diyarbak\u0131rl\u0131 b\u00fcy\u00fck hattat H\u00e2mid Ayta\u00e7\u2019\u0131n sanat tarihindeki yeri pek \u00e7ok a\u00e7\u0131dan zikre de\u011ferdir. Ancak Osmanl\u0131\u2019dan Cumhuriyet\u2019e ge\u00e7i\u015fte ya\u015fanan ink\u0131ta s\u00fcrecinde, k\u00fclt\u00fcrel haf\u0131zam\u0131z\u0131n yans\u0131mas\u0131 olan hat sanat\u0131n\u0131 korumaya y\u00f6nelik \u00e7abalar\u0131 emsalsizdir. \u0130slam medeniyetinin \u00f6nemli bir \u015fiar\u0131 olan bu sanat\u0131 sonraki nesillere aktarmaya y\u00f6nelik ifa etti\u011fi hizmet, h\u00fcsn-i hattaki kudretiyle birlikte onu sanat tarihinde m\u00fcstesna bir konuma yerle\u015ftirmektedir. \u0130mam \u015eafi\u00ee\u2019nin Eb\u00fb Han\u00eefe i\u00e7in s\u00f6yledi\u011fi \u201c\u0130nsanlar f\u0131k\u0131h ilmini Eb\u00fb Hanife\u2019ye medy\u00fbndurlar\u201d s\u00f6z\u00fc, hat sanat\u0131 ba\u011flam\u0131nda H\u00e2mid Bey i\u00e7in s\u00f6ylenirse m\u00fcbala\u011fa edilmi\u015f olmaz. Zira bug\u00fcn sanat\u0131n merkezi olan \u0130stanbul\u2019da ve Anadolu\u2019da h\u00fcsn-i hatta dair her \u00e7abada onun ve yeti\u015ftirdi\u011fi talebelerin izini g\u00f6rmek m\u00fcmk\u00fcnd\u00fcr. Zaman onun k\u0131s\u0131tl\u0131 imkanlarla s\u00fcrd\u00fcrd\u00fc\u011f\u00fc \u00e7al\u0131\u015fmalar\u0131n ne kadar b\u00fcy\u00fck bir ehemmiyeti haiz oldu\u011funa \u015fahitlik edecektir.<\/p>\n","protected":false},"excerpt":{"rendered":"<p>Diyarbak\u0131rl\u0131 b\u00fcy\u00fck hattat H\u00e2mid Ayta\u00e7\u2019\u0131n sanat tarihindeki yeri pek \u00e7ok a\u00e7\u0131dan zikre de\u011ferdir. Ancak Osmanl\u0131\u2019dan Cumhuriyet\u2019e ge\u00e7i\u015fte ya\u015fanan ink\u0131ta s\u00fcrecinde, k\u00fclt\u00fcrel haf\u0131zam\u0131z\u0131n yans\u0131mas\u0131 olan hat sanat\u0131n\u0131<span class=\"excerpt-hellip\"> [\u2026]<\/span><\/p>\n","protected":false},"featured_media":0,"template":"","meta":{"_monsterinsights_skip_tracking":false,"_monsterinsights_sitenote_active":false,"_monsterinsights_sitenote_note":"","_monsterinsights_sitenote_category":0},"product_brand":[],"product_cat":[12718,12719],"product_tag":[],"class_list":{"0":"post-738706","1":"product","2":"type-product","3":"status-publish","5":"product_cat-din","6":"product_cat-islam","7":"pa_cilt-ciltsiz","8":"pa_tur-kitap","9":"pa_yayinevi-divan-kitap","10":"pa_yazar-divan-kitap-kolektif","12":"first","13":"instock","14":"sale","15":"shipping-taxable","16":"purchasable","17":"product-type-simple"},"_links":{"self":[{"href":"https:\/\/roveyayinevi.com.tr\/index.php\/wp-json\/wp\/v2\/product\/738706","targetHints":{"allow":["GET"]}}],"collection":[{"href":"https:\/\/roveyayinevi.com.tr\/index.php\/wp-json\/wp\/v2\/product"}],"about":[{"href":"https:\/\/roveyayinevi.com.tr\/index.php\/wp-json\/wp\/v2\/types\/product"}],"wp:attachment":[{"href":"https:\/\/roveyayinevi.com.tr\/index.php\/wp-json\/wp\/v2\/media?parent=738706"}],"wp:term":[{"taxonomy":"product_brand","embeddable":true,"href":"https:\/\/roveyayinevi.com.tr\/index.php\/wp-json\/wp\/v2\/product_brand?post=738706"},{"taxonomy":"product_cat","embeddable":true,"href":"https:\/\/roveyayinevi.com.tr\/index.php\/wp-json\/wp\/v2\/product_cat?post=738706"},{"taxonomy":"product_tag","embeddable":true,"href":"https:\/\/roveyayinevi.com.tr\/index.php\/wp-json\/wp\/v2\/product_tag?post=738706"}],"curies":[{"name":"wp","href":"https:\/\/api.w.org\/{rel}","templated":true}]}}