{"id":738705,"date":"2025-08-27T23:55:35","date_gmt":"2025-08-27T20:55:35","guid":{"rendered":"https:\/\/roveyayinevi.com.tr\/index.php\/urun\/evrimsel-iktisat\/"},"modified":"2026-04-16T02:48:51","modified_gmt":"2026-04-15T23:48:51","slug":"evrimsel-iktisat","status":"publish","type":"product","link":"https:\/\/roveyayinevi.com.tr\/index.php\/urun\/evrimsel-iktisat\/","title":{"rendered":"Evrimsel \u0130ktisat"},"content":{"rendered":"<p>Evrim konusundaki g\u00f6r\u00fc\u015fleri ile bilim d\u00fcnyas\u0131n\u0131 derinden sarsan Charles Darwin, yaln\u0131zca do\u011fa bilimlerinin de\u011fil, sosyal bilimlerin geli\u015fmesinde de etkili olmu\u015ftur. Darwin&#8217;in evrim ile ilgili g\u00f6r\u00fc\u015flerinin sosyal bilimler a\u00e7\u0131s\u0131ndan yeri ve \u00f6nemi bu \u00e7al\u0131\u015fmada &#8220;evrimsel biyoloji\u201d ve \u201cevrimsel iktisat\u201d temelinde ele al\u0131nm\u0131\u015ft\u0131r. Her iki bilim dal\u0131 da hakim biyoloji ve iktisat d\u00fc\u015f\u00fcncesini de\u011fi\u015ftirme yolunda katk\u0131lar sunmu\u015ftur. Evrim teorisi ve dolay\u0131s\u0131yla etkiledi\u011fi bilim dallar\u0131ndaki devam eden tart\u0131\u015fmalar\u0131n insanl\u0131k tarihinin sonuna kadar devam edece\u011fi a\u015fikard\u0131r.Evrim nedir? Evrim teorisinin iktisat bilimi a\u00e7\u0131s\u0131ndan \u00f6nemi nedir? \u0130ktisadi hayat kendili\u011finden olu\u015fan evrimsel bir s\u00fcre\u00e7 midir? Piyasa, m\u00fcbadele, i\u015fbirli\u011fi, uzmanla\u015fma, para ve saire insanlar\u0131n bilin\u00e7li plan ve eylemlerinden ba\u011f\u0131ms\u0131z olarak ortaya \u00e7\u0131kan piyasa kurumlar\u0131 m\u0131d\u0131r? Kurumlar\u0131n ortaya \u00e7\u0131k\u0131\u015f\u0131n\u0131 ve evrimini inceleyen kurumsal iktisat ile evrimsel iktisat aras\u0131ndaki ili\u015fki nedir? Evrimsel iktisat ve kurumsal iktisat teorilerinin iktisadi ya\u015fama ve ekonominin temel meselelerine y\u00f6neltti\u011fi sorular ve verdi\u011fi cevaplar nelerdir? \u0130ktisadi geli\u015fmeyi evrimsel ve kurumsal bir s\u00fcre\u00e7 olarak ele almak neyi anlamam\u0131za yard\u0131mc\u0131 olur?Bu kitap i\u00e7erisinde bu ve buna benzer sorular ve cevaplar\u0131 incelenmektedir.<\/p>\n","protected":false},"excerpt":{"rendered":"<p>Evrim konusundaki g\u00f6r\u00fc\u015fleri ile bilim d\u00fcnyas\u0131n\u0131 derinden sarsan Charles Darwin, yaln\u0131zca do\u011fa bilimlerinin de\u011fil, sosyal bilimlerin geli\u015fmesinde de etkili olmu\u015ftur. Darwin&#8217;in evrim ile ilgili g\u00f6r\u00fc\u015flerinin sosyal<span class=\"excerpt-hellip\"> [\u2026]<\/span><\/p>\n","protected":false},"featured_media":0,"template":"","meta":{"_monsterinsights_skip_tracking":false,"_monsterinsights_sitenote_active":false,"_monsterinsights_sitenote_note":"","_monsterinsights_sitenote_category":0},"product_brand":[],"product_cat":[12573,12566],"product_tag":[],"class_list":{"0":"post-738705","1":"product","2":"type-product","3":"status-publish","5":"product_cat-akademik-kitaplar","6":"product_cat-egitim","7":"pa_cilt-ciltsiz","8":"pa_tur-kitap","9":"pa_yayinevi-divan-kitap","10":"pa_yazar-coskun-can-aktan-serdar-yay","12":"first","13":"instock","14":"sale","15":"shipping-taxable","16":"purchasable","17":"product-type-simple"},"_links":{"self":[{"href":"https:\/\/roveyayinevi.com.tr\/index.php\/wp-json\/wp\/v2\/product\/738705","targetHints":{"allow":["GET"]}}],"collection":[{"href":"https:\/\/roveyayinevi.com.tr\/index.php\/wp-json\/wp\/v2\/product"}],"about":[{"href":"https:\/\/roveyayinevi.com.tr\/index.php\/wp-json\/wp\/v2\/types\/product"}],"wp:attachment":[{"href":"https:\/\/roveyayinevi.com.tr\/index.php\/wp-json\/wp\/v2\/media?parent=738705"}],"wp:term":[{"taxonomy":"product_brand","embeddable":true,"href":"https:\/\/roveyayinevi.com.tr\/index.php\/wp-json\/wp\/v2\/product_brand?post=738705"},{"taxonomy":"product_cat","embeddable":true,"href":"https:\/\/roveyayinevi.com.tr\/index.php\/wp-json\/wp\/v2\/product_cat?post=738705"},{"taxonomy":"product_tag","embeddable":true,"href":"https:\/\/roveyayinevi.com.tr\/index.php\/wp-json\/wp\/v2\/product_tag?post=738705"}],"curies":[{"name":"wp","href":"https:\/\/api.w.org\/{rel}","templated":true}]}}