{"id":738704,"date":"2025-08-27T23:55:34","date_gmt":"2025-08-27T20:55:34","guid":{"rendered":"https:\/\/roveyayinevi.com.tr\/index.php\/urun\/deneysel-iktisat\/"},"modified":"2026-04-16T02:48:51","modified_gmt":"2026-04-15T23:48:51","slug":"deneysel-iktisat","status":"publish","type":"product","link":"https:\/\/roveyayinevi.com.tr\/index.php\/urun\/deneysel-iktisat\/","title":{"rendered":"Deneysel \u0130ktisat"},"content":{"rendered":"<p>20. Y\u00fczy\u0131l\u0131n ortalar\u0131ndan \u00f6nce iktisat\u00e7\u0131lar bir sosyal bilim dal\u0131 olan iktisad\u0131 deneysel olmayan bilim dallar\u0131 kategorisine koymaktayd\u0131lar.Ancak ge\u00e7ti\u011fimiz son 20-30 y\u0131l i\u00e7erisinde deneysel iktisat belki de iktisat metodolojisi alan\u0131nda adeta bir devrimi ger\u00e7ekle\u015ftirmi\u015f ve iktisada laboratuvar \u00e7al\u0131\u015fmalar\u0131n\u0131 dahil etmekte b\u00fcy\u00fck bir ba\u015far\u0131 sa\u011flam\u0131\u015ft\u0131r.\u00d6zellikle 2002 y\u0131l\u0131nda \u201ciktisat biliminde laboratuvar deneyleri yaparak iktisadi davran\u0131\u015f\u0131n anla\u015f\u0131lmas\u0131n\u0131 sa\u011flayacak metotlar\u201d geli\u015ftirdi\u011fi gerek\u00e7esiyle Amerikal\u0131 iktisat\u00e7\u0131 Vernon L. Smith\u2019in Nobel ekonomi \u00f6d\u00fcl\u00fc ile onurland\u0131r\u0131lmas\u0131n\u0131n ard\u0131ndan iktisatta deneysel \u00e7al\u0131\u015fmalar daha fazla ilgi g\u00f6rmeye ba\u015flam\u0131\u015ft\u0131r.\u0130ktisadi ara\u015ft\u0131rmalarda yap\u0131lan deneysel \u00e7al\u0131\u015fmalar\u0131n en \u00f6nemli katk\u0131s\u0131 iktisat teorilerinin ne derece ge\u00e7erli oldu\u011fu sorusunun cevab\u0131n\u0131 bulmam\u0131za yard\u0131mc\u0131 olmas\u0131d\u0131r. Ancak deney ve \u00f6l\u00e7me konusundaki ara\u015ft\u0131rmalar\u0131n g\u00f6zleme dayal\u0131 ara\u015ft\u0131rmalara mutlak \u00fcst\u00fcnl\u00fc\u011f\u00fc iddia edilerek iktisat biliminin \u00f6zellikle felsefi-tarihsel-kurumsal temellerinin asla ihmal edilmemesi gerekir. Unutulmamal\u0131d\u0131r ki, ger\u00e7e\u011fi ara\u015ft\u0131rmam\u0131zda \u201cdeneysel g\u00f6zlemler\u201d kimi zaman \u201cdeneysel ara\u015ft\u0131rmalardan\u201d \u00e7ok daha h\u0131zl\u0131 ve yararl\u0131 sonu\u00e7lar ortaya \u00e7\u0131karabilir<\/p>\n","protected":false},"excerpt":{"rendered":"<p>20. Y\u00fczy\u0131l\u0131n ortalar\u0131ndan \u00f6nce iktisat\u00e7\u0131lar bir sosyal bilim dal\u0131 olan iktisad\u0131 deneysel olmayan bilim dallar\u0131 kategorisine koymaktayd\u0131lar.Ancak ge\u00e7ti\u011fimiz son 20-30 y\u0131l i\u00e7erisinde deneysel iktisat belki de<span class=\"excerpt-hellip\"> [\u2026]<\/span><\/p>\n","protected":false},"featured_media":0,"template":"","meta":{"_monsterinsights_skip_tracking":false,"_monsterinsights_sitenote_active":false,"_monsterinsights_sitenote_note":"","_monsterinsights_sitenote_category":0},"product_brand":[],"product_cat":[12573,12566],"product_tag":[],"class_list":{"0":"post-738704","1":"product","2":"type-product","3":"status-publish","5":"product_cat-akademik-kitaplar","6":"product_cat-egitim","7":"pa_cilt-ciltsiz","8":"pa_tur-kitap","9":"pa_yayinevi-divan-kitap","10":"pa_yazar-coskun-can-aktan","12":"first","13":"instock","14":"sale","15":"shipping-taxable","16":"purchasable","17":"product-type-simple"},"_links":{"self":[{"href":"https:\/\/roveyayinevi.com.tr\/index.php\/wp-json\/wp\/v2\/product\/738704","targetHints":{"allow":["GET"]}}],"collection":[{"href":"https:\/\/roveyayinevi.com.tr\/index.php\/wp-json\/wp\/v2\/product"}],"about":[{"href":"https:\/\/roveyayinevi.com.tr\/index.php\/wp-json\/wp\/v2\/types\/product"}],"wp:attachment":[{"href":"https:\/\/roveyayinevi.com.tr\/index.php\/wp-json\/wp\/v2\/media?parent=738704"}],"wp:term":[{"taxonomy":"product_brand","embeddable":true,"href":"https:\/\/roveyayinevi.com.tr\/index.php\/wp-json\/wp\/v2\/product_brand?post=738704"},{"taxonomy":"product_cat","embeddable":true,"href":"https:\/\/roveyayinevi.com.tr\/index.php\/wp-json\/wp\/v2\/product_cat?post=738704"},{"taxonomy":"product_tag","embeddable":true,"href":"https:\/\/roveyayinevi.com.tr\/index.php\/wp-json\/wp\/v2\/product_tag?post=738704"}],"curies":[{"name":"wp","href":"https:\/\/api.w.org\/{rel}","templated":true}]}}