{"id":738703,"date":"2025-08-27T23:55:33","date_gmt":"2025-08-27T20:55:33","guid":{"rendered":"https:\/\/roveyayinevi.com.tr\/index.php\/urun\/bati-aydinlanmasinda-islamin-izleri\/"},"modified":"2026-04-16T02:48:51","modified_gmt":"2026-04-15T23:48:51","slug":"bati-aydinlanmasinda-islamin-izleri","status":"publish","type":"product","link":"https:\/\/roveyayinevi.com.tr\/index.php\/urun\/bati-aydinlanmasinda-islamin-izleri\/","title":{"rendered":"Bat\u0131 Ayd\u0131nlanmas\u0131nda \u0130slam\u2019\u0131n \u0130zleri"},"content":{"rendered":"<p>Elinizdeki bu eserde tarihin belli bir co\u011frafyas\u0131nda (End\u00fcl\u00fcs) ve belli bir kesitinde (a\u011f\u0131rl\u0131kl\u0131 olarak miladi XII. ve XIII. y\u00fczy\u0131l) ve belli bir \u015fahsiyet (\u0130bn R\u00fc\u015fd) \u00f6rnekli\u011finde d\u00fc\u015f\u00fcncenin\/bilginin, ak\u0131l\/felsefenin g\u00fcc\u00fc ve toplumlar\u0131 nas\u0131l de\u011fi\u015ftirdi\u011fi g\u00f6r\u00fclecektir. Bir iddia olarak genelde M\u00fcsl\u00fcman k\u00fclt\u00fcr\u00fcnde, \u201cBat\u0131 ayd\u0131nlanmas\u0131nda \u0130slam d\u00fc\u015f\u00fcncesinin ve M\u00fcsl\u00fcman k\u00fclt\u00fcr\u00fcn\u00fcn etkili oldu\u011fu\u201d dile getirilmi\u015ftir. \u015e\u00fcphesiz pek \u00e7ok toplum tarihsel geli\u015fim seyrinde bir di\u011ferini etkiledi\u011fi ve hatta ger\u00e7e\u011fe\/hakikate ve do\u011fruya sahip olan\u0131n salt kendisi oldu\u011fu konusunda hep iddia sahibi olmu\u015flard\u0131r. Ancak bu durumun, duygusal ve tarafgir bir iddia olman\u0131n \u00f6tesinde bilimsel ve tarihsel veriler do\u011frultusunda ele al\u0131nmas\u0131 bir zorunluluktur. Bir b\u00fct\u00fcn olarak objektif davranma iddias\u0131 ger\u00e7e\u011fi yans\u0131tmamakla birlikte olabildi\u011fince hissi duygular\u0131 bir tarafa b\u0131rakarak tarihsel veriler do\u011frultusunda \u201cBat\u0131 Ayd\u0131nlanmas\u0131nda \u0130slam\u2019\u0131n \u0130zleri\u201d aranm\u0131\u015ft\u0131r. <\/p>\n","protected":false},"excerpt":{"rendered":"<p>Elinizdeki bu eserde tarihin belli bir co\u011frafyas\u0131nda (End\u00fcl\u00fcs) ve belli bir kesitinde (a\u011f\u0131rl\u0131kl\u0131 olarak miladi XII. ve XIII. y\u00fczy\u0131l) ve belli bir \u015fahsiyet (\u0130bn R\u00fc\u015fd) \u00f6rnekli\u011finde<span class=\"excerpt-hellip\"> [\u2026]<\/span><\/p>\n","protected":false},"featured_media":0,"template":"","meta":{"_monsterinsights_skip_tracking":false,"_monsterinsights_sitenote_active":false,"_monsterinsights_sitenote_note":"","_monsterinsights_sitenote_category":0},"product_brand":[],"product_cat":[12718,12719],"product_tag":[],"class_list":{"0":"post-738703","1":"product","2":"type-product","3":"status-publish","5":"product_cat-din","6":"product_cat-islam","7":"pa_cilt-ciltsiz","8":"pa_tur-kitap","9":"pa_yayinevi-divan-kitap","10":"pa_yazar-ahmet-erkol","12":"first","13":"instock","14":"sale","15":"shipping-taxable","16":"purchasable","17":"product-type-simple"},"_links":{"self":[{"href":"https:\/\/roveyayinevi.com.tr\/index.php\/wp-json\/wp\/v2\/product\/738703","targetHints":{"allow":["GET"]}}],"collection":[{"href":"https:\/\/roveyayinevi.com.tr\/index.php\/wp-json\/wp\/v2\/product"}],"about":[{"href":"https:\/\/roveyayinevi.com.tr\/index.php\/wp-json\/wp\/v2\/types\/product"}],"wp:attachment":[{"href":"https:\/\/roveyayinevi.com.tr\/index.php\/wp-json\/wp\/v2\/media?parent=738703"}],"wp:term":[{"taxonomy":"product_brand","embeddable":true,"href":"https:\/\/roveyayinevi.com.tr\/index.php\/wp-json\/wp\/v2\/product_brand?post=738703"},{"taxonomy":"product_cat","embeddable":true,"href":"https:\/\/roveyayinevi.com.tr\/index.php\/wp-json\/wp\/v2\/product_cat?post=738703"},{"taxonomy":"product_tag","embeddable":true,"href":"https:\/\/roveyayinevi.com.tr\/index.php\/wp-json\/wp\/v2\/product_tag?post=738703"}],"curies":[{"name":"wp","href":"https:\/\/api.w.org\/{rel}","templated":true}]}}