{"id":738695,"date":"2025-08-27T23:55:23","date_gmt":"2025-08-27T20:55:23","guid":{"rendered":"https:\/\/roveyayinevi.com.tr\/index.php\/urun\/virgulun-basindan-gecenler\/"},"modified":"2026-04-16T02:48:51","modified_gmt":"2026-04-15T23:48:51","slug":"virgulun-basindan-gecenler","status":"publish","type":"product","link":"https:\/\/roveyayinevi.com.tr\/index.php\/urun\/virgulun-basindan-gecenler\/","title":{"rendered":"Virg\u00fcl\u00fcn Ba\u015f\u0131ndan Ge\u00e7enler"},"content":{"rendered":"<p>Ketebe Yay\u0131nlar\u0131, \u00dclk\u00fc Tamer\u2019in Virg\u00fcl\u00fcn Ba\u015f\u0131ndan Ge\u00e7enler\u2019ini, b\u00fcy\u00fck \u015fairin an\u0131s\u0131na orijinal ilk bask\u0131s\u0131n\u0131n t\u0131pk\u0131bas\u0131m\u0131yla okur huzuruna tekrar sunuyor. \u00dcnl\u00fc \u00e7izer O\u011fuz Aral\u2019\u0131n desen ve \u00e7izimlerinin de bulundu\u011fu bu \u00f6zel bask\u0131, her iki sanat\u00e7\u0131n\u0131n da hat\u0131ras\u0131na y\u00f6nelik bir sayg\u0131 duru\u015fu.<\/p>\n","protected":false},"excerpt":{"rendered":"<p>Ketebe Yay\u0131nlar\u0131, \u00dclk\u00fc Tamer\u2019in Virg\u00fcl\u00fcn Ba\u015f\u0131ndan Ge\u00e7enler\u2019ini, b\u00fcy\u00fck \u015fairin an\u0131s\u0131na orijinal ilk bask\u0131s\u0131n\u0131n t\u0131pk\u0131bas\u0131m\u0131yla okur huzuruna tekrar sunuyor. \u00dcnl\u00fc \u00e7izer O\u011fuz Aral\u2019\u0131n desen ve \u00e7izimlerinin de<span class=\"excerpt-hellip\"> [\u2026]<\/span><\/p>\n","protected":false},"featured_media":0,"template":"","meta":{"_monsterinsights_skip_tracking":false,"_monsterinsights_sitenote_active":false,"_monsterinsights_sitenote_note":"","_monsterinsights_sitenote_category":0},"product_brand":[],"product_cat":[12291,12509],"product_tag":[],"class_list":{"0":"post-738695","1":"product","2":"type-product","3":"status-publish","5":"product_cat-edebiyat","6":"product_cat-siir","7":"pa_cilt-ciltsiz","8":"pa_tur-kitap","9":"pa_yayinevi-ketebe-yayinlari","10":"pa_yazar-ulku-tamer","12":"first","13":"instock","14":"sale","15":"shipping-taxable","16":"purchasable","17":"product-type-simple"},"_links":{"self":[{"href":"https:\/\/roveyayinevi.com.tr\/index.php\/wp-json\/wp\/v2\/product\/738695","targetHints":{"allow":["GET"]}}],"collection":[{"href":"https:\/\/roveyayinevi.com.tr\/index.php\/wp-json\/wp\/v2\/product"}],"about":[{"href":"https:\/\/roveyayinevi.com.tr\/index.php\/wp-json\/wp\/v2\/types\/product"}],"wp:attachment":[{"href":"https:\/\/roveyayinevi.com.tr\/index.php\/wp-json\/wp\/v2\/media?parent=738695"}],"wp:term":[{"taxonomy":"product_brand","embeddable":true,"href":"https:\/\/roveyayinevi.com.tr\/index.php\/wp-json\/wp\/v2\/product_brand?post=738695"},{"taxonomy":"product_cat","embeddable":true,"href":"https:\/\/roveyayinevi.com.tr\/index.php\/wp-json\/wp\/v2\/product_cat?post=738695"},{"taxonomy":"product_tag","embeddable":true,"href":"https:\/\/roveyayinevi.com.tr\/index.php\/wp-json\/wp\/v2\/product_tag?post=738695"}],"curies":[{"name":"wp","href":"https:\/\/api.w.org\/{rel}","templated":true}]}}