{"id":738694,"date":"2025-08-27T23:55:22","date_gmt":"2025-08-27T20:55:22","guid":{"rendered":"https:\/\/roveyayinevi.com.tr\/index.php\/urun\/spinozayi-ararken\/"},"modified":"2026-04-16T02:48:51","modified_gmt":"2026-04-15T23:48:51","slug":"spinozayi-ararken","status":"publish","type":"product","link":"https:\/\/roveyayinevi.com.tr\/index.php\/urun\/spinozayi-ararken\/","title":{"rendered":"Spinoza\u2019y\u0131 Ararken"},"content":{"rendered":"<p>Haz, ac\u0131, k\u0131skan\u00e7l\u0131k ve korku; t\u00fcm bunlar ve di\u011fer duygular g\u00fcnl\u00fck ya\u015fam\u0131m\u0131z\u0131n vazge\u00e7ilmez unsurlar\u0131. 17. y\u00fczy\u0131lda, filozof Spinoza ya\u015fam\u0131n\u0131n \u00e7o\u011funu bu duygular\u0131n insan\u0131n hayatta kalmas\u0131n\u0131 nas\u0131l destekledi\u011fini ara\u015ft\u0131rmaya adad\u0131. Y\u00fczlerce y\u0131l sonra bug\u00fcn bile hislerimizin biyolojik k\u00f6kenleri gizemini korumaya devam ediyor. D\u00fcnyan\u0131n \u00f6nde gelen sinirbilimcilerinden Antonio Damasio, Spinoza\u2019n\u0131n g\u00f6r\u00fc\u015flerinin pe\u015finden gidip kendi bilimsel \u00e7al\u0131\u015fmalar\u0131yla birle\u015ftirerek bu gizemi \u00e7\u00f6zmeye \u00e7al\u0131\u015f\u0131yor.<\/p>\n","protected":false},"excerpt":{"rendered":"<p>Haz, ac\u0131, k\u0131skan\u00e7l\u0131k ve korku; t\u00fcm bunlar ve di\u011fer duygular g\u00fcnl\u00fck ya\u015fam\u0131m\u0131z\u0131n vazge\u00e7ilmez unsurlar\u0131. 17. y\u00fczy\u0131lda, filozof Spinoza ya\u015fam\u0131n\u0131n \u00e7o\u011funu bu duygular\u0131n insan\u0131n hayatta kalmas\u0131n\u0131 nas\u0131l<span class=\"excerpt-hellip\"> [\u2026]<\/span><\/p>\n","protected":false},"featured_media":0,"template":"","meta":{"_monsterinsights_skip_tracking":false,"_monsterinsights_sitenote_active":false,"_monsterinsights_sitenote_note":"","_monsterinsights_sitenote_category":0},"product_brand":[],"product_cat":[13005,13006],"product_tag":[],"class_list":{"0":"post-738694","1":"product","2":"type-product","3":"status-publish","5":"product_cat-bilim-muhendislik","6":"product_cat-populer-bilim","7":"pa_cilt-ciltsiz","8":"pa_tur-kitap","9":"pa_yayinevi-odtu-gelistirme-vakfi-yayincilik","10":"pa_yazar-antonio-r-damasio","12":"first","13":"instock","14":"sale","15":"shipping-taxable","16":"purchasable","17":"product-type-simple"},"_links":{"self":[{"href":"https:\/\/roveyayinevi.com.tr\/index.php\/wp-json\/wp\/v2\/product\/738694","targetHints":{"allow":["GET"]}}],"collection":[{"href":"https:\/\/roveyayinevi.com.tr\/index.php\/wp-json\/wp\/v2\/product"}],"about":[{"href":"https:\/\/roveyayinevi.com.tr\/index.php\/wp-json\/wp\/v2\/types\/product"}],"wp:attachment":[{"href":"https:\/\/roveyayinevi.com.tr\/index.php\/wp-json\/wp\/v2\/media?parent=738694"}],"wp:term":[{"taxonomy":"product_brand","embeddable":true,"href":"https:\/\/roveyayinevi.com.tr\/index.php\/wp-json\/wp\/v2\/product_brand?post=738694"},{"taxonomy":"product_cat","embeddable":true,"href":"https:\/\/roveyayinevi.com.tr\/index.php\/wp-json\/wp\/v2\/product_cat?post=738694"},{"taxonomy":"product_tag","embeddable":true,"href":"https:\/\/roveyayinevi.com.tr\/index.php\/wp-json\/wp\/v2\/product_tag?post=738694"}],"curies":[{"name":"wp","href":"https:\/\/api.w.org\/{rel}","templated":true}]}}