{"id":738693,"date":"2025-08-27T23:55:21","date_gmt":"2025-08-27T20:55:21","guid":{"rendered":"https:\/\/roveyayinevi.com.tr\/index.php\/urun\/hiperuzay\/"},"modified":"2026-04-16T02:48:51","modified_gmt":"2026-04-15T23:48:51","slug":"hiperuzay","status":"publish","type":"product","link":"https:\/\/roveyayinevi.com.tr\/index.php\/urun\/hiperuzay\/","title":{"rendered":"Hiperuzay"},"content":{"rendered":"<p>PARALEL EVRENLER, ZAMAN B\u00dcK\u00dcLMELER\u0130 VE 10. BOYUTTA B\u0130L\u0130MSEL B\u0130R MACERAMichio Kaku, Hiperuzay\u2019da okura 10. Boyutta bilimsel bir aray\u0131\u015f yolculu\u011fu vadediyor ve hepimize evrene bak\u0131\u015f\u0131m\u0131z\u0131 tamamen de\u011fi\u015ftiren bu\u0308yu\u0308leyici bir panorama sunuyor. Ge\u00e7mi\u015fi de\u011fi\u015ftirmek mu\u0308mku\u0308n mu\u0308? Paralel evrenlere ge\u00e7itler var m\u0131? Solucan delikleri, zaman makineleri, bebek evrenler ve daha fazlas\u0131\u2026Yazar, hiperuzay\u0131n erken tarihiyle ba\u015flad\u0131\u011f\u0131 anlat\u0131m\u0131na ola\u011fanu\u0308stu\u0308 ko\u015fullar alt\u0131nda uzay\u0131n y\u0131rt\u0131l\u0131p par\u00e7alanana kadar esneyebilmesi olas\u0131l\u0131\u011f\u0131n\u0131 ele alarak devam ediyor. Kaku \u00f6zellikle hiperuzay kuram\u0131n\u0131n bilinen tu\u0308m do\u011fa yasalar\u0131n\u0131 tek bir kuramda birle\u015ftirebilece\u011fine vurgu yap\u0131yor. Gelece\u011fin Fizi\u011fi ve Olanaks\u0131z\u0131n Fizi\u011fi gibi \u00e7ok satan kitaplar\u0131n yazar\u0131, bu kitab\u0131nda hayal gu\u0308cu\u0308nu\u0308n \u00f6tesinde bir du\u0308nyay\u0131 tan\u0131mada okura rehberlik ediyor. (Tan\u0131t\u0131m B\u00fclteninden)<\/p>\n","protected":false},"excerpt":{"rendered":"<p>PARALEL EVRENLER, ZAMAN B\u00dcK\u00dcLMELER\u0130 VE 10. BOYUTTA B\u0130L\u0130MSEL B\u0130R MACERAMichio Kaku, Hiperuzay\u2019da okura 10. Boyutta bilimsel bir aray\u0131\u015f yolculu\u011fu vadediyor ve hepimize evrene bak\u0131\u015f\u0131m\u0131z\u0131 tamamen de\u011fi\u015ftiren<span class=\"excerpt-hellip\"> [\u2026]<\/span><\/p>\n","protected":false},"featured_media":0,"template":"","meta":{"_monsterinsights_skip_tracking":false,"_monsterinsights_sitenote_active":false,"_monsterinsights_sitenote_note":"","_monsterinsights_sitenote_category":0},"product_brand":[],"product_cat":[43754,13005],"product_tag":[],"class_list":{"0":"post-738693","1":"product","2":"type-product","3":"status-publish","5":"product_cat-astronomi","6":"product_cat-bilim-muhendislik","7":"pa_cilt-ciltsiz","8":"pa_tur-kitap","9":"pa_yayinevi-odtu-gelistirme-vakfi-yayincilik","10":"pa_yazar-michio-kaku","12":"first","13":"instock","14":"sale","15":"shipping-taxable","16":"purchasable","17":"product-type-simple"},"_links":{"self":[{"href":"https:\/\/roveyayinevi.com.tr\/index.php\/wp-json\/wp\/v2\/product\/738693","targetHints":{"allow":["GET"]}}],"collection":[{"href":"https:\/\/roveyayinevi.com.tr\/index.php\/wp-json\/wp\/v2\/product"}],"about":[{"href":"https:\/\/roveyayinevi.com.tr\/index.php\/wp-json\/wp\/v2\/types\/product"}],"wp:attachment":[{"href":"https:\/\/roveyayinevi.com.tr\/index.php\/wp-json\/wp\/v2\/media?parent=738693"}],"wp:term":[{"taxonomy":"product_brand","embeddable":true,"href":"https:\/\/roveyayinevi.com.tr\/index.php\/wp-json\/wp\/v2\/product_brand?post=738693"},{"taxonomy":"product_cat","embeddable":true,"href":"https:\/\/roveyayinevi.com.tr\/index.php\/wp-json\/wp\/v2\/product_cat?post=738693"},{"taxonomy":"product_tag","embeddable":true,"href":"https:\/\/roveyayinevi.com.tr\/index.php\/wp-json\/wp\/v2\/product_tag?post=738693"}],"curies":[{"name":"wp","href":"https:\/\/api.w.org\/{rel}","templated":true}]}}