{"id":738692,"date":"2025-08-27T23:55:20","date_gmt":"2025-08-27T20:55:20","guid":{"rendered":"https:\/\/roveyayinevi.com.tr\/index.php\/urun\/pozitif-psikoloji\/"},"modified":"2026-04-16T02:48:51","modified_gmt":"2026-04-15T23:48:51","slug":"pozitif-psikoloji","status":"publish","type":"product","link":"https:\/\/roveyayinevi.com.tr\/index.php\/urun\/pozitif-psikoloji\/","title":{"rendered":"Pozitif Psikoloji"},"content":{"rendered":"<p>TAM B\u0130R MUTLULUK YA\u015eAMDAN TAT ALMAYI, DER\u0130N B\u0130R ANLAM BULMAYI VE DOYUMU B\u0130R ARADA BARINDIRIR.   Psikoloji bilimi genelde yetersizliklerle ilgilenir. Ancak bug\u00fcn g\u00fc\u00e7l\u00fc yanlar\u0131m\u0131z\u0131 ve yeteneklerimizi bulup ortaya \u00e7\u0131karmam\u0131z, her alanda nas\u0131l daha ba\u015far\u0131l\u0131 olabilece\u011fimizi bulmam\u0131z, kendimizi nas\u0131l geli\u015ftirebilece\u011fimiz, nas\u0131l daha doyurucu bir i\u015f ya\u015fam\u0131m\u0131z\u0131n ve ili\u015fkilerimizin olabilece\u011fi ve g\u00fczel ya\u015fama sanat\u0131 konular\u0131nda daha \u00e7ok bilgi edinmemiz gereken bir zamanda ya\u015f\u0131yoruz. \u0130nsan\u0131n g\u00fc\u00e7l\u00fc oldu\u011fu yanlar\u0131n\u0131 bilmesi ve bunlara g\u00f6re ilerlemesi, i\u00e7g\u00f6r\u00fcyle birlikte ya\u015fama ili\u015fkin yeni bak\u0131\u015f a\u00e7\u0131lar\u0131 kazanmay\u0131, zorlanmalar kar\u015f\u0131s\u0131nda daha dayan\u0131kl\u0131 olmay\u0131, iyimserli\u011fi ve ruhsal dayan\u0131kl\u0131l\u0131\u011f\u0131 sa\u011flar. Prof. Dr. Ertu\u011frul K\u00f6ro\u011flu POZ\u0130T\u0130F PS\u0130KOLOJ\u0130 kitab\u0131nda ruhsal bozukluklar\u0131n \u00f6tesine ge\u00e7erek, nas\u0131l daha mutlu olunaca\u011f\u0131n\u0131 olumluluk psikolojisi \u00fczerinden anlat\u0131yor. Kendini y\u00f6nlendirebilmeyi, kendine g\u00fcvenmeyi, benlik sayg\u0131s\u0131n\u0131 geli\u015ftirmeyi, ya\u015fama g\u00fcc\u00fcn\u00fcn ve i\u00e7sel g\u00fcc\u00fcn artmas\u0131n\u0131, mutlu ve doyumlu olmay\u0131, ama\u00e7lara ula\u015fmay\u0131, kendini i\u015fe daha \u00e7ok vermeyi ve i\u015f hayat\u0131nda daha ba\u015far\u0131l\u0131 olmay\u0131 sa\u011flayan yeni ve devrimci bir yakla\u015f\u0131m\u0131 okurlar\u0131yla bulu\u015fturuyor.   <\/p>\n","protected":false},"excerpt":{"rendered":"<p>TAM B\u0130R MUTLULUK YA\u015eAMDAN TAT ALMAYI, DER\u0130N B\u0130R ANLAM BULMAYI VE DOYUMU B\u0130R ARADA BARINDIRIR. Psikoloji bilimi genelde yetersizliklerle ilgilenir. Ancak bug\u00fcn g\u00fc\u00e7l\u00fc yanlar\u0131m\u0131z\u0131 ve yeteneklerimizi<span class=\"excerpt-hellip\"> [\u2026]<\/span><\/p>\n","protected":false},"featured_media":0,"template":"","meta":{"_monsterinsights_skip_tracking":false,"_monsterinsights_sitenote_active":false,"_monsterinsights_sitenote_note":"","_monsterinsights_sitenote_category":0},"product_brand":[],"product_cat":[12358,12357],"product_tag":[],"class_list":{"0":"post-738692","1":"product","2":"type-product","3":"status-publish","5":"product_cat-genel-psikoloji","6":"product_cat-psikoloji","7":"pa_cilt-ciltsiz","8":"pa_tur-kitap","9":"pa_yayinevi-destek-yayinlari","10":"pa_yazar-ertugrul-koroglu","12":"first","13":"instock","14":"sale","15":"shipping-taxable","16":"purchasable","17":"product-type-simple"},"_links":{"self":[{"href":"https:\/\/roveyayinevi.com.tr\/index.php\/wp-json\/wp\/v2\/product\/738692","targetHints":{"allow":["GET"]}}],"collection":[{"href":"https:\/\/roveyayinevi.com.tr\/index.php\/wp-json\/wp\/v2\/product"}],"about":[{"href":"https:\/\/roveyayinevi.com.tr\/index.php\/wp-json\/wp\/v2\/types\/product"}],"wp:attachment":[{"href":"https:\/\/roveyayinevi.com.tr\/index.php\/wp-json\/wp\/v2\/media?parent=738692"}],"wp:term":[{"taxonomy":"product_brand","embeddable":true,"href":"https:\/\/roveyayinevi.com.tr\/index.php\/wp-json\/wp\/v2\/product_brand?post=738692"},{"taxonomy":"product_cat","embeddable":true,"href":"https:\/\/roveyayinevi.com.tr\/index.php\/wp-json\/wp\/v2\/product_cat?post=738692"},{"taxonomy":"product_tag","embeddable":true,"href":"https:\/\/roveyayinevi.com.tr\/index.php\/wp-json\/wp\/v2\/product_tag?post=738692"}],"curies":[{"name":"wp","href":"https:\/\/api.w.org\/{rel}","templated":true}]}}