{"id":738690,"date":"2025-08-27T23:55:19","date_gmt":"2025-08-27T20:55:19","guid":{"rendered":"https:\/\/roveyayinevi.com.tr\/index.php\/urun\/mevlana-terapi\/"},"modified":"2026-04-16T02:48:51","modified_gmt":"2026-04-15T23:48:51","slug":"mevlana-terapi","status":"publish","type":"product","link":"https:\/\/roveyayinevi.com.tr\/index.php\/urun\/mevlana-terapi\/","title":{"rendered":"Mevlana Terapi"},"content":{"rendered":"<p>HER YARANIN B\u0130R YARINI VAR.\u201d   Dr. Senai Demirci, heyecanl\u0131 bir metaforik yolculu\u011fa \u00e7\u0131karak, Mesnevi hik\u00e2yelerini modern psikoterapinin temel haritalar\u0131 olarak okuyor. Kadim hikmetten beslenen Mevlana\u2019n\u0131n insan\u0131n psikolojik altyap\u0131s\u0131na i\u015faret eden canl\u0131 imgelerini ince bir i\u015f\u00e7ilikle g\u00fcn y\u00fcz\u00fcne \u00e7\u0131kar\u0131yor. \u0130nsan do\u011fas\u0131nda sakl\u0131 sanc\u0131lara, susturulmu\u015f \u00e7\u0131\u011fl\u0131klara, uyutulmu\u015f ac\u0131lara, ertelenmi\u015f \u00e7eli\u015fkilere refakat eden Mesnevi hik\u00e2yelerinin kurgusuna modern terapinin ak\u0131\u015f\u0131n\u0131 ustal\u0131kla oturtuyor. MEVLANA TERAP\u0130\u2019de t\u0131bb\u0131n, psikolojinin ve edebiyat\u0131n berzah\u0131nda k\u0131rk y\u0131ld\u0131r kalem oynatan bir psikoterapist olarak \u015fa\u015f\u0131rt\u0131c\u0131 ve \u015fifa verici bir d\u00fcnyan\u0131n kap\u0131lar\u0131n\u0131 aral\u0131yor. <\/p>\n","protected":false},"excerpt":{"rendered":"<p>HER YARANIN B\u0130R YARINI VAR.\u201d Dr. Senai Demirci, heyecanl\u0131 bir metaforik yolculu\u011fa \u00e7\u0131karak, Mesnevi hik\u00e2yelerini modern psikoterapinin temel haritalar\u0131 olarak okuyor. Kadim hikmetten beslenen Mevlana\u2019n\u0131n insan\u0131n<span class=\"excerpt-hellip\"> [\u2026]<\/span><\/p>\n","protected":false},"featured_media":0,"template":"","meta":{"_monsterinsights_skip_tracking":false,"_monsterinsights_sitenote_active":false,"_monsterinsights_sitenote_note":"","_monsterinsights_sitenote_category":0},"product_brand":[],"product_cat":[12358,12357],"product_tag":[],"class_list":{"0":"post-738690","1":"product","2":"type-product","3":"status-publish","5":"product_cat-genel-psikoloji","6":"product_cat-psikoloji","7":"pa_cilt-ciltsiz","8":"pa_tur-kitap","9":"pa_yayinevi-destek-yayinlari","10":"pa_yazar-senai-demirci","12":"first","13":"instock","14":"sale","15":"shipping-taxable","16":"purchasable","17":"product-type-simple"},"_links":{"self":[{"href":"https:\/\/roveyayinevi.com.tr\/index.php\/wp-json\/wp\/v2\/product\/738690","targetHints":{"allow":["GET"]}}],"collection":[{"href":"https:\/\/roveyayinevi.com.tr\/index.php\/wp-json\/wp\/v2\/product"}],"about":[{"href":"https:\/\/roveyayinevi.com.tr\/index.php\/wp-json\/wp\/v2\/types\/product"}],"wp:attachment":[{"href":"https:\/\/roveyayinevi.com.tr\/index.php\/wp-json\/wp\/v2\/media?parent=738690"}],"wp:term":[{"taxonomy":"product_brand","embeddable":true,"href":"https:\/\/roveyayinevi.com.tr\/index.php\/wp-json\/wp\/v2\/product_brand?post=738690"},{"taxonomy":"product_cat","embeddable":true,"href":"https:\/\/roveyayinevi.com.tr\/index.php\/wp-json\/wp\/v2\/product_cat?post=738690"},{"taxonomy":"product_tag","embeddable":true,"href":"https:\/\/roveyayinevi.com.tr\/index.php\/wp-json\/wp\/v2\/product_tag?post=738690"}],"curies":[{"name":"wp","href":"https:\/\/api.w.org\/{rel}","templated":true}]}}