{"id":738689,"date":"2025-08-27T23:55:18","date_gmt":"2025-08-27T20:55:18","guid":{"rendered":"https:\/\/roveyayinevi.com.tr\/index.php\/urun\/felsefe-ve-psikoterapi\/"},"modified":"2026-04-16T02:48:51","modified_gmt":"2026-04-15T23:48:51","slug":"felsefe-ve-psikoterapi","status":"publish","type":"product","link":"https:\/\/roveyayinevi.com.tr\/index.php\/urun\/felsefe-ve-psikoterapi\/","title":{"rendered":"Felsefe ve Psikoterapi"},"content":{"rendered":"<p>FELSEFE, D\u00dc\u015e\u00dcNME \u00dcZER\u0130NE D\u00dc\u015e\u00dcNMEKT\u0130R. B\u0130L\u0130\u015eSEL TERAP\u0130 \u0130SE, DANI\u015eANIN, D\u00dc\u015e\u00dcNCELER\u0130N\u0130N \u00dcZER\u0130NE YEN\u0130DEN D\u00dc\u015e\u00dcNMES\u0130N\u0130 SA\u011eLAMAKTIR.   Eski Yunan d\u00fc\u015f\u00fcn\u00fcr\u00fc Sokrates, kendi g\u00f6r\u00fc\u015flerini ba\u015fkalar\u0131na benimsetmeye ya da kabul ettirmeye \u00e7al\u0131\u015fmak yerine, insanlar\u0131n kendi g\u00f6r\u00fc\u015flerinin mant\u0131ksal temellerini savunmalar\u0131n\u0131 sa\u011flamaya \u00e7al\u0131\u015f\u0131yordu. Sokratik sorgulama ad\u0131 verilen bu y\u00f6ntem, bili\u015fsel terapilerde s\u0131k\u00e7a kullan\u0131l\u0131r. Terapi, bir anlamda, felsefenin ger\u00e7ek ya\u015famda uygulanmas\u0131d\u0131r. Kan\u0131ta dayal\u0131 \u00e7a\u011fda\u015f bili\u015fsel davran\u0131\u015f\u00e7\u0131 terapiler, ak\u0131lc\u0131 d\u00fc\u015f\u00fcnerek sa\u011fl\u0131kl\u0131 duygular ya\u015famay\u0131 \u00f6nermi\u015fler; pozitif psikoloji yakla\u015f\u0131mlar\u0131 da, mutluluk ve esenli\u011fin gereklerini saptarken b\u00fcy\u00fck \u00f6l\u00e7\u00fcde felsefeden yararlanm\u0131\u015flard\u0131r. Prof. Dr. Ertu\u011frul K\u00f6ro\u011flu psikoterapi ve felsefenin i\u00e7 i\u00e7e ge\u00e7ti\u011fi bu kitapta, \u00e7a\u011fda\u015f psikoterapilerin, ak\u0131l y\u00fcr\u00fctme, erdem ve mutluluk anlay\u0131\u015f\u0131 kapsam\u0131nda felsefi g\u00f6r\u00fc\u015flerden nas\u0131l beslendi\u011fini anlat\u0131yor. Sokrates\u2019ten Kant\u2019a, Buda\u2019dan Nietzsche\u2019ye felsefe tarihinin \u00f6l\u00fcms\u00fcz filozoflar\u0131n\u0131n g\u00f6z\u00fcnden insan\u0131 ve hayat\u0131 nas\u0131l okuyaca\u011f\u0131m\u0131z\u0131 doyurucu bir \u015fekilde \u00f6zetliyor. <\/p>\n","protected":false},"excerpt":{"rendered":"<p>FELSEFE, D\u00dc\u015e\u00dcNME \u00dcZER\u0130NE D\u00dc\u015e\u00dcNMEKT\u0130R. B\u0130L\u0130\u015eSEL TERAP\u0130 \u0130SE, DANI\u015eANIN, D\u00dc\u015e\u00dcNCELER\u0130N\u0130N \u00dcZER\u0130NE YEN\u0130DEN D\u00dc\u015e\u00dcNMES\u0130N\u0130 SA\u011eLAMAKTIR. Eski Yunan d\u00fc\u015f\u00fcn\u00fcr\u00fc Sokrates, kendi g\u00f6r\u00fc\u015flerini ba\u015fkalar\u0131na benimsetmeye ya da kabul ettirmeye \u00e7al\u0131\u015fmak<span class=\"excerpt-hellip\"> [\u2026]<\/span><\/p>\n","protected":false},"featured_media":0,"template":"","meta":{"_monsterinsights_skip_tracking":false,"_monsterinsights_sitenote_active":false,"_monsterinsights_sitenote_note":"","_monsterinsights_sitenote_category":0},"product_brand":[],"product_cat":[12388,13555],"product_tag":[],"class_list":{"0":"post-738689","1":"product","2":"type-product","3":"status-publish","5":"product_cat-felsefe","6":"product_cat-genel-felsefe","7":"pa_cilt-ciltsiz","8":"pa_tur-kitap","9":"pa_yayinevi-destek-yayinlari","10":"pa_yazar-ertugrul-koroglu","12":"first","13":"instock","14":"sale","15":"shipping-taxable","16":"purchasable","17":"product-type-simple"},"_links":{"self":[{"href":"https:\/\/roveyayinevi.com.tr\/index.php\/wp-json\/wp\/v2\/product\/738689","targetHints":{"allow":["GET"]}}],"collection":[{"href":"https:\/\/roveyayinevi.com.tr\/index.php\/wp-json\/wp\/v2\/product"}],"about":[{"href":"https:\/\/roveyayinevi.com.tr\/index.php\/wp-json\/wp\/v2\/types\/product"}],"wp:attachment":[{"href":"https:\/\/roveyayinevi.com.tr\/index.php\/wp-json\/wp\/v2\/media?parent=738689"}],"wp:term":[{"taxonomy":"product_brand","embeddable":true,"href":"https:\/\/roveyayinevi.com.tr\/index.php\/wp-json\/wp\/v2\/product_brand?post=738689"},{"taxonomy":"product_cat","embeddable":true,"href":"https:\/\/roveyayinevi.com.tr\/index.php\/wp-json\/wp\/v2\/product_cat?post=738689"},{"taxonomy":"product_tag","embeddable":true,"href":"https:\/\/roveyayinevi.com.tr\/index.php\/wp-json\/wp\/v2\/product_tag?post=738689"}],"curies":[{"name":"wp","href":"https:\/\/api.w.org\/{rel}","templated":true}]}}