{"id":738675,"date":"2025-08-27T23:55:02","date_gmt":"2025-08-27T20:55:02","guid":{"rendered":"https:\/\/roveyayinevi.com.tr\/index.php\/urun\/golge-3\/"},"modified":"2026-04-16T02:48:50","modified_gmt":"2026-04-15T23:48:50","slug":"golge-3","status":"publish","type":"product","link":"https:\/\/roveyayinevi.com.tr\/index.php\/urun\/golge-3\/","title":{"rendered":"G\u00f6lge"},"content":{"rendered":"<p>G\u00f6lge &#8211; G\u00f6lge bir f\u0131s\u0131lt\u0131 duyar gibi oldu ama ne s\u00f6ylendi\u011fini tam anlayamad\u0131. \u201cEn az\u0131ndan Hi\u00e7bir \u015fey, hi\u00e7bir \u015feydir. Ben hi\u00e7bir \u015fey bile de\u011filim.\u201d dedi.\u00c7ocuklar i\u00e7in \u00f6d\u00fcll\u00fc \u00f6yk\u00fc kitaplar\u0131 serisi 10\u2019ar kitapl\u0131k 3 setten olu\u015fmaktad\u0131r. Seride, ba\u015fta Bologna \u00c7ocuk Kitaplar\u0131 Fuar\u0131 olmak \u00fczere, bir\u00e7ok uluslararas\u0131 kitap fuar\u0131nda \u00f6d\u00fcl alm\u0131\u015f kitaplar bulunmaktad\u0131r. Kitaplarda yer alan resimler ve \u00e7izimler, \u00e7ocuklar\u0131n g\u00f6rsel haf\u0131zalar\u0131n\u0131 ve analitik zekalar\u0131n\u0131 geli\u015ftirmeye yard\u0131mc\u0131d\u0131r. \u00c7ocuklar\u0131n okuma prati\u011fini geli\u015ftirmede de yard\u0131mc\u0131 olmas\u0131 a\u00e7\u0131s\u0131ndan, serideki kitaplar d\u00fcz yaz\u0131 ile haz\u0131rlanm\u0131\u015ft\u0131r. Her y\u0131l yeni kitaplar eklenmekte ve olu\u015fan yeni setlerle \u00f6d\u00fcll\u00fc \u00e7ocuk kitaplar\u0131 serisi daha da zenginle\u015fmektedir.<\/p>\n","protected":false},"excerpt":{"rendered":"<p>G\u00f6lge &#8211; G\u00f6lge bir f\u0131s\u0131lt\u0131 duyar gibi oldu ama ne s\u00f6ylendi\u011fini tam anlayamad\u0131. \u201cEn az\u0131ndan Hi\u00e7bir \u015fey, hi\u00e7bir \u015feydir. Ben hi\u00e7bir \u015fey bile de\u011filim.\u201d dedi.\u00c7ocuklar i\u00e7in<span class=\"excerpt-hellip\"> [\u2026]<\/span><\/p>\n","protected":false},"featured_media":0,"template":"","meta":{"_monsterinsights_skip_tracking":false,"_monsterinsights_sitenote_active":false,"_monsterinsights_sitenote_note":"","_monsterinsights_sitenote_category":0},"product_brand":[],"product_cat":[12274,12284],"product_tag":[],"class_list":{"0":"post-738675","1":"product","2":"type-product","3":"status-publish","5":"product_cat-cocuk-ve-genclik-kitaplari","6":"product_cat-hikayeler","7":"pa_cilt-ciltsiz","8":"pa_tur-kitap","9":"pa_yayinevi-odtu-gelistirme-vakfi-yayincilik","10":"pa_yazar-sousan-taghdis","12":"first","13":"instock","14":"sale","15":"shipping-taxable","16":"purchasable","17":"product-type-simple"},"_links":{"self":[{"href":"https:\/\/roveyayinevi.com.tr\/index.php\/wp-json\/wp\/v2\/product\/738675","targetHints":{"allow":["GET"]}}],"collection":[{"href":"https:\/\/roveyayinevi.com.tr\/index.php\/wp-json\/wp\/v2\/product"}],"about":[{"href":"https:\/\/roveyayinevi.com.tr\/index.php\/wp-json\/wp\/v2\/types\/product"}],"wp:attachment":[{"href":"https:\/\/roveyayinevi.com.tr\/index.php\/wp-json\/wp\/v2\/media?parent=738675"}],"wp:term":[{"taxonomy":"product_brand","embeddable":true,"href":"https:\/\/roveyayinevi.com.tr\/index.php\/wp-json\/wp\/v2\/product_brand?post=738675"},{"taxonomy":"product_cat","embeddable":true,"href":"https:\/\/roveyayinevi.com.tr\/index.php\/wp-json\/wp\/v2\/product_cat?post=738675"},{"taxonomy":"product_tag","embeddable":true,"href":"https:\/\/roveyayinevi.com.tr\/index.php\/wp-json\/wp\/v2\/product_tag?post=738675"}],"curies":[{"name":"wp","href":"https:\/\/api.w.org\/{rel}","templated":true}]}}