{"id":738673,"date":"2025-08-27T23:54:59","date_gmt":"2025-08-27T20:54:59","guid":{"rendered":"https:\/\/roveyayinevi.com.tr\/index.php\/urun\/kor-baykus-6\/"},"modified":"2026-04-16T02:48:50","modified_gmt":"2026-04-15T23:48:50","slug":"kor-baykus-6","status":"publish","type":"product","link":"https:\/\/roveyayinevi.com.tr\/index.php\/urun\/kor-baykus-6\/","title":{"rendered":"K\u00f6r Bayku\u015f"},"content":{"rendered":"<p>\u201cYa\u015farken \u00e7\u00fcr\u00fcyor, yok oluyordum ve  bu his bana hi\u00e7 yabanc\u0131 gelmiyordu.\u201d Modern \u0130ran edebiyat\u0131n\u0131n kurucular\u0131ndan S\u00e2d\u0131k Hid\u00e2yet\u2019in 1936 y\u0131l\u0131nda yay\u0131mlanan K\u00f6r Bayku\u015f roman\u0131 yazar\u0131n ba\u015fyap\u0131t\u0131 olarak kabul edilir. K\u00f6r Bayku\u015f pek \u00e7ok dile \u00e7evrilip pek \u00e7ok yazar\u0131 etkilemeyi ba\u015farm\u0131\u015ft\u0131r. Sadece bir anl\u0131\u011f\u0131na g\u00f6r\u00fclen ve ger\u00e7ek mi yoksa hayal mi oldu\u011fu anla\u015f\u0131lmayan ho\u015f bir kad\u0131n, kahraman\u0131n\u0131n s\u0131radan hayat\u0131n\u0131 alt\u00fcst edecektir. \u0130simsiz kahraman tak\u0131nt\u0131larla, sanr\u0131larla, korkularla olu\u015fmu\u015f bir d\u00fcnya i\u00e7inde kendini yapayaln\u0131z bir halde bulacakt\u0131r. K\u00f6r Bayku\u015f okurlar\u0131 zaman ve mek\u00e2n\u0131n d\u0131\u015f\u0131nda ge\u00e7en bir hik\u00e2yeye s\u00fcr\u00fcklemeyi ba\u015faracak.   <\/p>\n","protected":false},"excerpt":{"rendered":"<p>\u201cYa\u015farken \u00e7\u00fcr\u00fcyor, yok oluyordum ve bu his bana hi\u00e7 yabanc\u0131 gelmiyordu.\u201d Modern \u0130ran edebiyat\u0131n\u0131n kurucular\u0131ndan S\u00e2d\u0131k Hid\u00e2yet\u2019in 1936 y\u0131l\u0131nda yay\u0131mlanan K\u00f6r Bayku\u015f roman\u0131 yazar\u0131n ba\u015fyap\u0131t\u0131 olarak<span class=\"excerpt-hellip\"> [\u2026]<\/span><\/p>\n","protected":false},"featured_media":0,"template":"","meta":{"_monsterinsights_skip_tracking":false,"_monsterinsights_sitenote_active":false,"_monsterinsights_sitenote_note":"","_monsterinsights_sitenote_category":0},"product_brand":[],"product_cat":[12291,12711],"product_tag":[],"class_list":{"0":"post-738673","1":"product","2":"type-product","3":"status-publish","5":"product_cat-edebiyat","6":"product_cat-roman-oyku","7":"pa_cilt-ciltsiz","8":"pa_tur-kitap","9":"pa_yayinevi-ren-kitap","10":"pa_yazar-sadik-hidayet","12":"first","13":"instock","14":"sale","15":"shipping-taxable","16":"purchasable","17":"product-type-simple"},"_links":{"self":[{"href":"https:\/\/roveyayinevi.com.tr\/index.php\/wp-json\/wp\/v2\/product\/738673","targetHints":{"allow":["GET"]}}],"collection":[{"href":"https:\/\/roveyayinevi.com.tr\/index.php\/wp-json\/wp\/v2\/product"}],"about":[{"href":"https:\/\/roveyayinevi.com.tr\/index.php\/wp-json\/wp\/v2\/types\/product"}],"wp:attachment":[{"href":"https:\/\/roveyayinevi.com.tr\/index.php\/wp-json\/wp\/v2\/media?parent=738673"}],"wp:term":[{"taxonomy":"product_brand","embeddable":true,"href":"https:\/\/roveyayinevi.com.tr\/index.php\/wp-json\/wp\/v2\/product_brand?post=738673"},{"taxonomy":"product_cat","embeddable":true,"href":"https:\/\/roveyayinevi.com.tr\/index.php\/wp-json\/wp\/v2\/product_cat?post=738673"},{"taxonomy":"product_tag","embeddable":true,"href":"https:\/\/roveyayinevi.com.tr\/index.php\/wp-json\/wp\/v2\/product_tag?post=738673"}],"curies":[{"name":"wp","href":"https:\/\/api.w.org\/{rel}","templated":true}]}}