{"id":738668,"date":"2025-08-27T23:54:53","date_gmt":"2025-08-27T20:54:53","guid":{"rendered":"https:\/\/roveyayinevi.com.tr\/index.php\/urun\/okulda-satranc-5-seviye-ustalasma\/"},"modified":"2026-04-16T02:48:50","modified_gmt":"2026-04-15T23:48:50","slug":"okulda-satranc-5-seviye-ustalasma","status":"publish","type":"product","link":"https:\/\/roveyayinevi.com.tr\/index.php\/urun\/okulda-satranc-5-seviye-ustalasma\/","title":{"rendered":"Okulda Satran\u00e7 5. Seviye Ustala\u015fma"},"content":{"rendered":"<p>Okulda Satran\u00e7 5. Seviye Ustala\u015fma Bu e\u011fitim seti; okul, merkez ve kul\u00fcplerdeki satran\u00e7 derslerinde kullan\u0131labilecek \u015fekilde haz\u0131rlanm\u0131\u015f, temel bir satran\u00e7 e\u011fitim program\u0131 ve m\u00fcfredat\u0131d\u0131r. 2008 y\u0131l\u0131ndan g\u00fcn\u00fcm\u00fcze kadar, ba\u015fta Kar\u015f\u0131yaka Satran\u00e7 Merkezi olmak \u00fczere bir\u00e7ok e\u011fitim kurumunda uygulanm\u0131\u015f ve ba\u015far\u0131l\u0131 sonu\u00e7lar elde edilmi\u015ftir. 5. Seviye Ustala\u015fma, Okulda Satran\u00e7 e\u011fitim setinin be\u015finci kitab\u0131d\u0131r. Kitapta 35 konuya yer verilmi\u015f olup konular belirli bir e\u011fitim s\u0131ras\u0131na g\u00f6re kurgulanm\u0131\u015ft\u0131r. \u0130\u00e7eri\u011finde; oyunortas\u0131, piyon yap\u0131lar\u0131, piyon yap\u0131s\u0131n\u0131n zay\u0131fl\u0131klar\u0131ndan yararlanan temel fedalar, baz\u0131 a\u00e7\u0131l\u0131\u015flar, oyunsonu gibi bu seviyede \u00f6\u011frenilmesi gereken konularla ilgili al\u0131\u015ft\u0131rmalar bulunmaktad\u0131r. Her konunun sonunda, \u00f6\u011frenciler, veliler ve \u00f6\u011fretmenler i\u00e7in haz\u0131rlanm\u0131\u015f sorulardan olu\u015fan De\u011ferlendirme ve g\u00f6zlem formu ile \u00f6\u011frencinin anlat\u0131lan konuyu kavray\u0131p kavramad\u0131\u011f\u0131n\u0131n takip edilebilmesi ama\u00e7lanm\u0131\u015ft\u0131r. Bu kitap sayesinde e\u011fitimci ve \u00f6\u011frenci, d\u00fczenli ve ger\u00e7ek\u00e7i bir e\u011fitim program\u0131n\u0131 takip ederek ders i\u015fleyebilecektir.<\/p>\n","protected":false},"excerpt":{"rendered":"<p>Okulda Satran\u00e7 5. Seviye Ustala\u015fma Bu e\u011fitim seti; okul, merkez ve kul\u00fcplerdeki satran\u00e7 derslerinde kullan\u0131labilecek \u015fekilde haz\u0131rlanm\u0131\u015f, temel bir satran\u00e7 e\u011fitim program\u0131 ve m\u00fcfredat\u0131d\u0131r. 2008 y\u0131l\u0131ndan<span class=\"excerpt-hellip\"> [\u2026]<\/span><\/p>\n","protected":false},"featured_media":0,"template":"","meta":{"_monsterinsights_skip_tracking":false,"_monsterinsights_sitenote_active":false,"_monsterinsights_sitenote_note":"","_monsterinsights_sitenote_category":0},"product_brand":[],"product_cat":[12274,24599],"product_tag":[],"class_list":{"0":"post-738668","1":"product","2":"type-product","3":"status-publish","5":"product_cat-cocuk-ve-genclik-kitaplari","6":"product_cat-zeka-gelisimi","7":"pa_cilt-ciltsiz","8":"pa_tur-kitap","9":"pa_yayinevi-odtu-gelistirme-vakfi-yayincilik","10":"pa_yazar-ozan-capan","12":"first","13":"instock","14":"sale","15":"shipping-taxable","16":"purchasable","17":"product-type-simple"},"_links":{"self":[{"href":"https:\/\/roveyayinevi.com.tr\/index.php\/wp-json\/wp\/v2\/product\/738668","targetHints":{"allow":["GET"]}}],"collection":[{"href":"https:\/\/roveyayinevi.com.tr\/index.php\/wp-json\/wp\/v2\/product"}],"about":[{"href":"https:\/\/roveyayinevi.com.tr\/index.php\/wp-json\/wp\/v2\/types\/product"}],"wp:attachment":[{"href":"https:\/\/roveyayinevi.com.tr\/index.php\/wp-json\/wp\/v2\/media?parent=738668"}],"wp:term":[{"taxonomy":"product_brand","embeddable":true,"href":"https:\/\/roveyayinevi.com.tr\/index.php\/wp-json\/wp\/v2\/product_brand?post=738668"},{"taxonomy":"product_cat","embeddable":true,"href":"https:\/\/roveyayinevi.com.tr\/index.php\/wp-json\/wp\/v2\/product_cat?post=738668"},{"taxonomy":"product_tag","embeddable":true,"href":"https:\/\/roveyayinevi.com.tr\/index.php\/wp-json\/wp\/v2\/product_tag?post=738668"}],"curies":[{"name":"wp","href":"https:\/\/api.w.org\/{rel}","templated":true}]}}