{"id":738667,"date":"2025-08-27T23:54:52","date_gmt":"2025-08-27T20:54:52","guid":{"rendered":"https:\/\/roveyayinevi.com.tr\/index.php\/urun\/hatun\/"},"modified":"2026-04-16T02:48:50","modified_gmt":"2026-04-15T23:48:50","slug":"hatun","status":"publish","type":"product","link":"https:\/\/roveyayinevi.com.tr\/index.php\/urun\/hatun\/","title":{"rendered":"Hatun"},"content":{"rendered":"<p>Musa Carullah&#8217;\u0131n elinizdeki bu eseri, kad\u0131n konusunda \u0130slam&#8217;\u0131n kendi \u00f6\u011fretileri ile gerek tarihte gerekse g\u00fcn\u00fcm\u00fcz M\u00fcsl\u00fcman toplumlar\u0131nda egemen olan telakki ve uygulamalar aras\u0131ndaki fark\u0131, \u00e7arp\u0131c\u0131 bir dille ifade etmeye \u00e7al\u0131\u015fan bir denemedir. Kad\u0131n\u0131n yarat\u0131l\u0131\u015f\u0131, aile nizam\u0131, nik\u00e2h, talak, \u00e7ok evlilik, kad\u0131n\u0131n \u015fahitli\u011fi, kad\u0131n\u0131n mirastan alaca\u011f\u0131 pay gibi pek \u00e7ok konuda, Kur&#8217;an merkezli, yepyeni pencereler aralad\u0131\u011f\u0131 gibi iki \u00f6nemli konuda, tart\u0131\u015fmalara yol a\u00e7acak, olduk\u00e7a iddial\u0131 d\u00fc\u015f\u00fcnceler de dile getirmektedir: Birisi \u0130slam&#8217;da kad\u0131n haklar\u0131 di\u011feri ise hicap felsefesidir.<\/p>\n","protected":false},"excerpt":{"rendered":"<p>Musa Carullah&#8217;\u0131n elinizdeki bu eseri, kad\u0131n konusunda \u0130slam&#8217;\u0131n kendi \u00f6\u011fretileri ile gerek tarihte gerekse g\u00fcn\u00fcm\u00fcz M\u00fcsl\u00fcman toplumlar\u0131nda egemen olan telakki ve uygulamalar aras\u0131ndaki fark\u0131, \u00e7arp\u0131c\u0131 bir<span class=\"excerpt-hellip\"> [\u2026]<\/span><\/p>\n","protected":false},"featured_media":0,"template":"","meta":{"_monsterinsights_skip_tracking":false,"_monsterinsights_sitenote_active":false,"_monsterinsights_sitenote_note":"","_monsterinsights_sitenote_category":0},"product_brand":[],"product_cat":[12718,12719],"product_tag":[],"class_list":{"0":"post-738667","1":"product","2":"type-product","3":"status-publish","5":"product_cat-din","6":"product_cat-islam","7":"pa_cilt-ciltsiz","8":"pa_tur-kitap","9":"pa_yayinevi-otto-yayinlari","10":"pa_yazar-musa-carullah","12":"first","13":"instock","14":"sale","15":"shipping-taxable","16":"purchasable","17":"product-type-simple"},"_links":{"self":[{"href":"https:\/\/roveyayinevi.com.tr\/index.php\/wp-json\/wp\/v2\/product\/738667","targetHints":{"allow":["GET"]}}],"collection":[{"href":"https:\/\/roveyayinevi.com.tr\/index.php\/wp-json\/wp\/v2\/product"}],"about":[{"href":"https:\/\/roveyayinevi.com.tr\/index.php\/wp-json\/wp\/v2\/types\/product"}],"wp:attachment":[{"href":"https:\/\/roveyayinevi.com.tr\/index.php\/wp-json\/wp\/v2\/media?parent=738667"}],"wp:term":[{"taxonomy":"product_brand","embeddable":true,"href":"https:\/\/roveyayinevi.com.tr\/index.php\/wp-json\/wp\/v2\/product_brand?post=738667"},{"taxonomy":"product_cat","embeddable":true,"href":"https:\/\/roveyayinevi.com.tr\/index.php\/wp-json\/wp\/v2\/product_cat?post=738667"},{"taxonomy":"product_tag","embeddable":true,"href":"https:\/\/roveyayinevi.com.tr\/index.php\/wp-json\/wp\/v2\/product_tag?post=738667"}],"curies":[{"name":"wp","href":"https:\/\/api.w.org\/{rel}","templated":true}]}}