{"id":738664,"date":"2025-08-27T23:54:50","date_gmt":"2025-08-27T20:54:50","guid":{"rendered":"https:\/\/roveyayinevi.com.tr\/index.php\/urun\/bir-cocuk-iskence-gormus-alti-yasindaki-bir-cocuk-ile-ona-elini-uzatan-muhtesem-ogretmenin-gercek-hikayesi\/"},"modified":"2025-12-30T10:50:48","modified_gmt":"2025-12-30T07:50:48","slug":"bir-cocuk-iskence-gormus-alti-yasindaki-bir-cocuk-ile-ona-elini-uzatan-muhtesem-ogretmenin-gercek-hikayesi","status":"publish","type":"product","link":"https:\/\/roveyayinevi.com.tr\/index.php\/urun\/bir-cocuk-iskence-gormus-alti-yasindaki-bir-cocuk-ile-ona-elini-uzatan-muhtesem-ogretmenin-gercek-hikayesi\/","title":{"rendered":"Bir \u00c7ocuk \u0130\u015fkence G\u00f6rm\u00fc\u015f Alt\u0131 Ya\u015f\u0131ndaki Bir \u00c7ocuk \u0130le Ona Elini Uzatan Muhte\u015fem \u00d6\u011fretmenin Ger\u00e7ek Hikayesi"},"content":{"rendered":"<p>&#8220;Hayden, \u00e7ocuklar aras\u0131nda ve kendi ile \u00f6\u011frencileri aras\u0131nda olu\u015fan dokunakl\u0131 ba\u011flar\u0131 anlatan iyi bir hikaye anlat\u0131c\u0131s\u0131.\u201d \u2014 Washington Post \u201cBu kitap, her sayfada sevginin g\u00fcc\u00fcn\u00fc ve hayat\u0131n esnekli\u011fini bir kez daha kan\u0131tl\u0131yor.\u201d \u2014 Los Angeles Times Alt\u0131 ya\u015f\u0131ndaki Sheila, hi\u00e7 konu\u015fmuyor ve hi\u00e7 a\u011flam\u0131yordu; g\u00f6zleri nefretle doluydu. Annesi taraf\u0131ndan bir otoyola terk edilen, alkolik babas\u0131 taraf\u0131ndan ihmal edilen Sheila, ba\u015fka bir \u00e7ocu\u011fa kar\u015f\u0131 ac\u0131mas\u0131z bir \u015fiddet eylemi ger\u00e7ekle\u015ftirdikten sonra \u00f6zel \u00e7ocuklar\u0131n oldu\u011fu bir s\u0131n\u0131fa yerle\u015ftirildi. Herkes, \u00f6\u011fretmen Torey Hayden d\u0131\u015f\u0131ndaki herkes, Sheila\u2019n\u0131n sonsuza dek kaybedilmi\u015f bir \u00e7ocuk oldu\u011funu s\u00f6yledi ancak Hayden, Sheila\u2019ya ula\u015fmak ve su\u00e7lanan \u00e7ocu\u011fu gizli kabusundan \u00e7\u0131karmak i\u00e7in sava\u015ft\u0131. \u00c7\u00fcnk\u00fc Sheila\u2019n\u0131n otistik \u00f6fkesinin alt\u0131ndaki deha k\u0131v\u0131lc\u0131m\u0131n\u0131 g\u00f6rd\u00fc. Birlikte harika bir yolculu\u011fa \u00e7\u0131kt\u0131lar: Bir \u00e7ocu\u011fun sevgiyle dolu bir d\u00fcnyay\u0131 ke\u015ffetme sevinciyle par\u0131ldayan ve gen\u00e7 bir \u00f6\u011fretmenin ilham veren cesareti ve ba\u011fl\u0131l\u0131\u011f\u0131yla s\u00fcrd\u00fcr\u00fclen bir yolculuk\u2026 \u00d6\u011fretmenli\u011fin ne kadar kutsal bir meslek oldu\u011funu kendi tecr\u00fcbesinden yola \u00e7\u0131karak anlatan Torey Hayden\u2019in i\u00e7inize i\u015fleyecek bu kitab\u0131n\u0131 okurken zaman zaman g\u00f6zya\u015flar\u0131n\u0131z\u0131 tutamayacak, \u00e7ocuklar\u0131n saf ve temiz kalplerindeki \u015fifay\u0131 g\u00f6recek ve bir felaketten nas\u0131l bir mucize do\u011fabilece\u011fine tan\u0131k olacaks\u0131n\u0131z. <\/p>\n","protected":false},"excerpt":{"rendered":"<p>&#8220;Hayden, \u00e7ocuklar aras\u0131nda ve kendi ile \u00f6\u011frencileri aras\u0131nda olu\u015fan dokunakl\u0131 ba\u011flar\u0131 anlatan iyi bir hikaye anlat\u0131c\u0131s\u0131.\u201d \u2014 Washington Post \u201cBu kitap, her sayfada sevginin g\u00fcc\u00fcn\u00fc ve<span class=\"excerpt-hellip\"> [\u2026]<\/span><\/p>\n","protected":false},"featured_media":0,"template":"","meta":{"_monsterinsights_skip_tracking":false,"_monsterinsights_sitenote_active":false,"_monsterinsights_sitenote_note":"","_monsterinsights_sitenote_category":0},"product_brand":[],"product_cat":[12358,12357],"product_tag":[],"class_list":{"0":"post-738664","1":"product","2":"type-product","3":"status-publish","5":"product_cat-genel-psikoloji","6":"product_cat-psikoloji","7":"pa_cilt-ciltsiz","8":"pa_tur-kitap","9":"pa_yayinevi-okuyan-us-yayin","10":"pa_yazar-okuyan-us-kolektif","12":"first","13":"instock","14":"sale","15":"shipping-taxable","16":"purchasable","17":"product-type-simple"},"_links":{"self":[{"href":"https:\/\/roveyayinevi.com.tr\/index.php\/wp-json\/wp\/v2\/product\/738664","targetHints":{"allow":["GET"]}}],"collection":[{"href":"https:\/\/roveyayinevi.com.tr\/index.php\/wp-json\/wp\/v2\/product"}],"about":[{"href":"https:\/\/roveyayinevi.com.tr\/index.php\/wp-json\/wp\/v2\/types\/product"}],"wp:attachment":[{"href":"https:\/\/roveyayinevi.com.tr\/index.php\/wp-json\/wp\/v2\/media?parent=738664"}],"wp:term":[{"taxonomy":"product_brand","embeddable":true,"href":"https:\/\/roveyayinevi.com.tr\/index.php\/wp-json\/wp\/v2\/product_brand?post=738664"},{"taxonomy":"product_cat","embeddable":true,"href":"https:\/\/roveyayinevi.com.tr\/index.php\/wp-json\/wp\/v2\/product_cat?post=738664"},{"taxonomy":"product_tag","embeddable":true,"href":"https:\/\/roveyayinevi.com.tr\/index.php\/wp-json\/wp\/v2\/product_tag?post=738664"}],"curies":[{"name":"wp","href":"https:\/\/api.w.org\/{rel}","templated":true}]}}