{"id":738662,"date":"2025-08-27T23:54:48","date_gmt":"2025-08-27T20:54:48","guid":{"rendered":"https:\/\/roveyayinevi.com.tr\/index.php\/urun\/bizim-filmlerimiz-onlarin-filmleri\/"},"modified":"2026-04-16T02:48:50","modified_gmt":"2026-04-15T23:48:50","slug":"bizim-filmlerimiz-onlarin-filmleri","status":"publish","type":"product","link":"https:\/\/roveyayinevi.com.tr\/index.php\/urun\/bizim-filmlerimiz-onlarin-filmleri\/","title":{"rendered":"Bizim Filmlerimiz Onlar\u0131n Filmleri"},"content":{"rendered":"<p>Ortalama Amerikan sinemas\u0131 bizimki i\u00e7in k\u00f6t\u00fc bir modeldir ve bunun nedeni ke\u015fke sadece bizimkinden \u00e7ok farkl\u0131 bir ya\u015fam \u015feklini tasvir etmesi olsayd\u0131. \u00c7\u00fcnk\u00fc standart bir Hollywood yap\u0131m\u0131n\u0131n karakterize \u00f6zelli\u011fi olan teknik cila, mevcut Hindistan ko\u015fullar\u0131 alt\u0131nda eri\u015filmesi imk\u00e2ns\u0131z bir d\u00fczeydedir. Hint sinemas\u0131n\u0131n bug\u00fcn ihtiyac\u0131 olan \u015fey daha \u00e7ok yald\u0131z de\u011fil, mecran\u0131n s\u0131n\u0131rlar\u0131n\u0131n daha g\u00fc\u00e7l\u00fc bir hayal g\u00fcc\u00fcyle, daha derin bir samimiyetle ve daha zekice de\u011ferlendirilmesidir. &#8230; Sinemam\u0131z\u0131n en \u00f6nemli eksi\u011fi biricik ve bariz \u015fekilde Hint olan bir bi\u00e7em ve s\u00f6yleyi\u015ftir, bir t\u00fcr sinema ikonografisidir. <\/p>\n","protected":false},"excerpt":{"rendered":"<p>Ortalama Amerikan sinemas\u0131 bizimki i\u00e7in k\u00f6t\u00fc bir modeldir ve bunun nedeni ke\u015fke sadece bizimkinden \u00e7ok farkl\u0131 bir ya\u015fam \u015feklini tasvir etmesi olsayd\u0131. \u00c7\u00fcnk\u00fc standart bir Hollywood<span class=\"excerpt-hellip\"> [\u2026]<\/span><\/p>\n","protected":false},"featured_media":0,"template":"","meta":{"_monsterinsights_skip_tracking":false,"_monsterinsights_sitenote_active":false,"_monsterinsights_sitenote_note":"","_monsterinsights_sitenote_category":0},"product_brand":[],"product_cat":[44608,12408],"product_tag":[],"class_list":{"0":"post-738662","1":"product","2":"type-product","3":"status-publish","5":"product_cat-diger-sanat","6":"product_cat-sanat","7":"pa_cilt-ciltsiz","8":"pa_tur-kitap","9":"pa_yayinevi-vakifbank-kultur-yayinlari","10":"pa_yazar-satyajit-ray","12":"first","13":"instock","14":"sale","15":"shipping-taxable","16":"purchasable","17":"product-type-simple"},"_links":{"self":[{"href":"https:\/\/roveyayinevi.com.tr\/index.php\/wp-json\/wp\/v2\/product\/738662","targetHints":{"allow":["GET"]}}],"collection":[{"href":"https:\/\/roveyayinevi.com.tr\/index.php\/wp-json\/wp\/v2\/product"}],"about":[{"href":"https:\/\/roveyayinevi.com.tr\/index.php\/wp-json\/wp\/v2\/types\/product"}],"wp:attachment":[{"href":"https:\/\/roveyayinevi.com.tr\/index.php\/wp-json\/wp\/v2\/media?parent=738662"}],"wp:term":[{"taxonomy":"product_brand","embeddable":true,"href":"https:\/\/roveyayinevi.com.tr\/index.php\/wp-json\/wp\/v2\/product_brand?post=738662"},{"taxonomy":"product_cat","embeddable":true,"href":"https:\/\/roveyayinevi.com.tr\/index.php\/wp-json\/wp\/v2\/product_cat?post=738662"},{"taxonomy":"product_tag","embeddable":true,"href":"https:\/\/roveyayinevi.com.tr\/index.php\/wp-json\/wp\/v2\/product_tag?post=738662"}],"curies":[{"name":"wp","href":"https:\/\/api.w.org\/{rel}","templated":true}]}}