{"id":738660,"date":"2025-08-27T23:54:46","date_gmt":"2025-08-27T20:54:46","guid":{"rendered":"https:\/\/roveyayinevi.com.tr\/index.php\/urun\/turkce-konusuyoruz-1-temel-duzey-a1-a2\/"},"modified":"2026-04-16T02:48:49","modified_gmt":"2026-04-15T23:48:49","slug":"turkce-konusuyoruz-1-temel-duzey-a1-a2","status":"publish","type":"product","link":"https:\/\/roveyayinevi.com.tr\/index.php\/urun\/turkce-konusuyoruz-1-temel-duzey-a1-a2\/","title":{"rendered":"T\u00fcrk\u00e7e Konu\u015fuyoruz-1 Temel D\u00fczey (A1-A2)"},"content":{"rendered":"<p>Genel olarak T\u00fcrk\u00e7eyi yabanc\u0131 dil olarak \u00f6\u011frenmeye \u00e7al\u0131\u015fan herkesi kapsamak ile birlikte, i\u00e7inde Arap\u00e7a \u00e7evirilerin olmas\u0131yla da \u00f6zellikle ana dili Arap\u00e7a olanlar\u0131n en \u00e7ok istifade edece\u011fi bir konu\u015fma k\u0131lavuzu. Ayr\u0131ca Irak, Suriye, Filistin, M\u0131s\u0131r ve L\u00fcbnan gibi \u00fclkelerde resmi dilin Arap\u00e7a olup evinde Ana dil olarak T\u00fcrk\u00e7eyi muhtelif aksanlar\u0131yla konu\u015fan T\u00fcrk soylular\u0131n, T\u00fcrkiye T\u00fcrk\u00e7esini \u00f6\u011frenirlerken, konu\u015fma becerilerini geli\u015ftirme bab\u0131nda en \u00e7ok yararlanacaklar\u0131 bir \u00e7al\u0131\u015fmad\u0131r. <\/p>\n","protected":false},"excerpt":{"rendered":"<p>Genel olarak T\u00fcrk\u00e7eyi yabanc\u0131 dil olarak \u00f6\u011frenmeye \u00e7al\u0131\u015fan herkesi kapsamak ile birlikte, i\u00e7inde Arap\u00e7a \u00e7evirilerin olmas\u0131yla da \u00f6zellikle ana dili Arap\u00e7a olanlar\u0131n en \u00e7ok istifade edece\u011fi<span class=\"excerpt-hellip\"> [\u2026]<\/span><\/p>\n","protected":false},"featured_media":0,"template":"","meta":{"_monsterinsights_skip_tracking":false,"_monsterinsights_sitenote_active":false,"_monsterinsights_sitenote_note":"","_monsterinsights_sitenote_category":0},"product_brand":[],"product_cat":[14597,12566],"product_tag":[],"class_list":{"0":"post-738660","1":"product","2":"type-product","3":"status-publish","5":"product_cat-dil-ogrenimi","6":"product_cat-egitim","7":"pa_cilt-ciltsiz","8":"pa_tur-kitap","9":"pa_yayinevi-altinordu-yayinlari","10":"pa_yazar-ibrahim-dogukan-demirel","12":"first","13":"instock","14":"sale","15":"shipping-taxable","16":"purchasable","17":"product-type-simple"},"_links":{"self":[{"href":"https:\/\/roveyayinevi.com.tr\/index.php\/wp-json\/wp\/v2\/product\/738660","targetHints":{"allow":["GET"]}}],"collection":[{"href":"https:\/\/roveyayinevi.com.tr\/index.php\/wp-json\/wp\/v2\/product"}],"about":[{"href":"https:\/\/roveyayinevi.com.tr\/index.php\/wp-json\/wp\/v2\/types\/product"}],"wp:attachment":[{"href":"https:\/\/roveyayinevi.com.tr\/index.php\/wp-json\/wp\/v2\/media?parent=738660"}],"wp:term":[{"taxonomy":"product_brand","embeddable":true,"href":"https:\/\/roveyayinevi.com.tr\/index.php\/wp-json\/wp\/v2\/product_brand?post=738660"},{"taxonomy":"product_cat","embeddable":true,"href":"https:\/\/roveyayinevi.com.tr\/index.php\/wp-json\/wp\/v2\/product_cat?post=738660"},{"taxonomy":"product_tag","embeddable":true,"href":"https:\/\/roveyayinevi.com.tr\/index.php\/wp-json\/wp\/v2\/product_tag?post=738660"}],"curies":[{"name":"wp","href":"https:\/\/api.w.org\/{rel}","templated":true}]}}