{"id":738658,"date":"2025-08-27T23:54:44","date_gmt":"2025-08-27T20:54:44","guid":{"rendered":"https:\/\/roveyayinevi.com.tr\/index.php\/urun\/sevdaya-zanli-siirler\/"},"modified":"2026-04-16T02:48:49","modified_gmt":"2026-04-15T23:48:49","slug":"sevdaya-zanli-siirler","status":"publish","type":"product","link":"https:\/\/roveyayinevi.com.tr\/index.php\/urun\/sevdaya-zanli-siirler\/","title":{"rendered":"Sevdaya Zan\u2019l\u0131 \u015eiirler"},"content":{"rendered":"<p>c\u201cY\u00fck\u00fcm\u00fcz a\u011f\u0131rd\u0131r bizim, Nefsimiz sa\u011f\u0131rd\u0131r bizim, A\u015fktan yana dert \u00e7ekersek Derdimiz u\u011furdur bizim! \u201c   Y\u00fck\u00fcm\u00fcz yamand\u0131r bizim, G\u00fcc\u00fcm\u00fcz imand\u0131r bizim A\u015fktan gelen ba\u015f \u00fcst\u00fcne Y\u00e2rimiz zamand\u0131r bizim!   A\u015fkt\u0131r o! \u0130ki nefes aras\u0131 hayatta; iman ile ihsan ile ve vicdan ile yol ald\u0131\u011f\u0131m uzun ama serin bir yolculuk. Hayat\u0131m yazd\u0131klar\u0131mda sakl\u0131! Ben Cahit S\u0131tk\u0131\u2019n\u0131n \u015fiirinde ki Abbas\u2019\u0131m! Hayalo\u011flu\u2019nun \u015fiirinde ki R\u0131za\u2019y\u0131m. Ben, beni anlayanlara g\u00f6re bir yolcu,  anlamak istemeyenlere g\u00f6re ar\u0131zay\u0131m.   Buyurun ar\u0131zalar\u0131m\u0131 okuyal\u0131m!   Yolunda a\u015fk olanlara selam olsun&#8230;   SEVDAZAN <\/p>\n","protected":false},"excerpt":{"rendered":"<p>c\u201cY\u00fck\u00fcm\u00fcz a\u011f\u0131rd\u0131r bizim, Nefsimiz sa\u011f\u0131rd\u0131r bizim, A\u015fktan yana dert \u00e7ekersek Derdimiz u\u011furdur bizim! \u201c Y\u00fck\u00fcm\u00fcz yamand\u0131r bizim, G\u00fcc\u00fcm\u00fcz imand\u0131r bizim A\u015fktan gelen ba\u015f \u00fcst\u00fcne Y\u00e2rimiz zamand\u0131r<span class=\"excerpt-hellip\"> [\u2026]<\/span><\/p>\n","protected":false},"featured_media":0,"template":"","meta":{"_monsterinsights_skip_tracking":false,"_monsterinsights_sitenote_active":false,"_monsterinsights_sitenote_note":"","_monsterinsights_sitenote_category":0},"product_brand":[],"product_cat":[12291,12509],"product_tag":[],"class_list":{"0":"post-738658","1":"product","2":"type-product","3":"status-publish","5":"product_cat-edebiyat","6":"product_cat-siir","7":"pa_cilt-ciltsiz","8":"pa_tur-kitap","9":"pa_yayinevi-gulnar-yayinlari","10":"pa_yazar-mustafa-celebi-cetinkaya","12":"first","13":"instock","14":"sale","15":"shipping-taxable","16":"purchasable","17":"product-type-simple"},"_links":{"self":[{"href":"https:\/\/roveyayinevi.com.tr\/index.php\/wp-json\/wp\/v2\/product\/738658","targetHints":{"allow":["GET"]}}],"collection":[{"href":"https:\/\/roveyayinevi.com.tr\/index.php\/wp-json\/wp\/v2\/product"}],"about":[{"href":"https:\/\/roveyayinevi.com.tr\/index.php\/wp-json\/wp\/v2\/types\/product"}],"wp:attachment":[{"href":"https:\/\/roveyayinevi.com.tr\/index.php\/wp-json\/wp\/v2\/media?parent=738658"}],"wp:term":[{"taxonomy":"product_brand","embeddable":true,"href":"https:\/\/roveyayinevi.com.tr\/index.php\/wp-json\/wp\/v2\/product_brand?post=738658"},{"taxonomy":"product_cat","embeddable":true,"href":"https:\/\/roveyayinevi.com.tr\/index.php\/wp-json\/wp\/v2\/product_cat?post=738658"},{"taxonomy":"product_tag","embeddable":true,"href":"https:\/\/roveyayinevi.com.tr\/index.php\/wp-json\/wp\/v2\/product_tag?post=738658"}],"curies":[{"name":"wp","href":"https:\/\/api.w.org\/{rel}","templated":true}]}}