{"id":738657,"date":"2025-08-27T23:54:43","date_gmt":"2025-08-27T20:54:43","guid":{"rendered":"https:\/\/roveyayinevi.com.tr\/index.php\/urun\/cocuklar-icin-felsefe-40-eglenceli-soru\/"},"modified":"2026-04-16T02:48:49","modified_gmt":"2026-04-15T23:48:49","slug":"cocuklar-icin-felsefe-40-eglenceli-soru","status":"publish","type":"product","link":"https:\/\/roveyayinevi.com.tr\/index.php\/urun\/cocuklar-icin-felsefe-40-eglenceli-soru\/","title":{"rendered":"\u00c7ocuklar \u0130\u00e7in Felsefe, 40 E\u011flenceli Soru"},"content":{"rendered":"<p>\u201cZaman nedir?\u201d, \u201cKimin arkada\u015f\u0131n\u0131z oldu\u011funu nas\u0131l anlars\u0131n\u0131z?\u201d, \u201cBe\u015f y\u0131l \u00f6nceki sizle \u015fimdiki siz ayn\u0131 ki\u015fi misiniz?\u201d, \u201cMant\u0131kl\u0131 bir \u015fey ayn\u0131 zamanda anlams\u0131z olabilir mi?\u201d Bunlara benzer sorular\u0131n cevaplar\u0131n\u0131 merak ediyorsan\u0131z filozof olma yoluna girmi\u015f say\u0131l\u0131rs\u0131n\u0131z!\u00c7ocuklar \u0130\u00e7in Felsefe, 10 ya\u015f \u00fczeri gen\u00e7 insanlara felsefenin harikalar diyar\u0131n\u0131 tan\u0131tmay\u0131 ama\u00e7l\u0131yor. Kitapta yer alan, De\u011ferler, Bilgi, Ger\u00e7ek ve Sorgulay\u0131c\u0131 D\u00fc\u015f\u00fcnme ba\u015fl\u0131klar\u0131 alt\u0131ndaki k\u0131rk soru; \u00e7ocuklar\u0131, Antik Yunan \u00c7a\u011f\u0131\u2019ndan g\u00fcn\u00fcm\u00fcze filozoflar\u0131n \u00fczerinde \u00e7al\u0131\u015ft\u0131\u011f\u0131 sorular hakk\u0131nda d\u00fc\u015f\u00fcnmeye \u00e7a\u011f\u0131r\u0131yor.Her bir soru, \u00e7ocuklar\u0131n felsefi i\u00e7erikleri ve kavramlar\u0131 anlamas\u0131 ve ayn\u0131 zamanda s\u0131k\u0131lmadan iyi vakit ge\u00e7irmesi i\u00e7in e\u011flenceli etkinlikler i\u00e7eriyor.Y\u0131llard\u0131r \u00e7ocuklara felsefe \u00f6\u011freten, \u00fcniversitelerde felsefe e\u011fitimi veren bir akademisyen taraf\u0131ndan yaz\u0131lm\u0131\u015f olan bu kitap, \u00e7ocuklar\u0131n kendi ba\u015flar\u0131na ya da \u00f6\u011fretmenleri e\u015fli\u011finde s\u0131n\u0131fta kullanmalar\u0131 i\u00e7in tasarlanm\u0131\u015ft\u0131r.Her soru i\u00e7in \u00f6\u011fretmenlere ipu\u00e7lar\u0131 veren bu kitapta, felsefe konusunda yaz\u0131l\u0131 kaynaklar\u0131 da bulabilirsiniz.<\/p>\n","protected":false},"excerpt":{"rendered":"<p>\u201cZaman nedir?\u201d, \u201cKimin arkada\u015f\u0131n\u0131z oldu\u011funu nas\u0131l anlars\u0131n\u0131z?\u201d, \u201cBe\u015f y\u0131l \u00f6nceki sizle \u015fimdiki siz ayn\u0131 ki\u015fi misiniz?\u201d, \u201cMant\u0131kl\u0131 bir \u015fey ayn\u0131 zamanda anlams\u0131z olabilir mi?\u201d Bunlara benzer<span class=\"excerpt-hellip\"> [\u2026]<\/span><\/p>\n","protected":false},"featured_media":0,"template":"","meta":{"_monsterinsights_skip_tracking":false,"_monsterinsights_sitenote_active":false,"_monsterinsights_sitenote_note":"","_monsterinsights_sitenote_category":0},"product_brand":[],"product_cat":[12389,12388],"product_tag":[],"class_list":{"0":"post-738657","1":"product","2":"type-product","3":"status-publish","5":"product_cat-diger-felsefe","6":"product_cat-felsefe","7":"pa_cilt-ciltsiz","8":"pa_tur-kitap","9":"pa_yayinevi-odtu-gelistirme-vakfi-yayincilik","10":"pa_yazar-david-a-white","12":"first","13":"instock","14":"sale","15":"shipping-taxable","16":"purchasable","17":"product-type-simple"},"_links":{"self":[{"href":"https:\/\/roveyayinevi.com.tr\/index.php\/wp-json\/wp\/v2\/product\/738657","targetHints":{"allow":["GET"]}}],"collection":[{"href":"https:\/\/roveyayinevi.com.tr\/index.php\/wp-json\/wp\/v2\/product"}],"about":[{"href":"https:\/\/roveyayinevi.com.tr\/index.php\/wp-json\/wp\/v2\/types\/product"}],"wp:attachment":[{"href":"https:\/\/roveyayinevi.com.tr\/index.php\/wp-json\/wp\/v2\/media?parent=738657"}],"wp:term":[{"taxonomy":"product_brand","embeddable":true,"href":"https:\/\/roveyayinevi.com.tr\/index.php\/wp-json\/wp\/v2\/product_brand?post=738657"},{"taxonomy":"product_cat","embeddable":true,"href":"https:\/\/roveyayinevi.com.tr\/index.php\/wp-json\/wp\/v2\/product_cat?post=738657"},{"taxonomy":"product_tag","embeddable":true,"href":"https:\/\/roveyayinevi.com.tr\/index.php\/wp-json\/wp\/v2\/product_tag?post=738657"}],"curies":[{"name":"wp","href":"https:\/\/api.w.org\/{rel}","templated":true}]}}