{"id":738656,"date":"2025-08-27T23:54:42","date_gmt":"2025-08-27T20:54:42","guid":{"rendered":"https:\/\/roveyayinevi.com.tr\/index.php\/urun\/dunyanin-son-yumurtasi\/"},"modified":"2026-04-16T02:48:49","modified_gmt":"2026-04-15T23:48:49","slug":"dunyanin-son-yumurtasi","status":"publish","type":"product","link":"https:\/\/roveyayinevi.com.tr\/index.php\/urun\/dunyanin-son-yumurtasi\/","title":{"rendered":"D\u00fcnyan\u0131n Son Yumurtas\u0131"},"content":{"rendered":"<p>Usta yazar Ahmet \u00d6nel\u2019den, kendi ellerimizle b\u00fcy\u00fctt\u00fc\u011f\u00fcm\u00fcz biricik mutluluklar\u0131m\u0131z ve ak\u0131p giden g\u00fcnlerin i\u00e7indeki g\u00fczellikler i\u00e7in de\u011ferli bir hat\u0131rlatma. I\u015f\u0131l \u0131\u015f\u0131l k\u00fc\u00e7\u00fck sevin\u00e7lerden yap\u0131lma bir masal\u2026   Bahtiyar amca, ye\u015filin i\u00e7indeki minicik evinde yaln\u0131z ya\u015famaktad\u0131r. Bir sabah, a\u00e7 karn\u0131n\u0131n sesini dinleyip mutfa\u011fa y\u00f6nelir ancak orada ba\u015fka bir ses daha duyar. Bombo\u015f buzdolab\u0131ndan \u00e7\u0131kard\u0131\u011f\u0131 son yumurta ona seslenmektedir. \u00dcstelik iddias\u0131na g\u00f6re kendisi, d\u00fcnya \u00fczerindeki son yumurtad\u0131r. \u00d6yleyse onu k\u0131r\u0131p omlet yapmak olur mu hi\u00e7?   Bahtiyar amcan\u0131n g\u00fcnleri yeni bir dostla \u015fenlenmi\u015ftir art\u0131k. En tatl\u0131 sohbetler, keyifli mi keyifli gezintiler her g\u00fcn onlar\u0131 bekler. Derken ummad\u0131klar\u0131 bir \u015fey olur\u2026   K\u0130TAPTAN Bahtiyar amca \u00e7al\u0131\u015fma odas\u0131na dalm\u0131\u015f, \u015fu boya kutusunun kapa\u011f\u0131n\u0131 bir kez daha a\u00e7m\u0131\u015f, ince f\u0131r\u00e7alar\u0131na dokunmu\u015f.   \u201cHadi bakal\u0131m k\u00fc\u00e7\u00fck dostlar\u0131m\u201d diye seslenmi\u015f onlara. \u201cG\u00fczel bir u\u011fra\u015f \u015fimdi bizleri bekliyor.\u201d   Ard\u0131ndan hararetli bir \u00e7al\u0131\u015fma ba\u015flam\u0131\u015f. Ayn\u0131 zamanda \u00f6zen ve dikkat isteyen bir \u00e7al\u0131\u015fmaym\u0131\u015f bu. Aradan uzun bir s\u00fcre ge\u00e7mi\u015f ve\u2026 Evet, art\u0131k Yumurcan\u2019\u0131n d\u00fcnyaya p\u0131r\u0131l p\u0131r\u0131l bakan bir \u00e7ift g\u00f6z\u00fc varm\u0131\u015f. Elbette bir de g\u00fcl\u00fcmsedi\u011fi zaman t\u00fcm y\u00fcz\u00fcne yay\u0131lan o kocaman a\u011fz\u0131. \u201cBurnum da pek \u015firin olmu\u015f\u201d demi\u015f Yumurcan.   \u201cOnu istedi\u011fin gibi k\u00fc\u00e7\u00fcc\u00fck yapt\u0131m Yumurcan.\u201d   \u201cK\u00fc\u00e7\u00fck ama b\u00fct\u00fcn \u00e7i\u00e7eklerin kokusunu alabiliyorum\u201d demi\u015f Yumurcan. Bahtiyar amcaya te\u015fekk\u00fcr etmi\u015f.   Eh, bu \u00f6nemli sorun da \u00e7\u00f6z\u00fcld\u00fc\u011f\u00fcne g\u00f6re iki dostun e\u011flenceli ya\u015fam\u0131 ba\u015flayabilir, ne dersiniz? \u201cNas\u0131l e\u011flenecekler?\u201d diye sordu\u011funuzu duyar gibiyim. Birlikte gezip dola\u015facaklar, sohbet edecekler, ba\u015fka canl\u0131larla selamla\u015facak, sokak aralar\u0131nda oyunlar oynayan \u00e7ocuklar\u0131 seyredecekler. Az bir e\u011flence mi b\u00fct\u00fcn bunlar? Bahtiyar amca bunlar\u0131 s\u00f6ylemi\u015f Yumurcan\u2019a. Yumurcan da \u00e7ok sevinmi\u015f elbette. *** G\u00fcnl\u00fck gezilerini birlikte yap\u0131yorlar, kom\u015fu bah\u00e7elerdeki de\u011fi\u015fiklikleri yine birlikte g\u00f6zlemliyorlarm\u0131\u015f. \u201c\u015eu ceviz a\u011fac\u0131n\u0131 g\u00f6rd\u00fcn m\u00fc?\u201d diyormu\u015f Bahtiyar amca \u00f6rne\u011fin. \u201cSon bir iki g\u00fcn i\u00e7inde nas\u0131l da ye\u015fillere b\u00fcr\u00fcnd\u00fc! Dallar\u0131n\u0131 nas\u0131l da yaprak bast\u0131\u2026\u201d Yumurcan onun g\u00f6sterdi\u011fi a\u011faca merakla bak\u0131yor, arkada\u015f\u0131n\u0131n fark etti\u011fi bu de\u011fi\u015fimden haberdar olamad\u0131\u011f\u0131 i\u00e7in kendisine k\u0131z\u0131yormu\u015f. \u201c\u00c7evremize daha dikkatli bakmal\u0131y\u0131z anla\u015f\u0131lan\u201d diye d\u00fc\u015f\u00fcn\u00fcyormu\u015f \u015fimdi. G\u00f6zlem dikkat gerektirir. Sevdi\u011fimiz her \u015feyde ger\u00e7ekle\u015fen de\u011fi\u015fimin fark\u0131nda olmak, onu \u00f6nemsedi\u011fimizin de bir g\u00f6stergesidir.   Yazar Hakk\u0131nda: Yazar\u0131m\u0131z 1952 y\u0131l\u0131nda G\u00f6rele\u2019de do\u011fdu. \u00dcniversiteyi Ankara\u2019da, Siyasal Bilgiler Fak\u00fcltesinde okudu. \u00c7ocuklar\u0131 o kadar \u00e7ok seviyordu ki onlar i\u00e7in bir \u015feyler yapmak istedi. \u00dcniversiteyi bitirir bitirmez arkada\u015flar\u0131yla Ankara \u00c7ocuk Tiyatrosunu kurdu. Yazd\u0131\u011f\u0131 birbirinden g\u00fczel \u00e7ocuk oyunlar\u0131 \u00f6d\u00fcller ald\u0131. Becerikli Kanguru, Alacal\u0131 \u015eemsiye, M\u0131z\u0131k\u00e7\u0131, Ay Masal Vay Masal, Say\u0131m Suyum Yok, \u015eark\u0131yla Sallanan Sal\u0131ncak, Pembe Treni Kim Durdursun, \u00dc\u00e7 \u015eekerli Oyun, U\u00e7mak \u00d6zg\u00fcrl\u00fckt\u00fcr oyunlar\u0131yla \u00e7ocuklar\u0131n kalbinde taht kurdu. Sadece \u00e7ocuklar\u0131n m\u0131, b\u00fcy\u00fcklerin de \u00f6yle. \u00c7aylaklar, K\u00e2\u015fif-i Eyvah Nadir Efendi, Sevgili Tiyatro, Akl\u0131 Havada, Ho\u015f\u00e7a Kal \u0130stanbul yeti\u015fkinler i\u00e7in yazd\u0131\u011f\u0131 oyunlar\u0131ndan yaln\u0131zca birka\u00e7\u0131.   Ahmet \u00d6nel, varsa yoksa \u00e7ocuklar diyerek onlar i\u00e7in \u00f6yk\u00fc ve romanlar da kaleme ald\u0131. Sevgili G\u00fcnl\u00fck \u00d6yk\u00fc Anlat\u0131yor, \u00c7\u0131plak Zebra, Ezgimizi Kim \u00c7ald\u0131, Tav\u015fan Adas\u0131\u2019n\u0131n Sihirbaz\u0131, Sahi mi Susam, G\u00fcnle Yar\u0131\u015fan Yar\u0131\u015f\u00e7\u0131, Hezarfen adl\u0131 kitaplar\u0131 ilk akla gelenler aras\u0131nda. K\u00fc\u00e7\u00fck ve g\u00fczel sahil kasabas\u0131 Fo\u00e7a\u2019da ya\u015fayan yazar\u0131m\u0131z h\u00e2l\u00e2 hem \u00e7ocuklar hem de b\u00fcy\u00fckler i\u00e7in oynat\u0131yor kalemini. www.ahmetonel.com <\/p>\n","protected":false},"excerpt":{"rendered":"<p>Usta yazar Ahmet \u00d6nel\u2019den, kendi ellerimizle b\u00fcy\u00fctt\u00fc\u011f\u00fcm\u00fcz biricik mutluluklar\u0131m\u0131z ve ak\u0131p giden g\u00fcnlerin i\u00e7indeki g\u00fczellikler i\u00e7in de\u011ferli bir hat\u0131rlatma. I\u015f\u0131l \u0131\u015f\u0131l k\u00fc\u00e7\u00fck sevin\u00e7lerden yap\u0131lma bir masal\u2026<span class=\"excerpt-hellip\"> [\u2026]<\/span><\/p>\n","protected":false},"featured_media":0,"template":"","meta":{"_monsterinsights_skip_tracking":false,"_monsterinsights_sitenote_active":false,"_monsterinsights_sitenote_note":"","_monsterinsights_sitenote_category":0},"product_brand":[],"product_cat":[12274,12523],"product_tag":[],"class_list":{"0":"post-738656","1":"product","2":"type-product","3":"status-publish","5":"product_cat-cocuk-ve-genclik-kitaplari","6":"product_cat-masallar","7":"pa_cilt-ciltsiz","8":"pa_tur-kitap","9":"pa_yayinevi-elma-cocuk","10":"pa_yazar-ahmet-onel","12":"first","13":"instock","14":"sale","15":"shipping-taxable","16":"purchasable","17":"product-type-simple"},"_links":{"self":[{"href":"https:\/\/roveyayinevi.com.tr\/index.php\/wp-json\/wp\/v2\/product\/738656","targetHints":{"allow":["GET"]}}],"collection":[{"href":"https:\/\/roveyayinevi.com.tr\/index.php\/wp-json\/wp\/v2\/product"}],"about":[{"href":"https:\/\/roveyayinevi.com.tr\/index.php\/wp-json\/wp\/v2\/types\/product"}],"wp:attachment":[{"href":"https:\/\/roveyayinevi.com.tr\/index.php\/wp-json\/wp\/v2\/media?parent=738656"}],"wp:term":[{"taxonomy":"product_brand","embeddable":true,"href":"https:\/\/roveyayinevi.com.tr\/index.php\/wp-json\/wp\/v2\/product_brand?post=738656"},{"taxonomy":"product_cat","embeddable":true,"href":"https:\/\/roveyayinevi.com.tr\/index.php\/wp-json\/wp\/v2\/product_cat?post=738656"},{"taxonomy":"product_tag","embeddable":true,"href":"https:\/\/roveyayinevi.com.tr\/index.php\/wp-json\/wp\/v2\/product_tag?post=738656"}],"curies":[{"name":"wp","href":"https:\/\/api.w.org\/{rel}","templated":true}]}}