{"id":738655,"date":"2025-08-27T23:54:40","date_gmt":"2025-08-27T20:54:40","guid":{"rendered":"https:\/\/roveyayinevi.com.tr\/index.php\/urun\/fil-2\/"},"modified":"2026-04-16T02:48:49","modified_gmt":"2026-04-15T23:48:49","slug":"fil-2","status":"publish","type":"product","link":"https:\/\/roveyayinevi.com.tr\/index.php\/urun\/fil-2\/","title":{"rendered":"Fil"},"content":{"rendered":"<p>Jenni Desmond; bir\u00e7ok \u00f6d\u00fcl alm\u0131\u015f, resimli \u00e7ocuk kitab\u0131 yarat\u0131c\u0131s\u0131d\u0131r ve Londra\u2019daki st\u00fcdyosunda \u00e7al\u0131\u015fmaktad\u0131r. 2016\u2019da Maurice Sendak Bursu i\u00e7in davet edilmi\u015f ve bir ay\u0131n\u0131 Upstate New York\u2019ta, yazar ve \u00e7izer Maurice Sendak\u2019\u0131n eserleri \u00fczerine \u00e7al\u0131\u015farak ge\u00e7irmi\u015ftir.Fil, Desmond\u2019\u0131n nesli t\u00fckenmekte olan dev c\u00fcsseli hayvanlar \u00fczerine yapt\u0131\u011f\u0131 serinin \u00fc\u00e7\u00fcnc\u00fc kitab\u0131d\u0131r. Serinin di\u011fer kitaplar\u0131 Mavi Balina ve Kutup Ay\u0131s\u0131\u2019d\u0131r. Kutup Ay\u0131s\u0131, 2016 y\u0131l\u0131nda New York Times taraf\u0131ndan en iyi 10 resimli kitap aras\u0131na se\u00e7ilmi\u015ftir. Filler, milyonlarca y\u0131l boyunca D\u00fcnya \u00fczerindeki varl\u0131klar\u0131n\u0131 s\u00fcrd\u00fcrm\u00fc\u015flerdir. Ancak ne yaz\u0131k ki yaln\u0131zca 2 t\u00fcr\u00fc g\u00fcn\u00fcm\u00fcze kadar kalabilmi\u015ftir: Afrika fili ve Asya fili.Asya ve Afrika filleri, belirgin bir \u015fekilde birbirlerinden farkl\u0131 olsalar da bu koca g\u00f6vdeli, zeki hayvanlar\u0131n pek \u00e7ok benzer yanlar\u0131 da vard\u0131r.Hortumlar\u0131, k\u00fc\u00e7\u00fck bir a\u011fac\u0131 k\u00f6k\u00fcnden s\u00f6kecek kadar g\u00fc\u00e7l\u00fc ama ayn\u0131 zamanda k\u00fc\u00e7\u00fcc\u00fck b\u00f6\u011f\u00fcrtlenleri yerden toplayacak kadar da hassast\u0131r. M\u00fcthi\u015f haf\u0131zalar\u0131 ile y\u0131llard\u0131r gitmedikleri sulak alanlar\u0131 bulabilirler. Yast\u0131k gibi olan ayaklar\u0131 sayesinde, 10 kilometre \u00f6tedeki di\u011fer fillerin ayak seslerini duyabilirler. \u0130nsanlar\u0131n sa\u011f ya da sol elli olmas\u0131 gibi filler de sa\u011f ya da sol fildi\u015fli olabilirler!Fil kitab\u0131nda Jenni Desmond, anla\u015f\u0131l\u0131r metinler ve g\u00f6z al\u0131c\u0131 \u00e7izimleriyle bu devasa hayvanlara hayat veriyor.<\/p>\n","protected":false},"excerpt":{"rendered":"<p>Jenni Desmond; bir\u00e7ok \u00f6d\u00fcl alm\u0131\u015f, resimli \u00e7ocuk kitab\u0131 yarat\u0131c\u0131s\u0131d\u0131r ve Londra\u2019daki st\u00fcdyosunda \u00e7al\u0131\u015fmaktad\u0131r. 2016\u2019da Maurice Sendak Bursu i\u00e7in davet edilmi\u015f ve bir ay\u0131n\u0131 Upstate New York\u2019ta,<span class=\"excerpt-hellip\"> [\u2026]<\/span><\/p>\n","protected":false},"featured_media":0,"template":"","meta":{"_monsterinsights_skip_tracking":false,"_monsterinsights_sitenote_active":false,"_monsterinsights_sitenote_note":"","_monsterinsights_sitenote_category":0},"product_brand":[],"product_cat":[13829,12274],"product_tag":[],"class_list":{"0":"post-738655","1":"product","2":"type-product","3":"status-publish","5":"product_cat-bilimsel-kitaplar","6":"product_cat-cocuk-ve-genclik-kitaplari","7":"pa_cilt-ciltsiz","8":"pa_tur-kitap","9":"pa_yayinevi-odtu-gelistirme-vakfi-yayincilik","10":"pa_yazar-jenni-desmond","12":"first","13":"instock","14":"sale","15":"shipping-taxable","16":"purchasable","17":"product-type-simple"},"_links":{"self":[{"href":"https:\/\/roveyayinevi.com.tr\/index.php\/wp-json\/wp\/v2\/product\/738655","targetHints":{"allow":["GET"]}}],"collection":[{"href":"https:\/\/roveyayinevi.com.tr\/index.php\/wp-json\/wp\/v2\/product"}],"about":[{"href":"https:\/\/roveyayinevi.com.tr\/index.php\/wp-json\/wp\/v2\/types\/product"}],"wp:attachment":[{"href":"https:\/\/roveyayinevi.com.tr\/index.php\/wp-json\/wp\/v2\/media?parent=738655"}],"wp:term":[{"taxonomy":"product_brand","embeddable":true,"href":"https:\/\/roveyayinevi.com.tr\/index.php\/wp-json\/wp\/v2\/product_brand?post=738655"},{"taxonomy":"product_cat","embeddable":true,"href":"https:\/\/roveyayinevi.com.tr\/index.php\/wp-json\/wp\/v2\/product_cat?post=738655"},{"taxonomy":"product_tag","embeddable":true,"href":"https:\/\/roveyayinevi.com.tr\/index.php\/wp-json\/wp\/v2\/product_tag?post=738655"}],"curies":[{"name":"wp","href":"https:\/\/api.w.org\/{rel}","templated":true}]}}