{"id":738653,"date":"2025-08-27T23:54:38","date_gmt":"2025-08-27T20:54:38","guid":{"rendered":"https:\/\/roveyayinevi.com.tr\/index.php\/urun\/huzursuzlugun-kitabi-3\/"},"modified":"2026-04-16T02:48:49","modified_gmt":"2026-04-15T23:48:49","slug":"huzursuzlugun-kitabi-3","status":"publish","type":"product","link":"https:\/\/roveyayinevi.com.tr\/index.php\/urun\/huzursuzlugun-kitabi-3\/","title":{"rendered":"Huzursuzlu\u011fun Kitab\u0131"},"content":{"rendered":"<p>Portekizli yazar Fernando Pessoa, al\u00e7akg\u00f6n\u00fcll\u00fc ya\u015fam\u0131n\u0131n ard\u0131ndan \u00f6l\u00fcm\u00fcyle birlikte ke\u015ffedilmi\u015f, g\u00fcn\u00fcm\u00fczde modern edebiyat\u0131n efsanelerinden biri haline gelmi\u015ftir. Sadece yazd\u0131klar\u0131yla de\u011fil ya\u015fam\u0131yla, hatta ya\u015famlar\u0131yla da efsanedir: yaratt\u0131\u011f\u0131, onlar\u0131n adlar\u0131 ve \u00fcsluplar\u0131yla kaleme ald\u0131\u011f\u0131 dev bir miras b\u0131rakt\u0131 Pessoa. S\u0131radan bir muhasebeci olan Bernardo Soares kimli\u011fiyle yaz\u0131lm\u0131\u015f Huzursuzlu\u011fun Kitab\u0131, \u00fczerinde aral\u0131klarla yirmi y\u0131l \u00e7al\u0131\u015f\u0131lm\u0131\u015f, Pessoa\u2019n\u0131n son halini vermekten \u00f6zenle ka\u00e7\u0131nd\u0131\u011f\u0131 bir nehir-metindir. Yazar\u0131n\u0131n deyimiyle \u201colays\u0131z bir \u00f6zya\u015fam\u00f6yk\u00fcs\u00fc\u201d olan Huzursuzlu\u011fun Kitab\u0131\u2019n\u0131, okuyucular\u0131n hem metne hem de Pessoa\u2019ya yakla\u015fmas\u0131n\u0131 sa\u011flayacak yeni bir edisyonla sunuyoruz. Sadece kulland\u0131\u011f\u0131 yazar kimlikleriyle de\u011fil \u00fcslubunun k\u0131vrakl\u0131\u011f\u0131yla da okuyucusunu \u015fa\u015f\u0131rtan bu gizemli yazar i\u00e7in g\u00fczel bir saptamay\u0131 John Hollander yapm\u0131\u015ft\u0131: \u201cPessoa ya\u015famasayd\u0131, Borges onu icat ederdi.\u201d    <\/p>\n","protected":false},"excerpt":{"rendered":"<p>Portekizli yazar Fernando Pessoa, al\u00e7akg\u00f6n\u00fcll\u00fc ya\u015fam\u0131n\u0131n ard\u0131ndan \u00f6l\u00fcm\u00fcyle birlikte ke\u015ffedilmi\u015f, g\u00fcn\u00fcm\u00fczde modern edebiyat\u0131n efsanelerinden biri haline gelmi\u015ftir. Sadece yazd\u0131klar\u0131yla de\u011fil ya\u015fam\u0131yla, hatta ya\u015famlar\u0131yla da efsanedir: yaratt\u0131\u011f\u0131,<span class=\"excerpt-hellip\"> [\u2026]<\/span><\/p>\n","protected":false},"featured_media":0,"template":"","meta":{"_monsterinsights_skip_tracking":false,"_monsterinsights_sitenote_active":false,"_monsterinsights_sitenote_note":"","_monsterinsights_sitenote_category":0},"product_brand":[],"product_cat":[18545,12291],"product_tag":[],"class_list":{"0":"post-738653","1":"product","2":"type-product","3":"status-publish","5":"product_cat-anlati","6":"product_cat-edebiyat","7":"pa_cilt-ciltsiz","8":"pa_tur-kitap","9":"pa_yayinevi-cem-yayinevi","10":"pa_yazar-fernando-pessoa","12":"first","13":"instock","14":"sale","15":"shipping-taxable","16":"purchasable","17":"product-type-simple"},"_links":{"self":[{"href":"https:\/\/roveyayinevi.com.tr\/index.php\/wp-json\/wp\/v2\/product\/738653","targetHints":{"allow":["GET"]}}],"collection":[{"href":"https:\/\/roveyayinevi.com.tr\/index.php\/wp-json\/wp\/v2\/product"}],"about":[{"href":"https:\/\/roveyayinevi.com.tr\/index.php\/wp-json\/wp\/v2\/types\/product"}],"wp:attachment":[{"href":"https:\/\/roveyayinevi.com.tr\/index.php\/wp-json\/wp\/v2\/media?parent=738653"}],"wp:term":[{"taxonomy":"product_brand","embeddable":true,"href":"https:\/\/roveyayinevi.com.tr\/index.php\/wp-json\/wp\/v2\/product_brand?post=738653"},{"taxonomy":"product_cat","embeddable":true,"href":"https:\/\/roveyayinevi.com.tr\/index.php\/wp-json\/wp\/v2\/product_cat?post=738653"},{"taxonomy":"product_tag","embeddable":true,"href":"https:\/\/roveyayinevi.com.tr\/index.php\/wp-json\/wp\/v2\/product_tag?post=738653"}],"curies":[{"name":"wp","href":"https:\/\/api.w.org\/{rel}","templated":true}]}}