{"id":738651,"date":"2025-08-27T23:54:35","date_gmt":"2025-08-27T20:54:35","guid":{"rendered":"https:\/\/roveyayinevi.com.tr\/index.php\/urun\/3-ulke-1-ogretmen\/"},"modified":"2026-03-12T02:57:56","modified_gmt":"2026-03-11T23:57:56","slug":"3-ulke-1-ogretmen","status":"publish","type":"product","link":"https:\/\/roveyayinevi.com.tr\/index.php\/urun\/3-ulke-1-ogretmen\/","title":{"rendered":"3 \u00dclke 1 \u00d6\u011fretmen"},"content":{"rendered":"<p>Her dem taze an\u0131lar yuma\u011f\u0131\u2026 Gurbet\u00e7i \u00e7ocuklar\u0131yla 30 y\u0131ll\u0131k birikim\u2026 T\u00fcrkiye\u2026 Bel\u00e7ika\u2026 Hollanda\u2026T\u00fcrkiye\u2026 Hollanda\u2026 T\u00fcrkiye\u2026 Yeni bir k\u00fclt\u00fcr, yeni bir dil\u2026 Bitmeyen vatan hasreti\u2026 Zorluklar, \u00e7\u0131kmazlar, \u00e7\u00f6z\u00fcms\u00fczl\u00fckler\u2026 Umut biterken gelen \u00e7\u00f6z\u00fcmler\u2026 \u00d6\u011fretmenli\u011fin y\u00fcrek burkan, tebess\u00fcm ettiren, d\u00fc\u015f\u00fcnd\u00fcren ac\u0131 tatl\u0131 ya\u015fanm\u0131\u015fl\u0131klar\u0131\u2026 Yol ayr\u0131m\u0131ndan s\u0131nav i\u00e7inde s\u0131navlara, ayr\u0131l\u0131\u015flara, kavu\u015fmalara, ya\u015fam\u0131n i\u00e7inde kaybolmalara\u2026   <\/p>\n","protected":false},"excerpt":{"rendered":"<p>Her dem taze an\u0131lar yuma\u011f\u0131\u2026 Gurbet\u00e7i \u00e7ocuklar\u0131yla 30 y\u0131ll\u0131k birikim\u2026 T\u00fcrkiye\u2026 Bel\u00e7ika\u2026 Hollanda\u2026T\u00fcrkiye\u2026 Hollanda\u2026 T\u00fcrkiye\u2026 Yeni bir k\u00fclt\u00fcr, yeni bir dil\u2026 Bitmeyen vatan hasreti\u2026 Zorluklar, \u00e7\u0131kmazlar,<span class=\"excerpt-hellip\"> [\u2026]<\/span><\/p>\n","protected":false},"featured_media":0,"template":"","meta":{"_monsterinsights_skip_tracking":false,"_monsterinsights_sitenote_active":false,"_monsterinsights_sitenote_note":"","_monsterinsights_sitenote_category":0},"product_brand":[],"product_cat":[13701,12291],"product_tag":[],"class_list":{"0":"post-738651","1":"product","2":"type-product","3":"status-publish","5":"product_cat-ani-mektup-gunluk","6":"product_cat-edebiyat","7":"pa_cilt-ciltsiz","8":"pa_tur-kitap","9":"pa_yayinevi-kirmizi-cati-yayinlari","10":"pa_yazar-sevgin-akkaya","12":"first","13":"instock","14":"sale","15":"shipping-taxable","16":"purchasable","17":"product-type-simple"},"_links":{"self":[{"href":"https:\/\/roveyayinevi.com.tr\/index.php\/wp-json\/wp\/v2\/product\/738651","targetHints":{"allow":["GET"]}}],"collection":[{"href":"https:\/\/roveyayinevi.com.tr\/index.php\/wp-json\/wp\/v2\/product"}],"about":[{"href":"https:\/\/roveyayinevi.com.tr\/index.php\/wp-json\/wp\/v2\/types\/product"}],"wp:attachment":[{"href":"https:\/\/roveyayinevi.com.tr\/index.php\/wp-json\/wp\/v2\/media?parent=738651"}],"wp:term":[{"taxonomy":"product_brand","embeddable":true,"href":"https:\/\/roveyayinevi.com.tr\/index.php\/wp-json\/wp\/v2\/product_brand?post=738651"},{"taxonomy":"product_cat","embeddable":true,"href":"https:\/\/roveyayinevi.com.tr\/index.php\/wp-json\/wp\/v2\/product_cat?post=738651"},{"taxonomy":"product_tag","embeddable":true,"href":"https:\/\/roveyayinevi.com.tr\/index.php\/wp-json\/wp\/v2\/product_tag?post=738651"}],"curies":[{"name":"wp","href":"https:\/\/api.w.org\/{rel}","templated":true}]}}