{"id":738649,"date":"2025-08-27T23:54:34","date_gmt":"2025-08-27T20:54:34","guid":{"rendered":"https:\/\/roveyayinevi.com.tr\/index.php\/urun\/benim-kucuk-deneylerim-10-kitap-takim\/"},"modified":"2026-04-16T02:48:49","modified_gmt":"2026-04-15T23:48:49","slug":"benim-kucuk-deneylerim-10-kitap-takim","status":"publish","type":"product","link":"https:\/\/roveyayinevi.com.tr\/index.php\/urun\/benim-kucuk-deneylerim-10-kitap-takim\/","title":{"rendered":"Benim K\u00fc\u00e7\u00fck Deneylerim, (10 kitap Tak\u0131m)"},"content":{"rendered":"<p>Toplam 10 kitaptan olu\u015fan bu setimiz 7 + ya\u015f grubu \u00e7ocuklar i\u00e7in haz\u0131rlanm\u0131\u015f olup \u00e7ocuklar\u0131n evde aileleriyle kaliteli zaman ge\u00e7irmesine uygun olarak haz\u0131rlanm\u0131\u015ft\u0131r. \u0130\u00e7erisindeki kitaplar; \u00e7evreden mekani\u011fe, evrenin yap\u0131s\u0131ndan \u00fcst\u00fcnde ya\u015fad\u0131\u011f\u0131m\u0131z d\u00fcnyaya ili\u015fkin birbirinden e\u011flendirici ve \u00f6\u011fretici deneyler sunarken bir yandan da \u00e7ocuklar\u0131m\u0131za okulda \u00f6\u011frendiklerini evde uygulayarak peki\u015ftirme olana\u011f\u0131 verecektir.Benim K\u00fc\u00e7\u00fck Deneylerim Serisi\u2022 \u00c7evre\u2022 Ya\u015fam ve D\u00fcnya\u2022 Bah\u00e7\u0131vanl\u0131k\u2022 Mekanik\u2022 Plastik Sanatlar\u2022 Su ve I\u015f\u0131k\u2022 S\u00fcrd\u00fcr\u00fclebilir D\u00fcnya\u2022 Yar\u0131t\u0131c\u0131 Fikirler\u2022 Mutfak\u2022 Nas\u0131l Yapt\u0131lar?<\/p>\n","protected":false},"excerpt":{"rendered":"<p>Toplam 10 kitaptan olu\u015fan bu setimiz 7 + ya\u015f grubu \u00e7ocuklar i\u00e7in haz\u0131rlanm\u0131\u015f olup \u00e7ocuklar\u0131n evde aileleriyle kaliteli zaman ge\u00e7irmesine uygun olarak haz\u0131rlanm\u0131\u015ft\u0131r. \u0130\u00e7erisindeki kitaplar; \u00e7evreden<span class=\"excerpt-hellip\"> [\u2026]<\/span><\/p>\n","protected":false},"featured_media":0,"template":"","meta":{"_monsterinsights_skip_tracking":false,"_monsterinsights_sitenote_active":false,"_monsterinsights_sitenote_note":"","_monsterinsights_sitenote_category":0},"product_brand":[],"product_cat":[12566,13473],"product_tag":[],"class_list":{"0":"post-738649","1":"product","2":"type-product","3":"status-publish","5":"product_cat-egitim","6":"product_cat-sinavlara-hazirlik-okula-yardimci-kaynaklar","7":"pa_cilt-takim","8":"pa_tur-kitap","9":"pa_yayinevi-odtu-gelistirme-vakfi-yayincilik","10":"pa_yazar-kolektif","12":"first","13":"instock","14":"sale","15":"shipping-taxable","16":"purchasable","17":"product-type-simple"},"_links":{"self":[{"href":"https:\/\/roveyayinevi.com.tr\/index.php\/wp-json\/wp\/v2\/product\/738649","targetHints":{"allow":["GET"]}}],"collection":[{"href":"https:\/\/roveyayinevi.com.tr\/index.php\/wp-json\/wp\/v2\/product"}],"about":[{"href":"https:\/\/roveyayinevi.com.tr\/index.php\/wp-json\/wp\/v2\/types\/product"}],"wp:attachment":[{"href":"https:\/\/roveyayinevi.com.tr\/index.php\/wp-json\/wp\/v2\/media?parent=738649"}],"wp:term":[{"taxonomy":"product_brand","embeddable":true,"href":"https:\/\/roveyayinevi.com.tr\/index.php\/wp-json\/wp\/v2\/product_brand?post=738649"},{"taxonomy":"product_cat","embeddable":true,"href":"https:\/\/roveyayinevi.com.tr\/index.php\/wp-json\/wp\/v2\/product_cat?post=738649"},{"taxonomy":"product_tag","embeddable":true,"href":"https:\/\/roveyayinevi.com.tr\/index.php\/wp-json\/wp\/v2\/product_tag?post=738649"}],"curies":[{"name":"wp","href":"https:\/\/api.w.org\/{rel}","templated":true}]}}