{"id":738648,"date":"2025-08-27T23:54:33","date_gmt":"2025-08-27T20:54:33","guid":{"rendered":"https:\/\/roveyayinevi.com.tr\/index.php\/urun\/viyolonsel-ve-piyano-icin-saz-eserleri\/"},"modified":"2026-04-16T02:48:49","modified_gmt":"2026-04-15T23:48:49","slug":"viyolonsel-ve-piyano-icin-saz-eserleri","status":"publish","type":"product","link":"https:\/\/roveyayinevi.com.tr\/index.php\/urun\/viyolonsel-ve-piyano-icin-saz-eserleri\/","title":{"rendered":"Viyolonsel Ve Piyano \u0130\u00e7in Saz Eserleri"},"content":{"rendered":"<p>&#8220;Viyolonsel ve Piyano i\u00e7in Saz Eserleri&#8221; ad\u0131n\u0131 ta\u015f\u0131yan yeni bir \u00e7al\u0131\u015fmaya tan\u0131k olmak ba\u015fl\u0131 ba\u015f\u0131na heyecan verici. T\u00fcrk M\u00fczi\u011fi kaynakl\u0131 bu t\u00fcr \u00e7al\u0131\u015fmalar\u0131n az say\u0131da olmas\u0131 bu \u00e7al\u0131\u015fman\u0131n \u00f6nemini ayr\u0131ca art\u0131rmaktad\u0131r. Bu \u00e7al\u0131\u015fmada \u00f6ncelikli ama\u00e7, T\u00fcrk m\u00fczi\u011fi eserlerinin yap\u0131s\u0131ndaki ritmik, ezgisel ve teknik \u00f6\u011felerin; \u00f6\u011frenme s\u00fcrecindeki \u00f6\u011frencilerin et\u00fct ve eserlerden edindikleri kazan\u0131mlara katk\u0131da bulunacak bir yakla\u015f\u0131mla d\u00fczenlenerek ele al\u0131nmas\u0131 ve \u00f6\u011frencinin kendi m\u00fczi\u011findeki teknik ve m\u00fczikal zenginliklerin fark\u0131na vararak edindi\u011fi di\u011fer teknik kazan\u0131mlarla b\u00fct\u00fcnle\u015ftirmesinin sa\u011flanmas\u0131d\u0131r. Genellikle makamsal yap\u0131da olan T\u00fcrk m\u00fczi\u011fi eserlerinin, ruhuna uygun bir \u015fekilde \u00e7okseslendirilmesi \u00f6zel ve hassas bir konudur. Bu \u00e7al\u0131\u015fmada se\u00e7ilen eserlerin b\u00fcy\u00fck b\u00f6l\u00fcm\u00fcn\u00fcn klasik armoniye uygun tonal yap\u0131da olmas\u0131, \u00e7okseslilik a\u00e7\u0131s\u0131ndan \u00f6nemli kolayl\u0131klar sa\u011flam\u0131\u015f g\u00f6r\u00fcn\u00fcyor. Bu nedenle piyano e\u015flikleri, b\u00fcy\u00fck \u00f6l\u00e7\u00fcde klasik armoni kullan\u0131larak eserlerin armonik yap\u0131s\u0131na uygun bir \u015fekilde ortaya konmu\u015ftur. \u00d6\u011frenci i\u00e7in \u00e7ok tan\u0131d\u0131k olan bu par\u00e7alar\u0131n piyano e\u015fli\u011fi ile zenginle\u015ftirilmi\u015f olmas\u0131n\u0131n, \u00f6\u011frencinin sevgisini ve motivasyonunu art\u0131rmas\u0131na yard\u0131mc\u0131 olaca\u011f\u0131 a\u00e7\u0131kt\u0131r. Viyolonsel literat\u00fcr\u00fcne b\u00f6yle \u00f6zellikli bir \u00e7al\u0131\u015fman\u0131n kazand\u0131r\u0131lm\u0131\u015f olmas\u0131, hem konser da\u011farc\u0131\u011f\u0131ndaki \u00e7e\u015fitlilik a\u00e7\u0131s\u0131ndan hem de viyolonsel e\u011fitimine katk\u0131 a\u00e7\u0131s\u0131ndan \u00f6nem ta\u015f\u0131maktad\u0131r. Klasik Viyolonsel e\u011fitiminde T\u00fcrk m\u00fczi\u011fi eserlerinin do\u011frudan \u00f6\u011frencinin teknik geli\u015fimine katk\u0131da bulunmas\u0131 hedeflenen az say\u0131da \u00e7al\u0131\u015fma oldu\u011fu s\u00f6ylenebilir. Bu \u00e7al\u0131\u015fma, kullan\u0131ld\u0131k\u00e7a, seslendirildik\u00e7e, hem bu \u00e7al\u0131\u015fmay\u0131 ger\u00e7ekle\u015ftirenler i\u00e7in \u00f6nemli bir deneyim olacak, bu konudaki \u00f6ng\u00f6r\u00fclerinin hedefe ne kadar ula\u015fabildi\u011fini test etmeleri ve buna g\u00f6re daha nitelikli \u00e7al\u0131\u015fmalara y\u00f6nelmeleri sa\u011flanm\u0131\u015f olacak hem de bu \u00e7al\u0131\u015fmadan esinlenecek ba\u015fka m\u00fczisyenlere ve e\u011fitimcilere ilham verecektir. Viyolonsel e\u011fitimine \u00f6nemli katk\u0131lar sunaca\u011f\u0131na inand\u0131\u011f\u0131m bu g\u00fczel \u00e7al\u0131\u015fmay\u0131 titiz bir \u00e7abayla ortaya koyan Prof. Dr. \u015eebnem Orhan\u2019\u0131 ve piyano e\u015fliklerini haz\u0131rlayan Dr. \u00d6\u011fr. \u00dcyesi Ozan Belge\u2019yi y\u00fcrekten kutluyorum. Bu \u00e7al\u0131\u015fman\u0131n ileride yap\u0131lacak benzer \u00e7al\u0131\u015fmalara \u0131\u015f\u0131k tutaca\u011f\u0131na, ilham kayna\u011f\u0131 olaca\u011f\u0131na inan\u0131yorum. \u015einasi \u00c7ilden Viyolonsel E\u011fitimcisi ve CSO Emekli Viyolonsel Sanat\u00e7\u0131s\u0131     Prof. \u015eebnem Y\u0131ld\u0131r\u0131m Orhan\u2019\u0131n ve Dr. \u00d6\u011fretim \u00fcyesi Ozan Belge\u2019nin haz\u0131rlam\u0131\u015f oldu\u011fu bu kaynak \u00e7ello e\u011fitimine ve resital da\u011farc\u0131\u011f\u0131na de\u011ferli bir katk\u0131d\u0131r. \u00d6zellikle klasik m\u00fczik e\u011fitimi alan \u00e7ellistlerin, ayr\u0131ca yabanc\u0131 \u00fclkelerdeki meslekta\u015flar\u0131n bilgi edinmek i\u00e7in olanak bulamad\u0131klar\u0131 Taksim, Pe\u015frev, Medhal, Saz semaisi, Longa, Sirto, Oyun havas\u0131, Mand\u0131ra ve Zeybek gibi t\u00fcrlerden par\u00e7alar\u0131 ve ilgili makamlar\u0131 a\u00e7\u0131klayarak notalar\u0131n\u0131 sa\u011flamakla \u00f6nemli bir bo\u015fluk doldurulmu\u015ftur. Bu par\u00e7alar\u0131n e\u015fliklerinin de hem nota hem ses dosyas\u0131 olarak sunulmu\u015f olmas\u0131 hem derslerde hem de konserlerin haz\u0131rl\u0131\u011f\u0131nda \u00e7ok verimli olacakt\u0131r. Ben de h\u0131zla bu par\u00e7alar\u0131 repertuvar\u0131ma katmak i\u00e7in b\u00fcy\u00fck bir heves duymaktay\u0131m.   Prof. Dr. Ozan Evrim Tunca Anadolu \u00dcniversitesi Devlet Konservatuvar\u0131 <\/p>\n","protected":false},"excerpt":{"rendered":"<p>&#8220;Viyolonsel ve Piyano i\u00e7in Saz Eserleri&#8221; ad\u0131n\u0131 ta\u015f\u0131yan yeni bir \u00e7al\u0131\u015fmaya tan\u0131k olmak ba\u015fl\u0131 ba\u015f\u0131na heyecan verici. T\u00fcrk M\u00fczi\u011fi kaynakl\u0131 bu t\u00fcr \u00e7al\u0131\u015fmalar\u0131n az say\u0131da olmas\u0131<span class=\"excerpt-hellip\"> [\u2026]<\/span><\/p>\n","protected":false},"featured_media":0,"template":"","meta":{"_monsterinsights_skip_tracking":false,"_monsterinsights_sitenote_active":false,"_monsterinsights_sitenote_note":"","_monsterinsights_sitenote_category":0},"product_brand":[],"product_cat":[14556,20810],"product_tag":[],"class_list":{"0":"post-738648","1":"product","2":"type-product","3":"status-publish","5":"product_cat-muzik","6":"product_cat-ogrenim-kitaplari","7":"pa_cilt-ciltsiz","8":"pa_tur-kitap","9":"pa_yayinevi-muzik-egitimi-yayinlari","10":"pa_yazar-sebnem-y-orhan-ozan-belge","12":"first","13":"instock","14":"sale","15":"shipping-taxable","16":"purchasable","17":"product-type-simple"},"_links":{"self":[{"href":"https:\/\/roveyayinevi.com.tr\/index.php\/wp-json\/wp\/v2\/product\/738648","targetHints":{"allow":["GET"]}}],"collection":[{"href":"https:\/\/roveyayinevi.com.tr\/index.php\/wp-json\/wp\/v2\/product"}],"about":[{"href":"https:\/\/roveyayinevi.com.tr\/index.php\/wp-json\/wp\/v2\/types\/product"}],"wp:attachment":[{"href":"https:\/\/roveyayinevi.com.tr\/index.php\/wp-json\/wp\/v2\/media?parent=738648"}],"wp:term":[{"taxonomy":"product_brand","embeddable":true,"href":"https:\/\/roveyayinevi.com.tr\/index.php\/wp-json\/wp\/v2\/product_brand?post=738648"},{"taxonomy":"product_cat","embeddable":true,"href":"https:\/\/roveyayinevi.com.tr\/index.php\/wp-json\/wp\/v2\/product_cat?post=738648"},{"taxonomy":"product_tag","embeddable":true,"href":"https:\/\/roveyayinevi.com.tr\/index.php\/wp-json\/wp\/v2\/product_tag?post=738648"}],"curies":[{"name":"wp","href":"https:\/\/api.w.org\/{rel}","templated":true}]}}