{"id":738646,"date":"2025-08-27T23:54:32","date_gmt":"2025-08-27T20:54:32","guid":{"rendered":"https:\/\/roveyayinevi.com.tr\/index.php\/urun\/turkce-gezegeni-2-sinif-defterim\/"},"modified":"2026-04-03T02:54:03","modified_gmt":"2026-04-02T23:54:03","slug":"turkce-gezegeni-2-sinif-defterim","status":"publish","type":"product","link":"https:\/\/roveyayinevi.com.tr\/index.php\/urun\/turkce-gezegeni-2-sinif-defterim\/","title":{"rendered":"T\u00fcrk\u00e7e Gezegeni 2. S\u0131n\u0131f Defterim"},"content":{"rendered":"<p>T\u00fcrk\u00e7e Gezegeni 2. S\u0131n\u0131f Defterim &#8216;de her konu \u00f6\u011frencilerin defterlerinde haz\u0131r olarak bulundu\u011fu i\u00e7in, ayr\u0131ca bir deftere gereksinim olmayacakt\u0131r. Defterde bulunan yarat\u0131c\u0131 yazma ve dikkat \u00e7al\u0131\u015fmalar\u0131 b\u00f6l\u00fcmleri \u00f6\u011frencilerin T\u00fcrk\u00e7e \u00f6\u011fretim program\u0131nda yer alan becerileri kazanmas\u0131n\u0131 sa\u011flayacakt\u0131r. (Tan\u0131t\u0131m B\u00fclteninden) <\/p>\n","protected":false},"excerpt":{"rendered":"<p>T\u00fcrk\u00e7e Gezegeni 2. S\u0131n\u0131f Defterim &#8216;de her konu \u00f6\u011frencilerin defterlerinde haz\u0131r olarak bulundu\u011fu i\u00e7in, ayr\u0131ca bir deftere gereksinim olmayacakt\u0131r. Defterde bulunan yarat\u0131c\u0131 yazma ve dikkat \u00e7al\u0131\u015fmalar\u0131<span class=\"excerpt-hellip\"> [\u2026]<\/span><\/p>\n","protected":false},"featured_media":0,"template":"","meta":{"_monsterinsights_skip_tracking":false,"_monsterinsights_sitenote_active":false,"_monsterinsights_sitenote_note":"","_monsterinsights_sitenote_category":0},"product_brand":[],"product_cat":[12566,13473],"product_tag":[],"class_list":{"0":"post-738646","1":"product","2":"type-product","3":"status-publish","5":"product_cat-egitim","6":"product_cat-sinavlara-hazirlik-okula-yardimci-kaynaklar","7":"pa_cilt-ciltsiz","8":"pa_tur-kitap","9":"pa_yayinevi-odtu-gelistirme-vakfi-yayincilik","10":"pa_yazar-asli-fitologlu-canibey-asunay-kapucu","12":"first","13":"instock","14":"sale","15":"shipping-taxable","16":"purchasable","17":"product-type-simple"},"_links":{"self":[{"href":"https:\/\/roveyayinevi.com.tr\/index.php\/wp-json\/wp\/v2\/product\/738646","targetHints":{"allow":["GET"]}}],"collection":[{"href":"https:\/\/roveyayinevi.com.tr\/index.php\/wp-json\/wp\/v2\/product"}],"about":[{"href":"https:\/\/roveyayinevi.com.tr\/index.php\/wp-json\/wp\/v2\/types\/product"}],"wp:attachment":[{"href":"https:\/\/roveyayinevi.com.tr\/index.php\/wp-json\/wp\/v2\/media?parent=738646"}],"wp:term":[{"taxonomy":"product_brand","embeddable":true,"href":"https:\/\/roveyayinevi.com.tr\/index.php\/wp-json\/wp\/v2\/product_brand?post=738646"},{"taxonomy":"product_cat","embeddable":true,"href":"https:\/\/roveyayinevi.com.tr\/index.php\/wp-json\/wp\/v2\/product_cat?post=738646"},{"taxonomy":"product_tag","embeddable":true,"href":"https:\/\/roveyayinevi.com.tr\/index.php\/wp-json\/wp\/v2\/product_tag?post=738646"}],"curies":[{"name":"wp","href":"https:\/\/api.w.org\/{rel}","templated":true}]}}