{"id":738645,"date":"2025-08-27T23:54:30","date_gmt":"2025-08-27T20:54:30","guid":{"rendered":"https:\/\/roveyayinevi.com.tr\/index.php\/urun\/uzmanligin-olumu\/"},"modified":"2026-04-16T02:48:49","modified_gmt":"2026-04-15T23:48:49","slug":"uzmanligin-olumu","status":"publish","type":"product","link":"https:\/\/roveyayinevi.com.tr\/index.php\/urun\/uzmanligin-olumu\/","title":{"rendered":"Uzmanl\u0131\u011f\u0131n \u00d6l\u00fcm\u00fc"},"content":{"rendered":"<p>E\u011fitim imkanlar\u0131n\u0131n artmas\u0131, teknolojinin geli\u015fimi derken art\u0131k herkes her \u015feyi biliyor. \u00d6zellikle internette k\u0131s bir yolculuk yapan ortalama her vatanda\u015f, kendini uzmanlara entelekt\u00fcel e\u015fitlikte g\u00f6r\u00fcyor. Her konuda yarg\u0131da bulunup ciddiye al\u0131nmak istiyor. T\u00fcm s\u00f6zlerin a\u011f\u0131rl\u0131\u011f\u0131n\u0131n e\u015fit kabul edildi\u011fi, \u00f6nem ve de\u011fer fark\u0131n\u0131n hi\u00e7e say\u0131ld\u0131\u011f\u0131 bir d\u00fcnyada herhangi bir sosyal medya hesab\u0131ndan yap\u0131lan payla\u015f\u0131mla bir i\u015fe y\u0131llar\u0131n\u0131 adam\u0131\u015f uzman\u0131n s\u00f6z\u00fc terazide ayn\u0131 kefeye konuyor. Uzmanl\u0131\u011f\u0131n hakk\u0131n\u0131 teslim eden g\u00f6r\u00fc\u015fler, bazen elitizm ile etiketlenirken kimi zaman demokratik olmamakla su\u00e7lan\u0131yor. Tom Nichols ABD\u2019de b\u00fcy\u00fck ses getiren ve on \u00fc\u00e7 dile \u00e7evrilen \u201cUzmanl\u0131\u011f\u0131n \u00d6l\u00fcm\u00fc\u201d kitab\u0131yla t\u00fcm s\u00f6zleri e\u015fitleyen yakla\u015f\u0131ma g\u00fc\u00e7l\u00fc bir \u015fekilde itiraz ediyor. Okullar\u0131n ticarethane, \u00f6\u011frencilerin m\u00fc\u015fteri haline gelmesiyle uzmanl\u0131\u011fa sayg\u0131n\u0131n giderek azald\u0131\u011f\u0131n\u0131 belirten Nichols, dijital devrimin, sosyal medya ve internetin yayg\u0131nla\u015fmas\u0131n\u0131n cehalet k\u00fclt\u00fcr\u00fcn\u00fc nas\u0131l besledi\u011finin alt\u0131n\u0131 \u00e7iziyor.   Bu Kitab\u0131 okudu\u011funuzda \u00fclkemize \u00f6zg\u00fc sand\u0131\u011f\u0131m\u0131z bir \u00e7ok meselede yaln\u0131z olmad\u0131\u011f\u0131m\u0131z\u0131 g\u00f6receksiniz. <\/p>\n","protected":false},"excerpt":{"rendered":"<p>E\u011fitim imkanlar\u0131n\u0131n artmas\u0131, teknolojinin geli\u015fimi derken art\u0131k herkes her \u015feyi biliyor. \u00d6zellikle internette k\u0131s bir yolculuk yapan ortalama her vatanda\u015f, kendini uzmanlara entelekt\u00fcel e\u015fitlikte g\u00f6r\u00fcyor. Her<span class=\"excerpt-hellip\"> [\u2026]<\/span><\/p>\n","protected":false},"featured_media":0,"template":"","meta":{"_monsterinsights_skip_tracking":false,"_monsterinsights_sitenote_active":false,"_monsterinsights_sitenote_note":"","_monsterinsights_sitenote_category":0},"product_brand":[],"product_cat":[13072,12291],"product_tag":[],"class_list":{"0":"post-738645","1":"product","2":"type-product","3":"status-publish","5":"product_cat-arastirma-inceleme-referans","6":"product_cat-edebiyat","7":"pa_cilt-ciltsiz","8":"pa_tur-kitap","9":"pa_yayinevi-gumbel-yayim","10":"pa_yazar-tom-nichols","12":"first","13":"instock","14":"sale","15":"shipping-taxable","16":"purchasable","17":"product-type-simple"},"_links":{"self":[{"href":"https:\/\/roveyayinevi.com.tr\/index.php\/wp-json\/wp\/v2\/product\/738645","targetHints":{"allow":["GET"]}}],"collection":[{"href":"https:\/\/roveyayinevi.com.tr\/index.php\/wp-json\/wp\/v2\/product"}],"about":[{"href":"https:\/\/roveyayinevi.com.tr\/index.php\/wp-json\/wp\/v2\/types\/product"}],"wp:attachment":[{"href":"https:\/\/roveyayinevi.com.tr\/index.php\/wp-json\/wp\/v2\/media?parent=738645"}],"wp:term":[{"taxonomy":"product_brand","embeddable":true,"href":"https:\/\/roveyayinevi.com.tr\/index.php\/wp-json\/wp\/v2\/product_brand?post=738645"},{"taxonomy":"product_cat","embeddable":true,"href":"https:\/\/roveyayinevi.com.tr\/index.php\/wp-json\/wp\/v2\/product_cat?post=738645"},{"taxonomy":"product_tag","embeddable":true,"href":"https:\/\/roveyayinevi.com.tr\/index.php\/wp-json\/wp\/v2\/product_tag?post=738645"}],"curies":[{"name":"wp","href":"https:\/\/api.w.org\/{rel}","templated":true}]}}