{"id":738643,"date":"2025-08-27T23:54:28","date_gmt":"2025-08-27T20:54:28","guid":{"rendered":"https:\/\/roveyayinevi.com.tr\/index.php\/urun\/eliott-ve-gizemli-kutuphane\/"},"modified":"2026-04-16T02:48:49","modified_gmt":"2026-04-15T23:48:49","slug":"eliott-ve-gizemli-kutuphane","status":"publish","type":"product","link":"https:\/\/roveyayinevi.com.tr\/index.php\/urun\/eliott-ve-gizemli-kutuphane\/","title":{"rendered":"Eliott ve Gizemli K\u00fct\u00fcphane"},"content":{"rendered":"<p>Eliott\u2019un okul g\u00fcnleri, Charlie ve \u00e7etesinin so\u011fuk \u015fakalar\u0131 y\u00fcz\u00fcnden zehir olmaktad\u0131r. Neyse ki bir s\u0131\u011f\u0131nak bulur kendine: k\u00fct\u00fcphane!Bir g\u00fcn Charlie\u2019den kurtulmak i\u00e7in k\u00fct\u00fcphaneye sakland\u0131\u011f\u0131nda orada uyuyakal\u0131r. Ak\u015fam olup k\u00fct\u00fcphane kapand\u0131\u011f\u0131nda uykusundan uyan\u0131r ve o da ne! Kar\u015f\u0131s\u0131nda bamba\u015fka bir d\u00fcnya vard\u0131r. K\u00fct\u00fcphanenin bu gizemli hali, Eliott\u2019u yepyeni bir maceraya davet eder. Peki, Eliott bu daveti kabul edecek midir?Okulunda zorbal\u0131\u011fa maruz kalan Eliott i\u00e7in k\u00fct\u00fcphane, sevdi\u011fi kitaplar\u0131 bulup okuyabilece\u011fi bir yer olman\u0131n \u00f6tesine ge\u00e7ip adeta s\u0131\u011f\u0131na\u011fa d\u00f6n\u00fc\u015f\u00fcr. Kitaplar ve kitaplar arac\u0131l\u0131\u011f\u0131yla yepyeni hik\u00e2yelere a\u00e7\u0131lan pencereler ise ona, sorunlar\u0131yla farkl\u0131 \u015fekillerde y\u00fczle\u015fecek cesaret ve \u00f6zg\u00fcveni a\u015f\u0131lamaya haz\u0131rd\u0131r. Hepimiz gibi Eliott\u2019un da kitaplardan \u00f6\u011frenece\u011fi \u00e7ok \u015fey vard\u0131r\u2026<\/p>\n","protected":false},"excerpt":{"rendered":"<p>Eliott\u2019un okul g\u00fcnleri, Charlie ve \u00e7etesinin so\u011fuk \u015fakalar\u0131 y\u00fcz\u00fcnden zehir olmaktad\u0131r. Neyse ki bir s\u0131\u011f\u0131nak bulur kendine: k\u00fct\u00fcphane!Bir g\u00fcn Charlie\u2019den kurtulmak i\u00e7in k\u00fct\u00fcphaneye sakland\u0131\u011f\u0131nda orada uyuyakal\u0131r.<span class=\"excerpt-hellip\"> [\u2026]<\/span><\/p>\n","protected":false},"featured_media":0,"template":"","meta":{"_monsterinsights_skip_tracking":false,"_monsterinsights_sitenote_active":false,"_monsterinsights_sitenote_note":"","_monsterinsights_sitenote_category":0},"product_brand":[],"product_cat":[12274,12284],"product_tag":[],"class_list":{"0":"post-738643","1":"product","2":"type-product","3":"status-publish","5":"product_cat-cocuk-ve-genclik-kitaplari","6":"product_cat-hikayeler","7":"pa_cilt-ciltsiz","8":"pa_tur-kitap","9":"pa_yayinevi-redhouse-yayinlari","10":"pa_yazar-pascaline-nolot","12":"first","13":"instock","14":"sale","15":"shipping-taxable","16":"purchasable","17":"product-type-simple"},"_links":{"self":[{"href":"https:\/\/roveyayinevi.com.tr\/index.php\/wp-json\/wp\/v2\/product\/738643","targetHints":{"allow":["GET"]}}],"collection":[{"href":"https:\/\/roveyayinevi.com.tr\/index.php\/wp-json\/wp\/v2\/product"}],"about":[{"href":"https:\/\/roveyayinevi.com.tr\/index.php\/wp-json\/wp\/v2\/types\/product"}],"wp:attachment":[{"href":"https:\/\/roveyayinevi.com.tr\/index.php\/wp-json\/wp\/v2\/media?parent=738643"}],"wp:term":[{"taxonomy":"product_brand","embeddable":true,"href":"https:\/\/roveyayinevi.com.tr\/index.php\/wp-json\/wp\/v2\/product_brand?post=738643"},{"taxonomy":"product_cat","embeddable":true,"href":"https:\/\/roveyayinevi.com.tr\/index.php\/wp-json\/wp\/v2\/product_cat?post=738643"},{"taxonomy":"product_tag","embeddable":true,"href":"https:\/\/roveyayinevi.com.tr\/index.php\/wp-json\/wp\/v2\/product_tag?post=738643"}],"curies":[{"name":"wp","href":"https:\/\/api.w.org\/{rel}","templated":true}]}}