{"id":738641,"date":"2025-08-27T23:54:26","date_gmt":"2025-08-27T20:54:26","guid":{"rendered":"https:\/\/roveyayinevi.com.tr\/index.php\/urun\/ejderhanin-disleri\/"},"modified":"2026-04-16T02:48:49","modified_gmt":"2026-04-15T23:48:49","slug":"ejderhanin-disleri","status":"publish","type":"product","link":"https:\/\/roveyayinevi.com.tr\/index.php\/urun\/ejderhanin-disleri\/","title":{"rendered":"Ejderhan\u0131n Di\u015fleri"},"content":{"rendered":"<p>Lanny Budd, sanat eseri al\u0131m sat\u0131m\u0131yla u\u011fra\u015fan Amerikal\u0131 bir sosyalisttir. Irma ad\u0131nda, kapitalist ideolojiye yak\u0131n duran \u00e7ok zengin bir Amerikal\u0131 kad\u0131nla evlidir. Lanny ve Irma \u00e7ifti, pek \u00e7ok farkl\u0131 k\u00f6ken ve g\u00f6r\u00fc\u015ften, uzak veya yak\u0131n \u00e7ok say\u0131da insandan m\u00fcte\u015fekkil bir aileye sahiptir. S\u0131k\u00e7a deniz yolculuklar\u0131 yapan, sefahat i\u00e7indeki bu kalabal\u0131k ailenin yat\u0131na Almanya\u2019da Naziler taraf\u0131ndan el konmas\u0131, olaylar\u0131n fitilini ate\u015fleyecek ve Lanny inand\u0131\u011f\u0131 de\u011ferler u\u011frunda, sevdiklerini korkun\u00e7 bir kaderden kurtarmak i\u00e7in \u00e2deta bir sava\u015f verecektir. Upton Sinclair\u2019in, yak\u0131n tarihin en \u00f6nemli olaylar\u0131na yer verdi\u011fi 11 kitapl\u0131k \u201cLanny Budd\u201d romanlar\u0131 serisinin \u00fc\u00e7\u00fcnc\u00fc ve en bilinen kitab\u0131d\u0131r Ejderhan\u0131n Di\u015fleri. 1929\u2019daki Wall Street iflas\u0131ndan Nazilerin 1934\u2019teki kanl\u0131 tasfiye hareketine kadarki d\u00f6nemi kapsar ve nasyonal sosyalizmin y\u00fckseli\u015fi, Hitler\u2019in iktidara geli\u015fi ve Nazi ter\u00f6r\u00fc etraf\u0131nda \u015fekillenir. Ger\u00e7ek ve kurgusal pek \u00e7ok karakter bar\u0131nd\u0131ran Ejderhan\u0131n Di\u015fleri, Sinclair\u2019in hik\u00e2ye anlatmadaki \u00fcst\u00fcn yeteneklerini kan\u0131tlar niteliktedir. \u0130lk olarak 1942\u2019de yay\u0131mlanan ve 1943 y\u0131l\u0131nda yazara Pulitzer \u00d6d\u00fcl\u00fc\u2019n\u00fc kazand\u0131ran bu b\u00fcy\u00fck yap\u0131t, Semih Lim\u2019in \u00f6zenli \u00e7evirisi ile ilk kez T\u00fcrk\u00e7ede!<\/p>\n","protected":false},"excerpt":{"rendered":"<p>Lanny Budd, sanat eseri al\u0131m sat\u0131m\u0131yla u\u011fra\u015fan Amerikal\u0131 bir sosyalisttir. Irma ad\u0131nda, kapitalist ideolojiye yak\u0131n duran \u00e7ok zengin bir Amerikal\u0131 kad\u0131nla evlidir. Lanny ve Irma \u00e7ifti,<span class=\"excerpt-hellip\"> [\u2026]<\/span><\/p>\n","protected":false},"featured_media":0,"template":"","meta":{"_monsterinsights_skip_tracking":false,"_monsterinsights_sitenote_active":false,"_monsterinsights_sitenote_note":"","_monsterinsights_sitenote_category":0},"product_brand":[],"product_cat":[13661,12291],"product_tag":[],"class_list":{"0":"post-738641","1":"product","2":"type-product","3":"status-publish","5":"product_cat-diger-ulke-edebiyatlari","6":"product_cat-edebiyat","7":"pa_cilt-ciltsiz","8":"pa_tur-kitap","9":"pa_yayinevi-yordam-kitap","10":"pa_yazar-upton-sinclair","12":"first","13":"instock","14":"sale","15":"shipping-taxable","16":"purchasable","17":"product-type-simple"},"_links":{"self":[{"href":"https:\/\/roveyayinevi.com.tr\/index.php\/wp-json\/wp\/v2\/product\/738641","targetHints":{"allow":["GET"]}}],"collection":[{"href":"https:\/\/roveyayinevi.com.tr\/index.php\/wp-json\/wp\/v2\/product"}],"about":[{"href":"https:\/\/roveyayinevi.com.tr\/index.php\/wp-json\/wp\/v2\/types\/product"}],"wp:attachment":[{"href":"https:\/\/roveyayinevi.com.tr\/index.php\/wp-json\/wp\/v2\/media?parent=738641"}],"wp:term":[{"taxonomy":"product_brand","embeddable":true,"href":"https:\/\/roveyayinevi.com.tr\/index.php\/wp-json\/wp\/v2\/product_brand?post=738641"},{"taxonomy":"product_cat","embeddable":true,"href":"https:\/\/roveyayinevi.com.tr\/index.php\/wp-json\/wp\/v2\/product_cat?post=738641"},{"taxonomy":"product_tag","embeddable":true,"href":"https:\/\/roveyayinevi.com.tr\/index.php\/wp-json\/wp\/v2\/product_tag?post=738641"}],"curies":[{"name":"wp","href":"https:\/\/api.w.org\/{rel}","templated":true}]}}