{"id":738640,"date":"2025-08-27T23:54:25","date_gmt":"2025-08-27T20:54:25","guid":{"rendered":"https:\/\/roveyayinevi.com.tr\/index.php\/urun\/anti-marksist-devrimcilik\/"},"modified":"2026-04-16T02:48:49","modified_gmt":"2026-04-15T23:48:49","slug":"anti-marksist-devrimcilik","status":"publish","type":"product","link":"https:\/\/roveyayinevi.com.tr\/index.php\/urun\/anti-marksist-devrimcilik\/","title":{"rendered":"Anti-Marksist Devrimcilik"},"content":{"rendered":"<p>Haluk Gerger bu kitapta, Marx ve Engels taraf\u0131ndan \u201cham kom\u00fcnizm\u201d ve \u201cyontulmam\u0131\u015f devrimcilik\u201d olarak adland\u0131r\u0131lan zihniyetin tarihsel geli\u015fimini g\u00f6zler \u00f6n\u00fcne seriyor, yan\u0131 s\u0131ra g\u00fcn\u00fcm\u00fczdeki yans\u0131malar\u0131n\u0131 sert bir ele\u015ftiriye tabi tutuyor. Yazara g\u00f6re, Marx ve Engels\u2019in m\u00fccadele edip yenilgiye u\u011fratt\u0131\u011f\u0131 bu \u201cham\u201d\/\u201cyontulmam\u0131\u015f\u201d zihniyet daha sonralar\u0131 Marksist harekete s\u0131zd\u0131, baz\u0131 d\u00f6nemlerde ve yerlerde hegemonik bir konum dahi elde edebildi ve g\u00fcn\u00fcm\u00fcze kadar varl\u0131\u011f\u0131n\u0131 s\u00fcrd\u00fcregeldi. Bu nedenle, sosyalist hareketin, \u201cdevrimci\u201d g\u00f6r\u00fcn\u00fcml\u00fc ama \u00f6z\u00fcnde Marksizme yabanc\u0131, hatta zararl\u0131 bu d\u00fc\u015f\u00fcnce ve pratiklerden ar\u0131nd\u0131r\u0131lmas\u0131 acil bir ihtiya\u00e7t\u0131r. Gerger, \u201cham kom\u00fcnizm\u201din Sovyetler Birli\u011fi ile \u201cibretlik ve trajik\u201d bir \u00f6rnek olarak Kambo\u00e7ya\u2019daki tezah\u00fcrlerini etrafl\u0131ca inceledi\u011fi \u00e7al\u0131\u015fmas\u0131nda, ayd\u0131nlar ve g\u00f6\u00e7menlere de ayr\u0131 birer ba\u015fl\u0131k a\u00e7\u0131yor, s\u00f6z konusu zihniyetin bu kesimler aras\u0131ndaki yans\u0131malar\u0131 konusunda \u00e7arp\u0131c\u0131 de\u011ferlendirmeler yap\u0131yor. Marksizmin k\u00f6kenlerine kadar indi\u011fi ve orada buldu\u011fu ilgin\u00e7 bir fenomeni tart\u0131\u015fmaya a\u00e7t\u0131\u011f\u0131 i\u00e7in bir ke\u015fif \u00e7al\u0131\u015fmas\u0131 say\u0131labilecek bu kitap, di\u011fer taraftan, s\u00f6z konusu olguyu yirmi birinci y\u00fczy\u0131l ko\u015fullar\u0131 ba\u011flam\u0131nda irdelemesi nedeniyle de g\u00fcncel bir perspektif \u00e7al\u0131\u015fmas\u0131. Bu bak\u0131mdan Anti-Marksist Devrimcilik, \u00f6ne \u00e7\u0131kard\u0131\u011f\u0131 siyasal ve teorik referanslar arac\u0131l\u0131\u011f\u0131yla sosyalist sola bir y\u00fczle\u015fme olana\u011f\u0131 sunma, aray\u0131\u015f i\u00e7indeki gen\u00e7lere ise \u0131\u015f\u0131k tutma amac\u0131n\u0131 ta\u015f\u0131yor. <\/p>\n","protected":false},"excerpt":{"rendered":"<p>Haluk Gerger bu kitapta, Marx ve Engels taraf\u0131ndan \u201cham kom\u00fcnizm\u201d ve \u201cyontulmam\u0131\u015f devrimcilik\u201d olarak adland\u0131r\u0131lan zihniyetin tarihsel geli\u015fimini g\u00f6zler \u00f6n\u00fcne seriyor, yan\u0131 s\u0131ra g\u00fcn\u00fcm\u00fczdeki yans\u0131malar\u0131n\u0131 sert<span class=\"excerpt-hellip\"> [\u2026]<\/span><\/p>\n","protected":false},"featured_media":0,"template":"","meta":{"_monsterinsights_skip_tracking":false,"_monsterinsights_sitenote_active":false,"_monsterinsights_sitenote_note":"","_monsterinsights_sitenote_category":0},"product_brand":[],"product_cat":[13590,12337],"product_tag":[],"class_list":{"0":"post-738640","1":"product","2":"type-product","3":"status-publish","5":"product_cat-arastirma-inceleme-politika-siyaset","6":"product_cat-politika-siyaset","7":"pa_cilt-ciltsiz","8":"pa_tur-kitap","9":"pa_yayinevi-yordam-kitap","10":"pa_yazar-haluk-gerger","12":"first","13":"instock","14":"sale","15":"shipping-taxable","16":"purchasable","17":"product-type-simple"},"_links":{"self":[{"href":"https:\/\/roveyayinevi.com.tr\/index.php\/wp-json\/wp\/v2\/product\/738640","targetHints":{"allow":["GET"]}}],"collection":[{"href":"https:\/\/roveyayinevi.com.tr\/index.php\/wp-json\/wp\/v2\/product"}],"about":[{"href":"https:\/\/roveyayinevi.com.tr\/index.php\/wp-json\/wp\/v2\/types\/product"}],"wp:attachment":[{"href":"https:\/\/roveyayinevi.com.tr\/index.php\/wp-json\/wp\/v2\/media?parent=738640"}],"wp:term":[{"taxonomy":"product_brand","embeddable":true,"href":"https:\/\/roveyayinevi.com.tr\/index.php\/wp-json\/wp\/v2\/product_brand?post=738640"},{"taxonomy":"product_cat","embeddable":true,"href":"https:\/\/roveyayinevi.com.tr\/index.php\/wp-json\/wp\/v2\/product_cat?post=738640"},{"taxonomy":"product_tag","embeddable":true,"href":"https:\/\/roveyayinevi.com.tr\/index.php\/wp-json\/wp\/v2\/product_tag?post=738640"}],"curies":[{"name":"wp","href":"https:\/\/api.w.org\/{rel}","templated":true}]}}