{"id":738639,"date":"2025-08-27T23:54:24","date_gmt":"2025-08-27T20:54:24","guid":{"rendered":"https:\/\/roveyayinevi.com.tr\/index.php\/urun\/cikis-buradan\/"},"modified":"2026-04-16T02:48:49","modified_gmt":"2026-04-15T23:48:49","slug":"cikis-buradan","status":"publish","type":"product","link":"https:\/\/roveyayinevi.com.tr\/index.php\/urun\/cikis-buradan\/","title":{"rendered":"\u00c7\u0131k\u0131\u015f Buradan"},"content":{"rendered":"<p>Fikret Ba\u015fkaya\u2019n\u0131n \u00c7\u0131k\u0131\u015f Buradan ba\u015fl\u0131kl\u0131 yap\u0131t\u0131, i\u00e7ine s\u00fcr\u00fcklendi\u011fimiz \u00e7\u00f6k\u00fc\u015f tablosundan nas\u0131l \u00e7\u0131k\u0131labilir, ya\u015fanabilir bir toplumsal d\u00fczen nas\u0131l kurulabilir sorular\u0131na odaklan\u0131yor. B\u00fct\u00fcnl\u00fckl\u00fc, radikal bir kapitalizm ele\u015ftirisinden hareketle insan-insan\/do\u011fa-toplum uyumunu ihya edecek eko-sosyalist bir perspektif ve paradigma \u00f6neriyor. Bir d\u00fcnya sistemi olan kapitalizm potansiyelini t\u00fcketti, yolun sonuna geldi. Burjuva toplumunun slogan\u0131, \u201cDaha \u00e7ok \u00fcret, daha \u00e7ok t\u00fcket, daha fazlaya sahip ol\u201da indirgenmi\u015f durumda. Fikret Ba\u015fkaya, geri d\u00f6n\u00fc\u015f\u00fc olmayan kritik bir e\u015fi\u011fin a\u015f\u0131lmakta oldu\u011funa dair uyar\u0131lar\u0131n\u0131 somut verilerle temellendiriyor. \u201cB\u00fcy\u00fcme, kalk\u0131nma, ilerleme\u201d gibi kavramlar\u0131n bir \u201cuygarl\u0131k krizi\u201dni maskeledi\u011fini kan\u0131tl\u0131yor.  Fikret Ba\u015fkaya\u2019n\u0131n \u00f6nerdi\u011fi \u00e7\u0131k\u0131\u015f yollar\u0131 aras\u0131nda; siyaseti burjuva politikac\u0131lar\u0131n\u0131n elinden al\u0131p herkesin \u201ci\u015fi\u201d haline getirmek, toplumdan gasp edilenleri ona iade etmek, kimyasal kapitalist tar\u0131mdan \u00e7\u0131kmak ve agroekolojiyi ihya etmek, tiksindirici d\u0131\u015f bor\u00e7lar\u0131 ay\u0131klayarak \u00f6demeleri durdurmak, enerjiyi kamula\u015ft\u0131rmak ve enerji yutucu sistemden \u00e7\u0131kmak, otomobili ba\u015fat ula\u015f\u0131m arac\u0131 olmaktan \u00e7\u0131karmak ve y\u0131k\u0131c\u0131 t\u00fcketime vakitlice son vermek gibi zihin a\u00e7\u0131c\u0131 ba\u015fl\u0131klar yer almakta. \u00c7\u0131k\u0131\u015f Buradan, b\u00fcy\u00fck bir yalanla hesapla\u015fan yetkin bir fikir insan\u0131n\u0131n, Fikret Ba\u015fkaya\u2019n\u0131n entelekt\u00fcel yolculu\u011funun geldi\u011fi yere delalet ediyor. <\/p>\n","protected":false},"excerpt":{"rendered":"<p>Fikret Ba\u015fkaya\u2019n\u0131n \u00c7\u0131k\u0131\u015f Buradan ba\u015fl\u0131kl\u0131 yap\u0131t\u0131, i\u00e7ine s\u00fcr\u00fcklendi\u011fimiz \u00e7\u00f6k\u00fc\u015f tablosundan nas\u0131l \u00e7\u0131k\u0131labilir, ya\u015fanabilir bir toplumsal d\u00fczen nas\u0131l kurulabilir sorular\u0131na odaklan\u0131yor. B\u00fct\u00fcnl\u00fckl\u00fc, radikal bir kapitalizm ele\u015ftirisinden hareketle<span class=\"excerpt-hellip\"> [\u2026]<\/span><\/p>\n","protected":false},"featured_media":0,"template":"","meta":{"_monsterinsights_skip_tracking":false,"_monsterinsights_sitenote_active":false,"_monsterinsights_sitenote_note":"","_monsterinsights_sitenote_category":0},"product_brand":[],"product_cat":[13590,12337],"product_tag":[],"class_list":{"0":"post-738639","1":"product","2":"type-product","3":"status-publish","5":"product_cat-arastirma-inceleme-politika-siyaset","6":"product_cat-politika-siyaset","7":"pa_cilt-ciltsiz","8":"pa_tur-kitap","9":"pa_yayinevi-yordam-kitap","10":"pa_yazar-fikret-baskaya","12":"first","13":"instock","14":"sale","15":"shipping-taxable","16":"purchasable","17":"product-type-simple"},"_links":{"self":[{"href":"https:\/\/roveyayinevi.com.tr\/index.php\/wp-json\/wp\/v2\/product\/738639","targetHints":{"allow":["GET"]}}],"collection":[{"href":"https:\/\/roveyayinevi.com.tr\/index.php\/wp-json\/wp\/v2\/product"}],"about":[{"href":"https:\/\/roveyayinevi.com.tr\/index.php\/wp-json\/wp\/v2\/types\/product"}],"wp:attachment":[{"href":"https:\/\/roveyayinevi.com.tr\/index.php\/wp-json\/wp\/v2\/media?parent=738639"}],"wp:term":[{"taxonomy":"product_brand","embeddable":true,"href":"https:\/\/roveyayinevi.com.tr\/index.php\/wp-json\/wp\/v2\/product_brand?post=738639"},{"taxonomy":"product_cat","embeddable":true,"href":"https:\/\/roveyayinevi.com.tr\/index.php\/wp-json\/wp\/v2\/product_cat?post=738639"},{"taxonomy":"product_tag","embeddable":true,"href":"https:\/\/roveyayinevi.com.tr\/index.php\/wp-json\/wp\/v2\/product_tag?post=738639"}],"curies":[{"name":"wp","href":"https:\/\/api.w.org\/{rel}","templated":true}]}}