{"id":738638,"date":"2025-08-27T23:54:23","date_gmt":"2025-08-27T20:54:23","guid":{"rendered":"https:\/\/roveyayinevi.com.tr\/index.php\/urun\/sayilara-yenik-dusmek\/"},"modified":"2026-04-16T02:48:48","modified_gmt":"2026-04-15T23:48:48","slug":"sayilara-yenik-dusmek","status":"publish","type":"product","link":"https:\/\/roveyayinevi.com.tr\/index.php\/urun\/sayilara-yenik-dusmek\/","title":{"rendered":"Say\u0131lara Yenik D\u00fc\u015fmek"},"content":{"rendered":"<p>Google ve Facebook gibi teknoloji \u015firketleri, bizimle ilgili her t\u00fcr bilgiyi toplayarak ve ki\u015filiklerimizi \u00e7\u00f6z\u00fcmleyerek, bizi y\u00f6nlendirebilir duruma gelmeye \u00e7al\u0131\u015f\u0131yor. Ne kadar ba\u015far\u0131l\u0131 oluyorlar ve ne t\u00fcr s\u0131n\u0131rlarla kar\u015f\u0131la\u015f\u0131yorlar? \u0130nternette, \u201cfiltre balonlar\u0131\u201d ve \u201cyank\u0131 odalar\u0131\u201d denen, farkl\u0131 bilgilerin ve farkl\u0131 bak\u0131\u015f a\u00e7\u0131lar\u0131n\u0131n giremedi\u011fi ortamlar da \u00fcretiliyor. Bunlar insanl\u0131\u011f\u0131 ne \u00f6l\u00e7\u00fcde tehdit ediyor? B\u00fcy\u00fck bir b\u00f6l\u00fcm\u00fc internet robotlar\u0131ndan olu\u015fan trol ordular\u0131n\u0131n yayd\u0131\u011f\u0131 yalan haberler ne kadar etkili? Bir hakikat sonras\u0131 d\u00fcnyas\u0131nda ya\u015famaya ba\u015flad\u0131\u011f\u0131m\u0131z ne kadar do\u011fru? Yapay zek\u00e2n\u0131n d\u00fcnyay\u0131 ele ge\u00e7irmesi olas\u0131l\u0131\u011f\u0131n\u0131 ne \u00f6l\u00e7\u00fcde ciddiye almal\u0131y\u0131z? Uygulamal\u0131 matematik profes\u00f6r\u00fc David Sumpter, bizi \u00e7\u00f6z\u00fcmlemeleri, bizi etkilemeleri ve bizim yerimizi almalar\u0131 i\u00e7in geli\u015ftirilen algoritmalar\u0131n nas\u0131l \u00e7al\u0131\u015ft\u0131klar\u0131n\u0131 g\u00f6stererek, teknoloji alan\u0131ndaki geli\u015fmeleri daha ger\u00e7ek\u00e7i bir \u015fekilde de\u011ferlendirmemizi m\u00fcmk\u00fcn k\u0131l\u0131yor. Bug\u00fcnk\u00fc sistemin yalanlar\u0131na ve aldatmacalar\u0131na de\u011fil, bu sistemin kendisine sald\u0131rmak isteyenlerin bu kitaptan \u00f6\u011frenece\u011fi \u00e7ok \u015fey var. <\/p>\n","protected":false},"excerpt":{"rendered":"<p>Google ve Facebook gibi teknoloji \u015firketleri, bizimle ilgili her t\u00fcr bilgiyi toplayarak ve ki\u015filiklerimizi \u00e7\u00f6z\u00fcmleyerek, bizi y\u00f6nlendirebilir duruma gelmeye \u00e7al\u0131\u015f\u0131yor. Ne kadar ba\u015far\u0131l\u0131 oluyorlar ve ne<span class=\"excerpt-hellip\"> [\u2026]<\/span><\/p>\n","protected":false},"featured_media":0,"template":"","meta":{"_monsterinsights_skip_tracking":false,"_monsterinsights_sitenote_active":false,"_monsterinsights_sitenote_note":"","_monsterinsights_sitenote_category":0},"product_brand":[],"product_cat":[13590,12337],"product_tag":[],"class_list":{"0":"post-738638","1":"product","2":"type-product","3":"status-publish","5":"product_cat-arastirma-inceleme-politika-siyaset","6":"product_cat-politika-siyaset","7":"pa_cilt-ciltsiz","8":"pa_tur-kitap","9":"pa_yayinevi-yordam-kitap","10":"pa_yazar-david-sumpter","12":"first","13":"instock","14":"sale","15":"shipping-taxable","16":"purchasable","17":"product-type-simple"},"_links":{"self":[{"href":"https:\/\/roveyayinevi.com.tr\/index.php\/wp-json\/wp\/v2\/product\/738638","targetHints":{"allow":["GET"]}}],"collection":[{"href":"https:\/\/roveyayinevi.com.tr\/index.php\/wp-json\/wp\/v2\/product"}],"about":[{"href":"https:\/\/roveyayinevi.com.tr\/index.php\/wp-json\/wp\/v2\/types\/product"}],"wp:attachment":[{"href":"https:\/\/roveyayinevi.com.tr\/index.php\/wp-json\/wp\/v2\/media?parent=738638"}],"wp:term":[{"taxonomy":"product_brand","embeddable":true,"href":"https:\/\/roveyayinevi.com.tr\/index.php\/wp-json\/wp\/v2\/product_brand?post=738638"},{"taxonomy":"product_cat","embeddable":true,"href":"https:\/\/roveyayinevi.com.tr\/index.php\/wp-json\/wp\/v2\/product_cat?post=738638"},{"taxonomy":"product_tag","embeddable":true,"href":"https:\/\/roveyayinevi.com.tr\/index.php\/wp-json\/wp\/v2\/product_tag?post=738638"}],"curies":[{"name":"wp","href":"https:\/\/api.w.org\/{rel}","templated":true}]}}