{"id":738636,"date":"2025-08-27T23:54:21","date_gmt":"2025-08-27T20:54:21","guid":{"rendered":"https:\/\/roveyayinevi.com.tr\/index.php\/urun\/yasasin-cumhuriyet-kutu-oyunu\/"},"modified":"2026-04-16T02:48:48","modified_gmt":"2026-04-15T23:48:48","slug":"yasasin-cumhuriyet-kutu-oyunu","status":"publish","type":"product","link":"https:\/\/roveyayinevi.com.tr\/index.php\/urun\/yasasin-cumhuriyet-kutu-oyunu\/","title":{"rendered":"Ya\u015fas\u0131n Cumhuriyet Kutu Oyunu"},"content":{"rendered":"<p>&#8220;Ya\u015fas\u0131n Cumhuriyet&#8221;; Mustafa Kemal&#8217;in 19 May\u0131s 1919&#8217;da Samsun&#8217;a \u00e7\u0131k\u0131\u015f\u0131yla ba\u015flay\u0131p 29 Ekim 1923&#8217;te Cumhuriyetin ilan\u0131yla sonu\u00e7lanan tarihsel s\u00fcreci, oyun kurgusu i\u00e7inde somutlayan bir \u00e7al\u0131\u015fmad\u0131r. &#8220;Ya\u015fas\u0131n Cumhuriyet&#8221;, \u00fclkemizi \u00e7a\u011fda\u015f uygarl\u0131\u011f\u0131n ayd\u0131nl\u0131\u011f\u0131yla bulu\u015fturan Mustafa Kemal&#8217;in \u00f6nderli\u011finde ba\u015flayan Ulusal Ba\u011f\u0131ms\u0131zl\u0131k Sava\u015f\u0131&#8217;n\u0131, tarihsel ger\u00e7eklerin k\u0131lavuzlu\u011funda yap\u0131land\u0131ran \u00e7ocuklar\u0131n da istekle kat\u0131labilece\u011fi bir oyundur. I\u015f\u0131k Kansu\u2019nun haz\u0131rlay\u0131p kurgulad\u0131\u011f\u0131, Aysu Ta\u015fkan&#8217;\u0131n resimlendirdi\u011fi, \u00e7ocuklar\u0131n\u0131zla hem e\u011flenip hem de tarih bilginizi tazeleyece\u011finiz, e\u011fitici ve bilgilendirici kutu oyunu \u201cYa\u015fas\u0131n Cumhuriyet\u201d sizlerle birlikte&#8230;   I\u015f\u0131k Kansu\u2019nun haz\u0131rlay\u0131p kurgulad\u0131\u011f\u0131, Aysu Ta\u015fkan&#8217;\u0131n resimlendirdi\u011fi, \u00e7ocuklar\u0131n\u0131zla hem e\u011flenip hem de tarih bilginizi tazeleyece\u011finiz, e\u011fitici ve bilgilendirici kutu oyunu \u201cYa\u015fas\u0131n Cumhuriyet\u201d <\/p>\n","protected":false},"excerpt":{"rendered":"<p>&#8220;Ya\u015fas\u0131n Cumhuriyet&#8221;; Mustafa Kemal&#8217;in 19 May\u0131s 1919&#8217;da Samsun&#8217;a \u00e7\u0131k\u0131\u015f\u0131yla ba\u015flay\u0131p 29 Ekim 1923&#8217;te Cumhuriyetin ilan\u0131yla sonu\u00e7lanan tarihsel s\u00fcreci, oyun kurgusu i\u00e7inde somutlayan bir \u00e7al\u0131\u015fmad\u0131r. &#8220;Ya\u015fas\u0131n Cumhuriyet&#8221;,<span class=\"excerpt-hellip\"> [\u2026]<\/span><\/p>\n","protected":false},"featured_media":0,"template":"","meta":{"_monsterinsights_skip_tracking":false,"_monsterinsights_sitenote_active":false,"_monsterinsights_sitenote_note":"","_monsterinsights_sitenote_category":0},"product_brand":[],"product_cat":[12304,14128],"product_tag":[],"class_list":{"0":"post-738636","1":"product","2":"type-product","3":"status-publish","5":"product_cat-tarih","6":"product_cat-yakin-tarih","7":"pa_cilt-ciltsiz","8":"pa_tur-kitap20","9":"pa_yayinevi-cumhuriyet-kitaplari","10":"pa_yazar-kolektif","12":"first","13":"instock","14":"sale","15":"shipping-taxable","16":"purchasable","17":"product-type-simple"},"_links":{"self":[{"href":"https:\/\/roveyayinevi.com.tr\/index.php\/wp-json\/wp\/v2\/product\/738636","targetHints":{"allow":["GET"]}}],"collection":[{"href":"https:\/\/roveyayinevi.com.tr\/index.php\/wp-json\/wp\/v2\/product"}],"about":[{"href":"https:\/\/roveyayinevi.com.tr\/index.php\/wp-json\/wp\/v2\/types\/product"}],"wp:attachment":[{"href":"https:\/\/roveyayinevi.com.tr\/index.php\/wp-json\/wp\/v2\/media?parent=738636"}],"wp:term":[{"taxonomy":"product_brand","embeddable":true,"href":"https:\/\/roveyayinevi.com.tr\/index.php\/wp-json\/wp\/v2\/product_brand?post=738636"},{"taxonomy":"product_cat","embeddable":true,"href":"https:\/\/roveyayinevi.com.tr\/index.php\/wp-json\/wp\/v2\/product_cat?post=738636"},{"taxonomy":"product_tag","embeddable":true,"href":"https:\/\/roveyayinevi.com.tr\/index.php\/wp-json\/wp\/v2\/product_tag?post=738636"}],"curies":[{"name":"wp","href":"https:\/\/api.w.org\/{rel}","templated":true}]}}