{"id":738632,"date":"2025-08-27T23:54:17","date_gmt":"2025-08-27T20:54:17","guid":{"rendered":"https:\/\/roveyayinevi.com.tr\/index.php\/urun\/sivil-toplum-demokrasi-ve-kent-yonetimi\/"},"modified":"2026-04-16T02:48:48","modified_gmt":"2026-04-15T23:48:48","slug":"sivil-toplum-demokrasi-ve-kent-yonetimi","status":"publish","type":"product","link":"https:\/\/roveyayinevi.com.tr\/index.php\/urun\/sivil-toplum-demokrasi-ve-kent-yonetimi\/","title":{"rendered":"Sivil Toplum Demokrasi Ve Kent Y\u00f6netimi"},"content":{"rendered":"<p>\u201cDemokrasi ve Sivil Toplum\u201d kavramlar\u0131, tarihin belli bir a\u015famas\u0131nda ortaya \u00e7\u0131kan ve s\u00fcre\u00e7 i\u00e7inde evrenselle\u015ferek insanl\u0131\u011fa mal olmu\u015f kavramlard\u0131r. Tarih\u00e7ilere ve toplum bilimcilere g\u00f6re uygarl\u0131klar kentlerle birlikte ortaya \u00e7\u0131km\u0131\u015f olup, demokrasi ve sivil toplum kavramlar\u0131 da, kentsel ya\u015fam\u0131n ve kentsel gereksinmelerin ortaya \u00e7\u0131kard\u0131\u011f\u0131 anlay\u0131\u015f ve olu\u015fumlar\u0131n \u00fcr\u00fcn\u00fcd\u00fcrler. Geli\u015fmi\u015f bir sivil topluma ve ileri d\u00fczeyde demokrasiye sahip olmak, kentle\u015fme ve uygarl\u0131k d\u00fczeyi i\u00e7in bir \u00f6l\u00e7\u00fct olarak al\u0131nmaktad\u0131r. Ancak do\u011fu ve bat\u0131 toplumlar\u0131 aras\u0131ndaki kar\u015f\u0131tl\u0131klara da ba\u011fl\u0131 olarak d\u00fcnyada tam anlam\u0131yla evrensel nitelikte, yani herkesin kabul etti\u011fi bir demokrasi ve sivil toplum anlay\u0131\u015f\u0131 hen\u00fcz yeterince geli\u015febilmi\u015f de\u011fildir. Demokrasi ve yurtta\u015f tan\u0131mlar\u0131na ba\u011fl\u0131 olarak d\u00f6nemsel olarak farkl\u0131l\u0131klar i\u00e7erse de genel olarak; kat\u0131l\u0131m ilkeleri ve y\u00f6ntemleri,  \u00f6zel olarak ise;  kentsel kat\u0131l\u0131m, kentlerin demokratikle\u015fme dinamiklerinden biridir. Kentsel demokrasinin \u00f6ncelikli ko\u015fulu;  t\u00fcm kesimlerin karar alma ve uygulama s\u00fcre\u00e7lerine ayr\u0131m g\u00f6zetilmeksizin kat\u0131lmas\u0131d\u0131r. Kitapta yer alan \u00e7al\u0131\u015fmalar\u0131n ortaya koydu\u011fu sonu\u00e7lara g\u00f6re; bir \u00fclkede t\u00fcm kurumlar\u0131 ve ilkeleriyle,  kentten \u00fclke b\u00fct\u00fcn\u00fcne kadar her d\u00fczeyde ve alanda, ger\u00e7ekten demokrasi egemen k\u0131l\u0131nmak isteniyorsa,  \u00fclkeyi y\u00f6netenler,  g\u00fc\u00e7l\u00fc ve farkl\u0131 alanlardaki \u00f6rg\u00fctlenmeleriyle sivil giri\u015fimlerin, sivil toplum kurulu\u015flar\u0131n\u0131n demokratik sistemin \u00e7ok \u00f6nemli bir bile\u015feni oldu\u011funu g\u00f6z ard\u0131 etmemelidir. <\/p>\n","protected":false},"excerpt":{"rendered":"<p>\u201cDemokrasi ve Sivil Toplum\u201d kavramlar\u0131, tarihin belli bir a\u015famas\u0131nda ortaya \u00e7\u0131kan ve s\u00fcre\u00e7 i\u00e7inde evrenselle\u015ferek insanl\u0131\u011fa mal olmu\u015f kavramlard\u0131r. Tarih\u00e7ilere ve toplum bilimcilere g\u00f6re uygarl\u0131klar kentlerle<span class=\"excerpt-hellip\"> [\u2026]<\/span><\/p>\n","protected":false},"featured_media":0,"template":"","meta":{"_monsterinsights_skip_tracking":false,"_monsterinsights_sitenote_active":false,"_monsterinsights_sitenote_note":"","_monsterinsights_sitenote_category":0},"product_brand":[],"product_cat":[13059,12337],"product_tag":[],"class_list":{"0":"post-738632","1":"product","2":"type-product","3":"status-publish","5":"product_cat-diger-politika-siyaset","6":"product_cat-politika-siyaset","7":"pa_cilt-ciltsiz","8":"pa_tur-kitap","9":"pa_yayinevi-astana-yayinlari","10":"pa_yazar-rusen-keles-esmeray-alacadagli","12":"first","13":"instock","14":"sale","15":"shipping-taxable","16":"purchasable","17":"product-type-simple"},"_links":{"self":[{"href":"https:\/\/roveyayinevi.com.tr\/index.php\/wp-json\/wp\/v2\/product\/738632","targetHints":{"allow":["GET"]}}],"collection":[{"href":"https:\/\/roveyayinevi.com.tr\/index.php\/wp-json\/wp\/v2\/product"}],"about":[{"href":"https:\/\/roveyayinevi.com.tr\/index.php\/wp-json\/wp\/v2\/types\/product"}],"wp:attachment":[{"href":"https:\/\/roveyayinevi.com.tr\/index.php\/wp-json\/wp\/v2\/media?parent=738632"}],"wp:term":[{"taxonomy":"product_brand","embeddable":true,"href":"https:\/\/roveyayinevi.com.tr\/index.php\/wp-json\/wp\/v2\/product_brand?post=738632"},{"taxonomy":"product_cat","embeddable":true,"href":"https:\/\/roveyayinevi.com.tr\/index.php\/wp-json\/wp\/v2\/product_cat?post=738632"},{"taxonomy":"product_tag","embeddable":true,"href":"https:\/\/roveyayinevi.com.tr\/index.php\/wp-json\/wp\/v2\/product_tag?post=738632"}],"curies":[{"name":"wp","href":"https:\/\/api.w.org\/{rel}","templated":true}]}}