{"id":738628,"date":"2025-08-27T23:53:39","date_gmt":"2025-08-27T20:53:39","guid":{"rendered":"https:\/\/roveyayinevi.com.tr\/index.php\/urun\/turlerin-yeni-kokeni-soyu-tukenen-hayvanlar-icin-ikinci-bir-sans\/"},"modified":"2026-04-16T02:48:48","modified_gmt":"2026-04-15T23:48:48","slug":"turlerin-yeni-kokeni-soyu-tukenen-hayvanlar-icin-ikinci-bir-sans","status":"publish","type":"product","link":"https:\/\/roveyayinevi.com.tr\/index.php\/urun\/turlerin-yeni-kokeni-soyu-tukenen-hayvanlar-icin-ikinci-bir-sans\/","title":{"rendered":"T\u00fcrlerin Yeni  K\u00f6keni Soyu T\u00fckenen Hayvanlar \u0130\u00e7in \u0130kinci Bir \u015eans"},"content":{"rendered":"<p>Pek \u00e7ok kay\u0131p t\u00fcr d\u00fcnyada tekrar y\u00fcr\u00fcyecek gibi g\u00f6r\u00fcn\u00fcyor, ama bu bize nas\u0131l bir d\u00fcnya verecek? Ve bu iyi bir fikir mi? Jurassic Park filmlerinde, co\u015fkular\u0131na ve merak duygular\u0131na yenilen bilim insanlar\u0131n\u0131n laboratuvarda \u00fcrettikleri dinozorlar\u0131n sa\u011fa sola sald\u0131rd\u0131klar\u0131n\u0131 g\u00f6rd\u00fck. Devrimci bilginin ve tanr\u0131sal g\u00fc\u00e7lere sahip olman\u0131n bedelinin a\u011f\u0131r olabilece\u011fi, k\u0131ssadan hisse beynimize kaz\u0131nm\u0131\u015f oldu. Ayn\u0131 zamanda tam da bu g\u00fcd\u00fcden yoksun olursak art\u0131k insan olamayaca\u011f\u0131m\u0131z fikri de bir kez daha vurguland\u0131. Sibirya\u2019n\u0131n permafrostundan California\u2019ya kadar d\u00fcnyan\u0131n d\u00f6rt bir yan\u0131ndaki bilim adamlar\u0131, binlerce y\u0131ldan beri soyu t\u00fckenmi\u015f olan hayvanlar\u0131 \u00fcretmek i\u00e7in \u00e7al\u0131\u015f\u0131yorlar. Bu u\u011fra\u015fta hem fosilleri hem de en son genetik teknolojileri kullan\u0131yorlar. Bu bilim insanlar\u0131ndan baz\u0131lar\u0131 s\u0131rf meraktan hareket ediyor; di\u011ferleri, kaybolan t\u00fcrleri h\u0131zla yok olan ekosistemleri kurtarma m\u00fccadelesinde g\u00fc\u00e7l\u00fc bir silah olarak g\u00f6r\u00fcyor.   \u201cKornfeldt\u2019in bahsetti\u011fi projeler, d\u00fcnya ekosistemlerinin istikrar\u0131n\u0131 tehdit eden bir kitlesel yok olma olay\u0131yla ya\u015fad\u0131\u011f\u0131m\u0131z g\u00f6z \u00f6n\u00fcne al\u0131nd\u0131\u011f\u0131nda, inan\u0131lmaz derecede \u00f6nemli.\u201d \u2013The New Yorker   \u201cOla\u011fan\u00fcst\u00fc hafif bir dokunu\u015fla yaz\u0131lm\u0131\u015f m\u00fckemmel kitap&#8230; do\u011fayla ili\u015fkimiz hakk\u0131nda bir dizi derin soru ve paradoks ortaya \u00e7\u0131kar\u0131yor.\u201d \u2013The Guardian   \u201cKornfeldt\u2019in bu son derece \u00f6nemli konuya ili\u015fkin b\u00fcy\u00fcleyici genel bak\u0131\u015f\u0131 i\u00e7in pek \u00e7ok terim ge\u00e7erli: a\u00e7\u0131k g\u00f6r\u00fc\u015fl\u00fc, \u015f\u00fcpheci\u2026 umutlu. T\u00fcrlerin Yeni K\u00f6keni  bana umut veriyor.\u201d \u2013Peter Watts, Blindsight ve Starfish\u2019in yazar\u0131 <\/p>\n","protected":false},"excerpt":{"rendered":"<p>Pek \u00e7ok kay\u0131p t\u00fcr d\u00fcnyada tekrar y\u00fcr\u00fcyecek gibi g\u00f6r\u00fcn\u00fcyor, ama bu bize nas\u0131l bir d\u00fcnya verecek? Ve bu iyi bir fikir mi? Jurassic Park filmlerinde, co\u015fkular\u0131na<span class=\"excerpt-hellip\"> [\u2026]<\/span><\/p>\n","protected":false},"featured_media":0,"template":"","meta":{"_monsterinsights_skip_tracking":false,"_monsterinsights_sitenote_active":false,"_monsterinsights_sitenote_note":"","_monsterinsights_sitenote_category":0},"product_brand":[],"product_cat":[13072,12291],"product_tag":[],"class_list":{"0":"post-738628","1":"product","2":"type-product","3":"status-publish","5":"product_cat-arastirma-inceleme-referans","6":"product_cat-edebiyat","7":"pa_cilt-ciltsiz","8":"pa_tur-kitap","9":"pa_yayinevi-alfa-yayinlari","10":"pa_yazar-torill-kornfeldt","12":"first","13":"instock","14":"sale","15":"shipping-taxable","16":"purchasable","17":"product-type-simple"},"_links":{"self":[{"href":"https:\/\/roveyayinevi.com.tr\/index.php\/wp-json\/wp\/v2\/product\/738628","targetHints":{"allow":["GET"]}}],"collection":[{"href":"https:\/\/roveyayinevi.com.tr\/index.php\/wp-json\/wp\/v2\/product"}],"about":[{"href":"https:\/\/roveyayinevi.com.tr\/index.php\/wp-json\/wp\/v2\/types\/product"}],"wp:attachment":[{"href":"https:\/\/roveyayinevi.com.tr\/index.php\/wp-json\/wp\/v2\/media?parent=738628"}],"wp:term":[{"taxonomy":"product_brand","embeddable":true,"href":"https:\/\/roveyayinevi.com.tr\/index.php\/wp-json\/wp\/v2\/product_brand?post=738628"},{"taxonomy":"product_cat","embeddable":true,"href":"https:\/\/roveyayinevi.com.tr\/index.php\/wp-json\/wp\/v2\/product_cat?post=738628"},{"taxonomy":"product_tag","embeddable":true,"href":"https:\/\/roveyayinevi.com.tr\/index.php\/wp-json\/wp\/v2\/product_tag?post=738628"}],"curies":[{"name":"wp","href":"https:\/\/api.w.org\/{rel}","templated":true}]}}