{"id":738626,"date":"2025-08-27T23:53:37","date_gmt":"2025-08-27T20:53:37","guid":{"rendered":"https:\/\/roveyayinevi.com.tr\/index.php\/urun\/denizde-neler-var-boyama-kitaplarim-4-5-yas\/"},"modified":"2026-04-16T02:48:48","modified_gmt":"2026-04-15T23:48:48","slug":"denizde-neler-var-boyama-kitaplarim-4-5-yas","status":"publish","type":"product","link":"https:\/\/roveyayinevi.com.tr\/index.php\/urun\/denizde-neler-var-boyama-kitaplarim-4-5-yas\/","title":{"rendered":"Denizde Neler Var? \u2013 Boyama Kitaplarim 4-5 Ya\u015f"},"content":{"rendered":"<p>Denizlerde, okyanuslarda, g\u00f6llerde ke\u015ffedilecek ne \u00e7ok \u015fey var! Hadi, denizde g\u00f6rd\u00fc\u011f\u00fcm\u00fcz ta\u015f\u0131tlar\u0131, hayvanlar\u0131 ve bitkileri tan\u0131yal\u0131m, hepsini reng\u00e2renk boyayal\u0131m! <\/p>\n","protected":false},"excerpt":{"rendered":"<p>Denizlerde, okyanuslarda, g\u00f6llerde ke\u015ffedilecek ne \u00e7ok \u015fey var! Hadi, denizde g\u00f6rd\u00fc\u011f\u00fcm\u00fcz ta\u015f\u0131tlar\u0131, hayvanlar\u0131 ve bitkileri tan\u0131yal\u0131m, hepsini reng\u00e2renk boyayal\u0131m!<\/p>\n","protected":false},"featured_media":0,"template":"","meta":{"_monsterinsights_skip_tracking":false,"_monsterinsights_sitenote_active":false,"_monsterinsights_sitenote_note":"","_monsterinsights_sitenote_category":0},"product_brand":[],"product_cat":[12644,12274],"product_tag":[],"class_list":{"0":"post-738626","1":"product","2":"type-product","3":"status-publish","5":"product_cat-boyama-kitaplari","6":"product_cat-cocuk-ve-genclik-kitaplari","7":"pa_cilt-ciltsiz","8":"pa_tur-kitap","9":"pa_yayinevi-is-bankasi-kultur-yayinlari","10":"pa_yazar-is-bankasi-kultur-yayinlari-kolektif","12":"first","13":"instock","14":"sale","15":"shipping-taxable","16":"purchasable","17":"product-type-simple"},"_links":{"self":[{"href":"https:\/\/roveyayinevi.com.tr\/index.php\/wp-json\/wp\/v2\/product\/738626","targetHints":{"allow":["GET"]}}],"collection":[{"href":"https:\/\/roveyayinevi.com.tr\/index.php\/wp-json\/wp\/v2\/product"}],"about":[{"href":"https:\/\/roveyayinevi.com.tr\/index.php\/wp-json\/wp\/v2\/types\/product"}],"wp:attachment":[{"href":"https:\/\/roveyayinevi.com.tr\/index.php\/wp-json\/wp\/v2\/media?parent=738626"}],"wp:term":[{"taxonomy":"product_brand","embeddable":true,"href":"https:\/\/roveyayinevi.com.tr\/index.php\/wp-json\/wp\/v2\/product_brand?post=738626"},{"taxonomy":"product_cat","embeddable":true,"href":"https:\/\/roveyayinevi.com.tr\/index.php\/wp-json\/wp\/v2\/product_cat?post=738626"},{"taxonomy":"product_tag","embeddable":true,"href":"https:\/\/roveyayinevi.com.tr\/index.php\/wp-json\/wp\/v2\/product_tag?post=738626"}],"curies":[{"name":"wp","href":"https:\/\/api.w.org\/{rel}","templated":true}]}}