{"id":738617,"date":"2025-08-27T23:53:27","date_gmt":"2025-08-27T20:53:27","guid":{"rendered":"https:\/\/roveyayinevi.com.tr\/index.php\/urun\/nablus-1918\/"},"modified":"2026-04-16T02:48:48","modified_gmt":"2026-04-15T23:48:48","slug":"nablus-1918","status":"publish","type":"product","link":"https:\/\/roveyayinevi.com.tr\/index.php\/urun\/nablus-1918\/","title":{"rendered":"Nablus 1918"},"content":{"rendered":"<p>I. D\u00fcnya Sava\u015f\u0131\u2019n\u0131n etkileri g\u00fcn\u00fcm\u00fczde en \u00e7ok hissedilen cephesi muhtemelen, \u0130ngiliz ve Frans\u0131z g\u00fc\u00e7leriyle Osmanl\u0131 ordular\u0131n\u0131n k\u0131yas\u0131ya hakimiyet sava\u015f\u0131na girdikleri Ortado\u011fu\u2019da a\u00e7\u0131lm\u0131\u015ft\u0131. Ortado\u011fu cephesinin merkezi ise M\u0131s\u0131r\u2019daki S\u00fcvey\u015f Kanal\u0131 ile Filistin\u2019de yer almaktayd\u0131. 1915 y\u0131l\u0131 ba\u015f\u0131nda Cemal Pa\u015fa\u2019n\u0131n S\u00fcvey\u015f Kanal\u0131\u2019na kar\u015f\u0131 giri\u015fti\u011fi ba\u015far\u0131s\u0131z ak\u0131nla ba\u015flayan muharebeler, inat\u00e7\u0131 T\u00fcrk savunmas\u0131na kar\u015f\u0131 \u0130ngilizlerin a\u011f\u0131r a\u011f\u0131r ilerleyi\u015fiyle iki y\u0131l s\u00fcr\u00fcp gitti. 1917 ilkbahar\u0131nda M\u0131s\u0131r\u2019daki Britanya kuvvetlerinin ba\u015f\u0131na getirilen General Edmund Allenby, ayn\u0131 y\u0131l\u0131n sonlar\u0131nda Kud\u00fcs\u2019\u00fc ele ge\u00e7irdi\u011fi ba\u015far\u0131l\u0131 bir harek\u00e2t\u0131n ard\u0131ndan, Osmanl\u0131lar\u0131 bar\u0131\u015f istemeye zorlayacak b\u00fcy\u00fck bir sefer planlamaya ba\u015flad\u0131. Bu planlar\u0131n\u0131 Eyl\u00fcl 1918\u2019de uygulamaya koydu\u011funda ise, isyanc\u0131 Arap kuvvetlerinin destekledi\u011fi \u0130ngiliz \u00c7\u00f6l S\u00fcvari Kolordusu, yar\u0131lan T\u00fcrk hatlar\u0131ndan i\u00e7eri ak\u0131p Osmanl\u0131 cephe gerisini birbirine katarak tam \u00fc\u00e7 orduyu yok etti. Kud\u00fcs kap\u0131lar\u0131nda ba\u015flayan \u0130ngiliz sald\u0131r\u0131s\u0131 Osmanl\u0131lar\u0131n ate\u015fkes istedikleri 31 Ekim g\u00fcn\u00fc sona erdi\u011finde, Britanya kuvvetleri Halep\u2019e eri\u015fip Anadolu s\u0131n\u0131rlar\u0131na ula\u015fm\u0131\u015flard\u0131. Alman panzerlerinin Bat\u0131 Avrupa\u2019y\u0131 \u00e7i\u011fnemelerinden yirmi y\u0131l \u00f6nce s\u00fcrati ve \u00e7ap\u0131yla d\u00fcnyay\u0131 \u015fa\u015fk\u0131nl\u0131\u011fa u\u011fratan bu harek\u00e2t, son b\u00fcy\u00fck s\u00fcvari muharebesi olmas\u0131 yan\u0131nda, modern anlamda bir Y\u0131ld\u0131r\u0131m Harbi stratejisini fiiliyata d\u00f6ken belki de ilk \u00f6rnekti. Kendisi de asker k\u00f6kenli olan tecr\u00fcbeli yazar Bryan Perrett, Nablus muharebesini titiz bir analize tabi tutuyor ve bu karma\u015f\u0131k harek\u00e2t\u0131n \u00f6yk\u00fcs\u00fcn\u00fc bol miktarda g\u00f6rsel ve harita ile destekli ak\u0131c\u0131 bir metin haline getiriyor. <\/p>\n","protected":false},"excerpt":{"rendered":"<p>I. D\u00fcnya Sava\u015f\u0131\u2019n\u0131n etkileri g\u00fcn\u00fcm\u00fczde en \u00e7ok hissedilen cephesi muhtemelen, \u0130ngiliz ve Frans\u0131z g\u00fc\u00e7leriyle Osmanl\u0131 ordular\u0131n\u0131n k\u0131yas\u0131ya hakimiyet sava\u015f\u0131na girdikleri Ortado\u011fu\u2019da a\u00e7\u0131lm\u0131\u015ft\u0131. Ortado\u011fu cephesinin merkezi ise<span class=\"excerpt-hellip\"> [\u2026]<\/span><\/p>\n","protected":false},"featured_media":0,"template":"","meta":{"_monsterinsights_skip_tracking":false,"_monsterinsights_sitenote_active":false,"_monsterinsights_sitenote_note":"","_monsterinsights_sitenote_category":0},"product_brand":[],"product_cat":[12312,12304],"product_tag":[],"class_list":{"0":"post-738617","1":"product","2":"type-product","3":"status-publish","5":"product_cat-diger","6":"product_cat-tarih","7":"pa_cilt-ciltsiz","8":"pa_tur-kitap","9":"pa_yayinevi-is-bankasi-kultur-yayinlari","10":"pa_yazar-bryan-perrett","12":"first","13":"instock","14":"sale","15":"shipping-taxable","16":"purchasable","17":"product-type-simple"},"_links":{"self":[{"href":"https:\/\/roveyayinevi.com.tr\/index.php\/wp-json\/wp\/v2\/product\/738617","targetHints":{"allow":["GET"]}}],"collection":[{"href":"https:\/\/roveyayinevi.com.tr\/index.php\/wp-json\/wp\/v2\/product"}],"about":[{"href":"https:\/\/roveyayinevi.com.tr\/index.php\/wp-json\/wp\/v2\/types\/product"}],"wp:attachment":[{"href":"https:\/\/roveyayinevi.com.tr\/index.php\/wp-json\/wp\/v2\/media?parent=738617"}],"wp:term":[{"taxonomy":"product_brand","embeddable":true,"href":"https:\/\/roveyayinevi.com.tr\/index.php\/wp-json\/wp\/v2\/product_brand?post=738617"},{"taxonomy":"product_cat","embeddable":true,"href":"https:\/\/roveyayinevi.com.tr\/index.php\/wp-json\/wp\/v2\/product_cat?post=738617"},{"taxonomy":"product_tag","embeddable":true,"href":"https:\/\/roveyayinevi.com.tr\/index.php\/wp-json\/wp\/v2\/product_tag?post=738617"}],"curies":[{"name":"wp","href":"https:\/\/api.w.org\/{rel}","templated":true}]}}