{"id":738615,"date":"2025-08-27T23:53:24","date_gmt":"2025-08-27T20:53:24","guid":{"rendered":"https:\/\/roveyayinevi.com.tr\/index.php\/urun\/ortaklar-ilkogretmen-okulu-koy-enstitusunden-yansimalarla\/"},"modified":"2026-04-16T02:48:48","modified_gmt":"2026-04-15T23:48:48","slug":"ortaklar-ilkogretmen-okulu-koy-enstitusunden-yansimalarla","status":"publish","type":"product","link":"https:\/\/roveyayinevi.com.tr\/index.php\/urun\/ortaklar-ilkogretmen-okulu-koy-enstitusunden-yansimalarla\/","title":{"rendered":"Ortaklar \u0130lk\u00f6\u011fretmen Okulu \u2013 K\u00f6y Enstit\u00fcs\u00fcnden Yans\u0131malarla"},"content":{"rendered":"<p>K\u00f6y enstit\u00fclerinin ilk\u00f6\u011fretmen okullar\u0131yla birle\u015ftirilmesiyle birlikte e\u011fitim tarihimizde yeni bir evreye girilir. 1954 y\u0131l\u0131nda \u00e7\u0131kar\u0131lan kanunla mevcut k\u00f6y enstit\u00fcleri alt\u0131 y\u0131ll\u0131k ilk\u00f6\u011fretmen okullar\u0131na d\u00f6n\u00fc\u015ft\u00fcr\u00fcl\u00fcr ve bu okullar 1974 y\u0131l\u0131na dek ilkokul \u00f6\u011fretmeni yeti\u015ftirmeye devam eder. Ortaklar K\u00f6y Enstit\u00fcs\u00fc\u2019n\u00fcn devam\u0131 niteli\u011findeki Ortaklar \u0130lk\u00f6\u011fretmen Okulu da bu \u00f6nemli e\u011fitim kurumlar\u0131m\u0131zdan biridir. Kendileri de Ortaklar \u0130lk\u00f6\u011fretmen Okulu mezunu olan Ahmet Nuri Do\u011fan ve Mustafa \u00d6zmen\u2019in haz\u0131rlad\u0131\u011f\u0131 bu kitap Ortaklar\u2019\u0131n tarihine, e\u011fitim sistemimize katk\u0131s\u0131na ve hepsinden \u00f6nce \u00f6\u011fretmen aday\u0131 \u00f6\u011frencilerinin hayatlar\u0131na nas\u0131l damga vurdu\u011funa \u0131\u015f\u0131k tutuyor. Ortaklar \u0130lk\u00f6\u011fretmen Okulu adl\u0131 bu \u00e7al\u0131\u015fmada mezun \u00f6\u011frencilerin ilk a\u011f\u0131zdan anlat\u0131lar\u0131na a\u011f\u0131rl\u0131k veriliyor. Ve bu tan\u0131kl\u0131klarla ya\u015fam\u0131n her alan\u0131na n\u00fcfuz eden, k\u00f6kl\u00fc bir de\u011fi\u015fime olanak sa\u011flayan e\u011fitimin sadece \u00f6\u011fretim s\u00fcresiyle s\u0131n\u0131rl\u0131 olmad\u0131\u011f\u0131na, k\u00f6y enstit\u00fclerinden devral\u0131nan e\u015fsiz tecr\u00fcbenin k\u0131lavuzlu\u011funda ilk\u00f6\u011fretmen okullar\u0131nda nas\u0131l kal\u0131c\u0131 bir \u00f6rne\u011fe d\u00f6n\u00fc\u015ft\u00fc\u011f\u00fcne \u015fahit oluyoruz. <\/p>\n","protected":false},"excerpt":{"rendered":"<p>K\u00f6y enstit\u00fclerinin ilk\u00f6\u011fretmen okullar\u0131yla birle\u015ftirilmesiyle birlikte e\u011fitim tarihimizde yeni bir evreye girilir. 1954 y\u0131l\u0131nda \u00e7\u0131kar\u0131lan kanunla mevcut k\u00f6y enstit\u00fcleri alt\u0131 y\u0131ll\u0131k ilk\u00f6\u011fretmen okullar\u0131na d\u00f6n\u00fc\u015ft\u00fcr\u00fcl\u00fcr ve bu<span class=\"excerpt-hellip\"> [\u2026]<\/span><\/p>\n","protected":false},"featured_media":0,"template":"","meta":{"_monsterinsights_skip_tracking":false,"_monsterinsights_sitenote_active":false,"_monsterinsights_sitenote_note":"","_monsterinsights_sitenote_category":0},"product_brand":[],"product_cat":[13072,12291],"product_tag":[],"class_list":{"0":"post-738615","1":"product","2":"type-product","3":"status-publish","5":"product_cat-arastirma-inceleme-referans","6":"product_cat-edebiyat","7":"pa_cilt-ciltsiz","8":"pa_tur-kitap","9":"pa_yayinevi-is-bankasi-kultur-yayinlari","10":"pa_yazar-ahmet-nuri-dogan-mustafa-ozmen","12":"first","13":"instock","14":"sale","15":"shipping-taxable","16":"purchasable","17":"product-type-simple"},"_links":{"self":[{"href":"https:\/\/roveyayinevi.com.tr\/index.php\/wp-json\/wp\/v2\/product\/738615","targetHints":{"allow":["GET"]}}],"collection":[{"href":"https:\/\/roveyayinevi.com.tr\/index.php\/wp-json\/wp\/v2\/product"}],"about":[{"href":"https:\/\/roveyayinevi.com.tr\/index.php\/wp-json\/wp\/v2\/types\/product"}],"wp:attachment":[{"href":"https:\/\/roveyayinevi.com.tr\/index.php\/wp-json\/wp\/v2\/media?parent=738615"}],"wp:term":[{"taxonomy":"product_brand","embeddable":true,"href":"https:\/\/roveyayinevi.com.tr\/index.php\/wp-json\/wp\/v2\/product_brand?post=738615"},{"taxonomy":"product_cat","embeddable":true,"href":"https:\/\/roveyayinevi.com.tr\/index.php\/wp-json\/wp\/v2\/product_cat?post=738615"},{"taxonomy":"product_tag","embeddable":true,"href":"https:\/\/roveyayinevi.com.tr\/index.php\/wp-json\/wp\/v2\/product_tag?post=738615"}],"curies":[{"name":"wp","href":"https:\/\/api.w.org\/{rel}","templated":true}]}}