{"id":738612,"date":"2025-08-27T23:53:21","date_gmt":"2025-08-27T20:53:21","guid":{"rendered":"https:\/\/roveyayinevi.com.tr\/index.php\/urun\/isinizi-yeniden-kesfedin\/"},"modified":"2026-02-03T03:03:54","modified_gmt":"2026-02-03T00:03:54","slug":"isinizi-yeniden-kesfedin","status":"publish","type":"product","link":"https:\/\/roveyayinevi.com.tr\/index.php\/urun\/isinizi-yeniden-kesfedin\/","title":{"rendered":"\u0130\u015finizi Yeniden Ke\u015ffedin"},"content":{"rendered":"<p>\u0130\u015f hayat\u0131nda ba\u015far\u0131l\u0131 olman\u0131n daha iyi, daha h\u0131zl\u0131 ve daha kolay yolu\u00c7o\u011fu i\u015f kitab\u0131 size ayn\u0131 eski tavsiyeyi verir: Bir i\u015f plan\u0131 haz\u0131rlay\u0131n, rekabetin avantaj ve dezavantajlar\u0131n\u0131 hesaplay\u0131n, yat\u0131r\u0131mc\u0131 aray\u0131n. Bu kitab\u0131 okursan\u0131z planlar\u0131n asl\u0131nda neden zararl\u0131 oldu\u011funu, neden d\u0131\u015far\u0131dan yat\u0131r\u0131mc\u0131ya ihtiyac\u0131n\u0131z olmad\u0131\u011f\u0131n\u0131 ve rekabeti g\u00f6rmezden gelmenin nas\u0131l daha iyi oldu\u011funu anlayacaks\u0131n\u0131z. Ger\u00e7ek \u015fu ki sand\u0131\u011f\u0131n\u0131zdan \u00e7ok daha az\u0131na ihtiyac\u0131n\u0131z var. \u0130\u015fkolik olman\u0131za gerek yok. Birilerini i\u015fe alman\u0131za gerek yok. Evraklarla veya toplant\u0131larla zaman kaybetmenize gerek yok. Bir ofise bile ihtiyac\u0131n\u0131z yok. Bunlar\u0131n hepsi sadece birer bahane.As\u0131l yapman\u0131z gereken konu\u015fmay\u0131 b\u0131rak\u0131p \u00e7al\u0131\u015fmaya ba\u015flamak. \u0130\u015finizi Yeniden Ke\u015ffedin size bunun yolunu g\u00f6steriyor. Nas\u0131l daha \u00fcretken olaca\u011f\u0131n\u0131zdan tonla para harcamadan nas\u0131l g\u00f6r\u00fcn\u00fcr olabilece\u011finize, size ilham verecek ve k\u0131\u015fk\u0131rtacak onlarca \u00f6nemli ipucunu \u00f6\u011freneceksiniz.\u201cK\u0131smen yirmi birinci y\u00fczy\u0131l i\u00e7in giri\u015fimcili\u011fin el kitab\u0131, k\u0131smen modern \u00e7a\u011fda \u00e7al\u0131\u015fman\u0131n asl\u0131nda nas\u0131l bir \u015fey oldu\u011funu merak edenler i\u00e7in bir manifesto olan \u0130\u015finizi Yeniden Ke\u015ffedin, i\u015f d\u00fcnyas\u0131 hakk\u0131ndaki basmakal\u0131p s\u00f6zlerden b\u0131kan herkesin okumas\u0131 gereken bir kitap.\u201d\u2014Chris Anderson, Uzun Kuyruk ve Bedava kitaplar\u0131n\u0131n yazar\u0131\u201cS\u0131k\u0131 giri\u015fimciler, k\u00fc\u00e7\u00fck i\u015fletme sahipleri, nefret ettikleri g\u00fcndelik i\u015flerde s\u0131k\u0131\u015f\u0131p kalanlar, risk sermayedarlar\u0131, \u2018arad\u0131\u011f\u0131n\u0131z\u2019 kitap bu &#8212; ger\u00e7ek bir i\u015f ve ya\u015fam bilgeli\u011fi kitab\u0131.\u201d\u2014Tom Peters, K\u00fc\u00e7\u00fck Ama \u00d6nemli \u015eeyler: M\u00fckemmel\u2019e Ula\u015fman\u0131n 163 Yolu kitab\u0131n\u0131n yazar\u0131\u201cBu kitap k\u0131sa, h\u0131zl\u0131, keskin ve fark yaratmaya haz\u0131r. Ayn\u0131 zamanda hedefe giden yolda ac\u0131mas\u0131z, Jason ve David al\u0131\u015f\u0131lagelenin her zaman do\u011fru olan anlam\u0131na gelmedi\u011fini tekrar tekrar ispatl\u0131yor.\u201d\u2014Seth Godin, Mor \u0130nek kitab\u0131n\u0131n yazar<\/p>\n","protected":false},"excerpt":{"rendered":"<p>\u0130\u015f hayat\u0131nda ba\u015far\u0131l\u0131 olman\u0131n daha iyi, daha h\u0131zl\u0131 ve daha kolay yolu\u00c7o\u011fu i\u015f kitab\u0131 size ayn\u0131 eski tavsiyeyi verir: Bir i\u015f plan\u0131 haz\u0131rlay\u0131n, rekabetin avantaj ve<span class=\"excerpt-hellip\"> [\u2026]<\/span><\/p>\n","protected":false},"featured_media":0,"template":"","meta":{"_monsterinsights_skip_tracking":false,"_monsterinsights_sitenote_active":false,"_monsterinsights_sitenote_note":"","_monsterinsights_sitenote_category":0},"product_brand":[],"product_cat":[12364,12376],"product_tag":[],"class_list":{"0":"post-738612","1":"product","2":"type-product","3":"status-publish","5":"product_cat-genel-konular","6":"product_cat-kisisel-gelisim","7":"pa_cilt-ciltsiz","8":"pa_tur-kitap","9":"pa_yayinevi-nova-kitap","10":"pa_yazar-jason-fried-david-heinemeier-hansson","12":"first","13":"instock","14":"sale","15":"shipping-taxable","16":"purchasable","17":"product-type-simple"},"_links":{"self":[{"href":"https:\/\/roveyayinevi.com.tr\/index.php\/wp-json\/wp\/v2\/product\/738612","targetHints":{"allow":["GET"]}}],"collection":[{"href":"https:\/\/roveyayinevi.com.tr\/index.php\/wp-json\/wp\/v2\/product"}],"about":[{"href":"https:\/\/roveyayinevi.com.tr\/index.php\/wp-json\/wp\/v2\/types\/product"}],"wp:attachment":[{"href":"https:\/\/roveyayinevi.com.tr\/index.php\/wp-json\/wp\/v2\/media?parent=738612"}],"wp:term":[{"taxonomy":"product_brand","embeddable":true,"href":"https:\/\/roveyayinevi.com.tr\/index.php\/wp-json\/wp\/v2\/product_brand?post=738612"},{"taxonomy":"product_cat","embeddable":true,"href":"https:\/\/roveyayinevi.com.tr\/index.php\/wp-json\/wp\/v2\/product_cat?post=738612"},{"taxonomy":"product_tag","embeddable":true,"href":"https:\/\/roveyayinevi.com.tr\/index.php\/wp-json\/wp\/v2\/product_tag?post=738612"}],"curies":[{"name":"wp","href":"https:\/\/api.w.org\/{rel}","templated":true}]}}