{"id":738608,"date":"2025-08-27T23:53:16","date_gmt":"2025-08-27T20:53:16","guid":{"rendered":"https:\/\/roveyayinevi.com.tr\/index.php\/urun\/10-dogruluk-1-cesaret-ciltli\/"},"modified":"2026-04-16T02:48:47","modified_gmt":"2026-04-15T23:48:47","slug":"10-dogruluk-1-cesaret-ciltli","status":"publish","type":"product","link":"https:\/\/roveyayinevi.com.tr\/index.php\/urun\/10-dogruluk-1-cesaret-ciltli\/","title":{"rendered":"10 Do\u011fruluk 1 Cesaret (Ciltli)"},"content":{"rendered":"<p>B\u0131rak ailen senin i\u00e7in mucizeler yarats\u0131nOlivia, derslerin bitti\u011fi ama mezuniyetin hen\u00fcz ger\u00e7ekle\u015fmedi\u011fi parti haftas\u0131n\u0131 iple \u00e7ekiyordu. Her g\u00fcn birbirinden ilgin\u00e7 temal\u0131 etkinliklere kat\u0131lacak ve \u00fcniversite planlar\u0131na dalmadan \u00f6nce g\u00f6nl\u00fcnce e\u011flenecekti.Ama k\u00fc\u00e7\u00fck bir aksilik mezuniyetini tehlikeye at\u0131nca bir anda d\u00fcnyas\u0131 alt\u00fcst oldu. Telefonundan konumunu takip eden annesi ya da fazla merakl\u0131 geni\u015f ailesi fark etmeden i\u015fleri yoluna koymak i\u00e7in sadece bir haftas\u0131 vard\u0131. Kasabada ger\u00e7ekle\u015fen golf turnuvas\u0131nda g\u00f6n\u00fcll\u00fc olmak her \u015feyi \u00e7\u00f6zecekti ama Olivia&#8217;n\u0131n, arkada\u015flar\u0131n\u0131n partileri yerine golf sahas\u0131nda oldu\u011funu gizlemek i\u00e7in Efsane D\u00f6rtl\u00fc\u2019n\u00fcn g\u00fc\u00e7lerini birle\u015ftirmesi gerekiyordu.Son derece yasakl\u0131 bir o\u011flan ikide bir kar\u015f\u0131s\u0131na \u00e7\u0131k\u0131p akl\u0131n\u0131 kar\u0131\u015ft\u0131rsa da Olivia hedefe odaklanm\u0131\u015ft\u0131! Bir takvimi ve bir plan\u0131 vard\u0131! Hi\u00e7bir \u015feyin ters gitmesi m\u00fcmk\u00fcn de\u011fildi\u2026 de\u011fil mi?\u201cTam da kendinizi hik\u00e2yeye kapt\u0131raca\u011f\u0131n\u0131z t\u00fcrden bir kitap.\u201d \u2014School Library Journal\u201cBu yanl\u0131\u015fl\u0131klar dram\/komedisi m\u00fcthi\u015f bir mizahla dolu. Elston o s\u0131ms\u0131cak, kalabal\u0131k aile curcunas\u0131n\u0131 \u00e7ok g\u00fczel anlat\u0131yor ve kuzenler aras\u0131nda insan\u0131n i\u00e7ini \u0131s\u0131tan bir arkada\u015fl\u0131k yarat\u0131yor\u2026 B\u00fcy\u00fcleyici.\u201d \u2014Kirkus<\/p>\n","protected":false},"excerpt":{"rendered":"<p>B\u0131rak ailen senin i\u00e7in mucizeler yarats\u0131nOlivia, derslerin bitti\u011fi ama mezuniyetin hen\u00fcz ger\u00e7ekle\u015fmedi\u011fi parti haftas\u0131n\u0131 iple \u00e7ekiyordu. Her g\u00fcn birbirinden ilgin\u00e7 temal\u0131 etkinliklere kat\u0131lacak ve \u00fcniversite planlar\u0131na<span class=\"excerpt-hellip\"> [\u2026]<\/span><\/p>\n","protected":false},"featured_media":0,"template":"","meta":{"_monsterinsights_skip_tracking":false,"_monsterinsights_sitenote_active":false,"_monsterinsights_sitenote_note":"","_monsterinsights_sitenote_category":0},"product_brand":[],"product_cat":[12291,12711],"product_tag":[],"class_list":{"0":"post-738608","1":"product","2":"type-product","3":"status-publish","5":"product_cat-edebiyat","6":"product_cat-roman-oyku","7":"pa_cilt-ciltli","8":"pa_tur-kitap","9":"pa_yayinevi-yabanci-yayinevi","10":"pa_yazar-ashley-elston","12":"first","13":"instock","14":"sale","15":"shipping-taxable","16":"purchasable","17":"product-type-simple"},"_links":{"self":[{"href":"https:\/\/roveyayinevi.com.tr\/index.php\/wp-json\/wp\/v2\/product\/738608","targetHints":{"allow":["GET"]}}],"collection":[{"href":"https:\/\/roveyayinevi.com.tr\/index.php\/wp-json\/wp\/v2\/product"}],"about":[{"href":"https:\/\/roveyayinevi.com.tr\/index.php\/wp-json\/wp\/v2\/types\/product"}],"wp:attachment":[{"href":"https:\/\/roveyayinevi.com.tr\/index.php\/wp-json\/wp\/v2\/media?parent=738608"}],"wp:term":[{"taxonomy":"product_brand","embeddable":true,"href":"https:\/\/roveyayinevi.com.tr\/index.php\/wp-json\/wp\/v2\/product_brand?post=738608"},{"taxonomy":"product_cat","embeddable":true,"href":"https:\/\/roveyayinevi.com.tr\/index.php\/wp-json\/wp\/v2\/product_cat?post=738608"},{"taxonomy":"product_tag","embeddable":true,"href":"https:\/\/roveyayinevi.com.tr\/index.php\/wp-json\/wp\/v2\/product_tag?post=738608"}],"curies":[{"name":"wp","href":"https:\/\/api.w.org\/{rel}","templated":true}]}}