{"id":738604,"date":"2025-08-27T23:53:11","date_gmt":"2025-08-27T20:53:11","guid":{"rendered":"https:\/\/roveyayinevi.com.tr\/index.php\/urun\/misk-i-amber\/"},"modified":"2026-04-16T02:48:47","modified_gmt":"2026-04-15T23:48:47","slug":"misk-i-amber","status":"publish","type":"product","link":"https:\/\/roveyayinevi.com.tr\/index.php\/urun\/misk-i-amber\/","title":{"rendered":"Misk-i Amber"},"content":{"rendered":"<p>bir ben indirdim kendimer\u0131za ald\u0131m \u015ferhimin dipnotundandedim ki insan yaland\u0131r kendined\u00f6n\u00fcp durdum bu karg\u0131\u015fl\u0131 imgedebakt\u0131m ki her yer k\u0131z\u0131lyar ge\u00e7idiilk benim i\u00e7ime ya\u011f\u0131yor karen uzak en erken sabahlarda uyanan benda\u011flar\u0131 kavgaya suyu tenhaya ba\u011flayan bendedim ki bu kalp bildi\u011fim bir yama\u00e7ta tenhad\u0131rbu kilitli makamda kavrulan \u00e7\u00f6l benimister ya\u011f ister indir \u0131rma\u011faahh ki her yan\u0131m yelher tende k\u00fcl\u00fcm ben<\/p>\n","protected":false},"excerpt":{"rendered":"<p>bir ben indirdim kendimer\u0131za ald\u0131m \u015ferhimin dipnotundandedim ki insan yaland\u0131r kendined\u00f6n\u00fcp durdum bu karg\u0131\u015fl\u0131 imgedebakt\u0131m ki her yer k\u0131z\u0131lyar ge\u00e7idiilk benim i\u00e7ime ya\u011f\u0131yor karen uzak en<span class=\"excerpt-hellip\"> [\u2026]<\/span><\/p>\n","protected":false},"featured_media":0,"template":"","meta":{"_monsterinsights_skip_tracking":false,"_monsterinsights_sitenote_active":false,"_monsterinsights_sitenote_note":"","_monsterinsights_sitenote_category":0},"product_brand":[],"product_cat":[12291,12509],"product_tag":[],"class_list":{"0":"post-738604","1":"product","2":"type-product","3":"status-publish","5":"product_cat-edebiyat","6":"product_cat-siir","7":"pa_cilt-ciltsiz","8":"pa_tur-kitap","9":"pa_yayinevi-ithaki-yayinlari","10":"pa_yazar-mehmet-altun","12":"first","13":"instock","14":"sale","15":"shipping-taxable","16":"purchasable","17":"product-type-simple"},"_links":{"self":[{"href":"https:\/\/roveyayinevi.com.tr\/index.php\/wp-json\/wp\/v2\/product\/738604","targetHints":{"allow":["GET"]}}],"collection":[{"href":"https:\/\/roveyayinevi.com.tr\/index.php\/wp-json\/wp\/v2\/product"}],"about":[{"href":"https:\/\/roveyayinevi.com.tr\/index.php\/wp-json\/wp\/v2\/types\/product"}],"wp:attachment":[{"href":"https:\/\/roveyayinevi.com.tr\/index.php\/wp-json\/wp\/v2\/media?parent=738604"}],"wp:term":[{"taxonomy":"product_brand","embeddable":true,"href":"https:\/\/roveyayinevi.com.tr\/index.php\/wp-json\/wp\/v2\/product_brand?post=738604"},{"taxonomy":"product_cat","embeddable":true,"href":"https:\/\/roveyayinevi.com.tr\/index.php\/wp-json\/wp\/v2\/product_cat?post=738604"},{"taxonomy":"product_tag","embeddable":true,"href":"https:\/\/roveyayinevi.com.tr\/index.php\/wp-json\/wp\/v2\/product_tag?post=738604"}],"curies":[{"name":"wp","href":"https:\/\/api.w.org\/{rel}","templated":true}]}}