{"id":738603,"date":"2025-08-27T23:53:10","date_gmt":"2025-08-27T20:53:10","guid":{"rendered":"https:\/\/roveyayinevi.com.tr\/index.php\/urun\/gordum-cicegi\/"},"modified":"2026-04-16T02:48:47","modified_gmt":"2026-04-15T23:48:47","slug":"gordum-cicegi","status":"publish","type":"product","link":"https:\/\/roveyayinevi.com.tr\/index.php\/urun\/gordum-cicegi\/","title":{"rendered":"G\u00f6rd\u00fcm \u00c7i\u00e7e\u011fi"},"content":{"rendered":"<p>Kedilerin s\u0131k s\u0131k g\u00f6rd\u00fc\u011f\u00fc, sizinse hi\u00e7 g\u00f6rmedi\u011finiz bir \u00e7i\u00e7ek: G\u00f6rd\u00fcm \u00c7i\u00e7e\u011fi. Hen\u00fcz onunla tan\u0131\u015fmad\u0131n\u0131z ama g\u00f6zlerinizin \u00f6n\u00fcnden yava\u015f yava\u015f, damla damla ge\u00e7mesi yak\u0131nd\u0131r.Ba\u015fak Da\u015fman\u2019\u0131n \u00f6yk\u00fc ser\u00fcveni, on \u00f6yk\u00fcden olu\u015fan ikinci kitab\u0131 G\u00f6rd\u00fcm \u00c7i\u00e7e\u011fi\u2019yle devam ediyor. Da\u015fman, yeni \u00f6yk\u00fclerinde, oyunculu\u011fun kendine has g\u00f6zlem g\u00fcc\u00fcn\u00fc yaz\u0131 d\u00fcnyas\u0131na aktar\u0131yor; \u00f6zellikle modern insan\u0131n d\u00fc\u015ft\u00fc\u011f\u00fc h\u00e2lleri ironik bir dille payla\u015f\u0131yor okuruyla. Bu kitab\u0131n s\u00f6zdizimi de, imla tercihleri de, ad\u0131 gibi \u00f6zg\u00fcn ve kimi zaman da ayk\u0131r\u0131.\u0130\u00e7inde bulundu\u011fumuz evrende ya da bir ba\u015fkas\u0131nda, tek ba\u015f\u0131na ya da arkada\u015flarla, monoton bir g\u00fcn daha ya da ya\u015fanacak s\u0131k\u0131 bir macera&#8230; Da\u015fman\u2019\u0131n \u00f6yk\u00fclerinde herkes i\u00e7in bir koltuk var. Yeter ki okur, \u201cYaz bunlar\u0131!\u201d demeye devam etsin.\u201cG\u00f6z\u00fcm\u00fcn \u00f6n\u00fcnde a\u011fz\u0131na kadar pembe G\u00f6rd\u00fcm \u00c7i\u00e7e\u011fi yapraklar\u0131yla dolu dev bir kule canland\u0131. Hemen arka sokakta. Kule kendini kendine s\u0131k\u0131\u015ft\u0131r\u0131yor, s\u0131k\u0131\u015ft\u0131r\u0131yor, s\u0131k\u0131\u015ft\u0131r\u0131yor ve g\u00f6vdesinin alt\u0131ndaki minik muslu\u011fundan birka\u00e7 damla ya\u011f s\u00fcz\u00fcl\u00fcp yava\u015f yava\u015f daml\u0131yor. Alt\u0131na \u015fi\u015fe koymay\u0131 unutuyorlar. Olamaz! Oradan ge\u00e7en kediler a\u011f\u0131zlar\u0131n\u0131 \u015fap\u0131rdatarak i\u00e7iyorlar o bin bir emekle, onca \u00e7i\u00e7ekten \u00e7\u0131kan ya\u011f\u0131. Kediler ondan b\u00f6yle. Bu kadar ba\u015f\u0131na buyruk. Hep bir bildikleri varm\u0131\u015f gibi dolanmalar\u0131 bundan belki de. Adi kediler. H\u0131rs\u0131zl\u0131k d\u00fcped\u00fcz, hem de g\u00fcpeg\u00fcnd\u00fcz! Ka\u00e7 para bu! Ay\u0131pt\u0131r be! Ka\u00e7 para bu! Hakikaten ka\u00e7 para bu?\u201d<\/p>\n","protected":false},"excerpt":{"rendered":"<p>Kedilerin s\u0131k s\u0131k g\u00f6rd\u00fc\u011f\u00fc, sizinse hi\u00e7 g\u00f6rmedi\u011finiz bir \u00e7i\u00e7ek: G\u00f6rd\u00fcm \u00c7i\u00e7e\u011fi. Hen\u00fcz onunla tan\u0131\u015fmad\u0131n\u0131z ama g\u00f6zlerinizin \u00f6n\u00fcnden yava\u015f yava\u015f, damla damla ge\u00e7mesi yak\u0131nd\u0131r.Ba\u015fak Da\u015fman\u2019\u0131n \u00f6yk\u00fc ser\u00fcveni,<span class=\"excerpt-hellip\"> [\u2026]<\/span><\/p>\n","protected":false},"featured_media":0,"template":"","meta":{"_monsterinsights_skip_tracking":false,"_monsterinsights_sitenote_active":false,"_monsterinsights_sitenote_note":"","_monsterinsights_sitenote_category":0},"product_brand":[],"product_cat":[12291,12711],"product_tag":[],"class_list":{"0":"post-738603","1":"product","2":"type-product","3":"status-publish","5":"product_cat-edebiyat","6":"product_cat-roman-oyku","7":"pa_cilt-ciltsiz","8":"pa_tur-kitap","9":"pa_yayinevi-ithaki-yayinlari","10":"pa_yazar-basak-dasman","12":"first","13":"instock","14":"sale","15":"shipping-taxable","16":"purchasable","17":"product-type-simple"},"_links":{"self":[{"href":"https:\/\/roveyayinevi.com.tr\/index.php\/wp-json\/wp\/v2\/product\/738603","targetHints":{"allow":["GET"]}}],"collection":[{"href":"https:\/\/roveyayinevi.com.tr\/index.php\/wp-json\/wp\/v2\/product"}],"about":[{"href":"https:\/\/roveyayinevi.com.tr\/index.php\/wp-json\/wp\/v2\/types\/product"}],"wp:attachment":[{"href":"https:\/\/roveyayinevi.com.tr\/index.php\/wp-json\/wp\/v2\/media?parent=738603"}],"wp:term":[{"taxonomy":"product_brand","embeddable":true,"href":"https:\/\/roveyayinevi.com.tr\/index.php\/wp-json\/wp\/v2\/product_brand?post=738603"},{"taxonomy":"product_cat","embeddable":true,"href":"https:\/\/roveyayinevi.com.tr\/index.php\/wp-json\/wp\/v2\/product_cat?post=738603"},{"taxonomy":"product_tag","embeddable":true,"href":"https:\/\/roveyayinevi.com.tr\/index.php\/wp-json\/wp\/v2\/product_tag?post=738603"}],"curies":[{"name":"wp","href":"https:\/\/api.w.org\/{rel}","templated":true}]}}