{"id":738602,"date":"2025-08-27T23:53:09","date_gmt":"2025-08-27T20:53:09","guid":{"rendered":"https:\/\/roveyayinevi.com.tr\/index.php\/urun\/cukur-4\/"},"modified":"2026-04-03T02:54:03","modified_gmt":"2026-04-02T23:54:03","slug":"cukur-4","status":"publish","type":"product","link":"https:\/\/roveyayinevi.com.tr\/index.php\/urun\/cukur-4\/","title":{"rendered":"\u00c7ukur"},"content":{"rendered":"<p>Sovyet devriminin avangard\u0131 Andrey Platonov d\u00fcnyay\u0131 g\u00f6rd\u00fc\u011f\u00fc gibi yazmaktan hi\u00e7 vazge\u00e7medi. Devrim sonras\u0131 Rusya\u2019n\u0131n stepleri onun g\u00f6z\u00fcnde yeni devrimlere gebe bir yer oldu hep. Belki de bu sebepten Parti ile y\u0131ld\u0131zlar\u0131 hi\u00e7 bar\u0131\u015fmad\u0131 ve yazar\u0131n hakk\u0131n\u0131n teslim edilmesi \u00f6l\u00fcm\u00fcnden sonras\u0131na kald\u0131. \u00c7ukur da kendi vatan\u0131nda ancak 1987\u2019de yay\u0131mlanabildi.B\u00fcy\u00fck Ter\u00f6r d\u00f6nemi Sovyet Rusya\u2019s\u0131ndaki bir k\u00f6y\u00fcn iyi niyetli insanlar\u0131, merkezden gelen direktifleri yanl\u0131\u015f anlayarak d\u00fcnyan\u0131n t\u00fcm evsiz barks\u0131zlar\u0131na yuva olacak muazzam bir binan\u0131n temelini kazmaya ba\u015flar. Burjuva s\u0131n\u0131f\u0131n\u0131 tasfiye edip kolektivizasyonun prensiplerini yerine getirmeleri gerekmektedir. Akl\u0131, yarat\u0131l\u0131\u015f\u0131n ama\u00e7s\u0131zl\u0131\u011f\u0131na dair sorularla dolup ta\u015fan Vo\u015f\u00e7ev ise hem devrimin bu k\u00f6yle ald\u0131\u011f\u0131 grotesk bi\u00e7ime al\u0131\u015fmaya \u00e7al\u0131\u015f\u0131r, hem de \u00fczerine titrenen gelece\u011fin d\u00f6n\u00fc\u015f\u00fcm\u00fcne \u015fahit olur.Platonov\u2019dan \u00c7ukur devrimle gelen dayatmalara dair siyasi tavr\u0131ndan \u00f6d\u00fcn vermeyen, s\u00fcrrealist bir \u015faheser.\u201c\u00dczerine bir \u00f6m\u00fcr \u00e7al\u0131\u015fmay\u0131 hak eden kitaplara imza atm\u0131\u015f, muazzam bir yazar Platonov.\u201d \u2013Vasili Grossman\u201cAnlad\u0131\u011f\u0131m kadar\u0131yla ruhunuz Gogol\u2019\u00fcnkine yak\u0131n. Bu nedenle dramda de\u011fil, komedide deneyin kendinizi. \u00d6fkelenmeyin. \u00dcz\u00fclmeyin\u2026 Her \u015fey ge\u00e7er, yaln\u0131zca ger\u00e7ek kal\u0131r geriye.\u201d \u2013Maksim Gorki; Platonov\u2019a mektubundan.<\/p>\n","protected":false},"excerpt":{"rendered":"<p>Sovyet devriminin avangard\u0131 Andrey Platonov d\u00fcnyay\u0131 g\u00f6rd\u00fc\u011f\u00fc gibi yazmaktan hi\u00e7 vazge\u00e7medi. Devrim sonras\u0131 Rusya\u2019n\u0131n stepleri onun g\u00f6z\u00fcnde yeni devrimlere gebe bir yer oldu hep. Belki de<span class=\"excerpt-hellip\"> [\u2026]<\/span><\/p>\n","protected":false},"featured_media":0,"template":"","meta":{"_monsterinsights_skip_tracking":false,"_monsterinsights_sitenote_active":false,"_monsterinsights_sitenote_note":"","_monsterinsights_sitenote_category":0},"product_brand":[],"product_cat":[12291,12711],"product_tag":[],"class_list":{"0":"post-738602","1":"product","2":"type-product","3":"status-publish","5":"product_cat-edebiyat","6":"product_cat-roman-oyku","7":"pa_cilt-ciltsiz","8":"pa_tur-kitap","9":"pa_yayinevi-ithaki-yayinlari","10":"pa_yazar-andrey-platonov","12":"first","13":"instock","14":"sale","15":"shipping-taxable","16":"purchasable","17":"product-type-simple"},"_links":{"self":[{"href":"https:\/\/roveyayinevi.com.tr\/index.php\/wp-json\/wp\/v2\/product\/738602","targetHints":{"allow":["GET"]}}],"collection":[{"href":"https:\/\/roveyayinevi.com.tr\/index.php\/wp-json\/wp\/v2\/product"}],"about":[{"href":"https:\/\/roveyayinevi.com.tr\/index.php\/wp-json\/wp\/v2\/types\/product"}],"wp:attachment":[{"href":"https:\/\/roveyayinevi.com.tr\/index.php\/wp-json\/wp\/v2\/media?parent=738602"}],"wp:term":[{"taxonomy":"product_brand","embeddable":true,"href":"https:\/\/roveyayinevi.com.tr\/index.php\/wp-json\/wp\/v2\/product_brand?post=738602"},{"taxonomy":"product_cat","embeddable":true,"href":"https:\/\/roveyayinevi.com.tr\/index.php\/wp-json\/wp\/v2\/product_cat?post=738602"},{"taxonomy":"product_tag","embeddable":true,"href":"https:\/\/roveyayinevi.com.tr\/index.php\/wp-json\/wp\/v2\/product_tag?post=738602"}],"curies":[{"name":"wp","href":"https:\/\/api.w.org\/{rel}","templated":true}]}}