{"id":738600,"date":"2025-08-27T23:53:06","date_gmt":"2025-08-27T20:53:06","guid":{"rendered":"https:\/\/roveyayinevi.com.tr\/index.php\/urun\/brodynin-gizemli-sifresi\/"},"modified":"2026-04-08T02:56:49","modified_gmt":"2026-04-07T23:56:49","slug":"brodynin-gizemli-sifresi","status":"publish","type":"product","link":"https:\/\/roveyayinevi.com.tr\/index.php\/urun\/brodynin-gizemli-sifresi\/","title":{"rendered":"Brody\u2019nin Gizemli \u015eifresi"},"content":{"rendered":"<p>Brody ile maceraya haz\u0131r m\u0131s\u0131n?Ans\u0131z\u0131n odas\u0131nda buldug\u0306u bu gizemli kag\u0306\u0131t da ne? \u00dczerinde anlas\u0327\u0131lmaz semboller var. Bir dakika! Bu bir c\u00fcmle ama farkl\u0131 bir alfabeyle yaz\u0131lm\u0131s\u0327. Daha \u00f6nce hi\u00e7 kars\u0327\u0131las\u0327mad\u0131g\u0306\u0131m\u0131z bir alfabe&#8230; Aktivitelerin sonu\u00e7lar\u0131 gizli alfabeyi \u00e7\u00f6zmeni sag\u0306layacak. Peki kag\u0306\u0131tta ne yaz\u0131yor? <\/p>\n","protected":false},"excerpt":{"rendered":"<p>Brody ile maceraya haz\u0131r m\u0131s\u0131n?Ans\u0131z\u0131n odas\u0131nda buldug\u0306u bu gizemli kag\u0306\u0131t da ne? \u00dczerinde anlas\u0327\u0131lmaz semboller var. Bir dakika! Bu bir c\u00fcmle ama farkl\u0131 bir alfabeyle yaz\u0131lm\u0131s\u0327.<span class=\"excerpt-hellip\"> [\u2026]<\/span><\/p>\n","protected":false},"featured_media":0,"template":"","meta":{"_monsterinsights_skip_tracking":false,"_monsterinsights_sitenote_active":false,"_monsterinsights_sitenote_note":"","_monsterinsights_sitenote_category":0},"product_brand":[],"product_cat":[12274,12284],"product_tag":[],"class_list":{"0":"post-738600","1":"product","2":"type-product","3":"status-publish","5":"product_cat-cocuk-ve-genclik-kitaplari","6":"product_cat-hikayeler","7":"pa_cilt-ciltsiz","8":"pa_tur-kitap","9":"pa_yayinevi-eksik-parca-yayinlari","10":"pa_yazar-eksik-parca-yayinlari-kolektif","12":"first","13":"instock","14":"sale","15":"shipping-taxable","16":"purchasable","17":"product-type-simple"},"_links":{"self":[{"href":"https:\/\/roveyayinevi.com.tr\/index.php\/wp-json\/wp\/v2\/product\/738600","targetHints":{"allow":["GET"]}}],"collection":[{"href":"https:\/\/roveyayinevi.com.tr\/index.php\/wp-json\/wp\/v2\/product"}],"about":[{"href":"https:\/\/roveyayinevi.com.tr\/index.php\/wp-json\/wp\/v2\/types\/product"}],"wp:attachment":[{"href":"https:\/\/roveyayinevi.com.tr\/index.php\/wp-json\/wp\/v2\/media?parent=738600"}],"wp:term":[{"taxonomy":"product_brand","embeddable":true,"href":"https:\/\/roveyayinevi.com.tr\/index.php\/wp-json\/wp\/v2\/product_brand?post=738600"},{"taxonomy":"product_cat","embeddable":true,"href":"https:\/\/roveyayinevi.com.tr\/index.php\/wp-json\/wp\/v2\/product_cat?post=738600"},{"taxonomy":"product_tag","embeddable":true,"href":"https:\/\/roveyayinevi.com.tr\/index.php\/wp-json\/wp\/v2\/product_tag?post=738600"}],"curies":[{"name":"wp","href":"https:\/\/api.w.org\/{rel}","templated":true}]}}