{"id":738597,"date":"2025-08-27T23:53:02","date_gmt":"2025-08-27T20:53:02","guid":{"rendered":"https:\/\/roveyayinevi.com.tr\/index.php\/urun\/kurt-asiretleri\/"},"modified":"2026-04-16T02:48:47","modified_gmt":"2026-04-15T23:48:47","slug":"kurt-asiretleri","status":"publish","type":"product","link":"https:\/\/roveyayinevi.com.tr\/index.php\/urun\/kurt-asiretleri\/","title":{"rendered":"K\u00fcrt A\u015firetleri"},"content":{"rendered":"<p>Osmanl\u0131\u2019yla mu\u0308ttefiklikten du\u0308s\u0327manl\u0131g\u0306a uzanan ilis\u0327kileri sonucu Ku\u0308rt as\u0327iretleri, 16. yu\u0308zy\u0131ldan itibaren su\u0308rekli olarak bir \u0131slah c\u0327abas\u0131n\u0131n nesnesi, \u201cs\u0327aki\u0302lig\u0306in membas\u0131\u201d olarak kay\u0131tlara gec\u0327ti, buna uygun bir muameleyle kars\u0327\u0131 kars\u0327\u0131ya kald\u0131. 18. yu\u0308zy\u0131l\u0131n ilk yar\u0131s\u0131na kadar genis\u0327 bir cog\u0306rafya u\u0308zerinde otonom ve yar\u0131 otonom bir s\u0327ekilde hu\u0308ku\u0308mranl\u0131k su\u0308ru\u0308p imparatorlug\u0306un takdir, taltif ve terfilerine mazhar olan da yine bu Ku\u0308rt as\u0327iretleri oldu. Zaman ic\u0327inde yog\u0306unlas\u0327an merkeziles\u0327me politikalar\u0131yla beraber Ku\u0308rt as\u0327iretlerinin devletle ilis\u0327kisi, c\u0327es\u0327itli bic\u0327imlerde deg\u0306is\u0327se de ana eksen sabitti: II. Abdu\u0308lhamit\u2019ten I\u0307ttihat ve Terakki\u2019ye ve nihayet Cumhuriyet\u2019e devreden ilis\u0327ki kars\u0327\u0131l\u0131kl\u0131 c\u0327\u0131karlara dayal\u0131, itaatle isyan aras\u0131nda sal\u0131nan bir politik du\u0308zlemde belirlendi. Her as\u0327iretinse elbette kendi hususiyeti, tarihi, politik kabiliyeti, ayr\u0131 ayr\u0131 s\u0327ahsiyeti vard\u0131. Bir bu\u0308tu\u0308n olarak as\u0327iret ilis\u0327kileri ve olgusunun is\u0327leyis\u0327ine dair genel bir c\u0327erc\u0327eve sunan Tuncay S\u0327ur ve Yalc\u0327\u0131n C\u0327akmak\u2019\u0131n derledig\u0306i Ku\u0308rt As\u0327iretleri, birc\u0327ok as\u0327ireti gerek kendi tarihleri, gerek tarihsel konumlanmalar\u0131 c\u0327erc\u0327evesinde panoramik bic\u0327imde ele al\u0131yor. As\u0327iretler konusunda zengin bir bak\u0131s\u0327 ac\u0327\u0131s\u0131 sunan, kapsaml\u0131 bir derleme&#8230; Suavi Ayd\u0131n, Ali Haydar Bektas\u0327, Burak Bektas\u0327, Hasan Bic\u0327im, Hamit Bozarslan, Serhat Bozkurt, Safiye Ates\u0327 Burc\u0327, Yalc\u0327\u0131n C\u0327akmak, Ercan C\u0327ag\u0306layan, Go\u0308khan C\u0327etinsaya, Erdal C\u0327iftc\u0327i, Berhan Aren C\u0327oban, Fasih Dinc\u0327, Mehmet Re\u0302zan Ekinci, Kamil F\u0131rat, Mehmet Fig\u0306an, Suphi I\u0307zol, Hakan Kaya, Yener Koc\u0327, I\u0307smet Konak, Orhan O\u0308rs, Tuncay S\u0327ur, Gu\u0308ltekin Uc\u0327ar, Sedat Ulugana, Martin van Bruinessen, Hiroki Wakamatsu ve Lale Yalc\u0327\u0131n-Heckmann\u2019\u0131n katk\u0131lar\u0131yla&#8230; <\/p>\n","protected":false},"excerpt":{"rendered":"<p>Osmanl\u0131\u2019yla mu\u0308ttefiklikten du\u0308s\u0327manl\u0131g\u0306a uzanan ilis\u0327kileri sonucu Ku\u0308rt as\u0327iretleri, 16. yu\u0308zy\u0131ldan itibaren su\u0308rekli olarak bir \u0131slah c\u0327abas\u0131n\u0131n nesnesi, \u201cs\u0327aki\u0302lig\u0306in membas\u0131\u201d olarak kay\u0131tlara gec\u0327ti, buna uygun bir muameleyle<span class=\"excerpt-hellip\"> [\u2026]<\/span><\/p>\n","protected":false},"featured_media":0,"template":"","meta":{"_monsterinsights_skip_tracking":false,"_monsterinsights_sitenote_active":false,"_monsterinsights_sitenote_note":"","_monsterinsights_sitenote_category":0},"product_brand":[],"product_cat":[13072,12291],"product_tag":[],"class_list":{"0":"post-738597","1":"product","2":"type-product","3":"status-publish","5":"product_cat-arastirma-inceleme-referans","6":"product_cat-edebiyat","7":"pa_cilt-ciltsiz","8":"pa_tur-kitap","9":"pa_yayinevi-iletisim-yayinlari","10":"pa_yazar-iletisim-yayinlari-kolektif","12":"first","13":"instock","14":"sale","15":"shipping-taxable","16":"purchasable","17":"product-type-simple"},"_links":{"self":[{"href":"https:\/\/roveyayinevi.com.tr\/index.php\/wp-json\/wp\/v2\/product\/738597","targetHints":{"allow":["GET"]}}],"collection":[{"href":"https:\/\/roveyayinevi.com.tr\/index.php\/wp-json\/wp\/v2\/product"}],"about":[{"href":"https:\/\/roveyayinevi.com.tr\/index.php\/wp-json\/wp\/v2\/types\/product"}],"wp:attachment":[{"href":"https:\/\/roveyayinevi.com.tr\/index.php\/wp-json\/wp\/v2\/media?parent=738597"}],"wp:term":[{"taxonomy":"product_brand","embeddable":true,"href":"https:\/\/roveyayinevi.com.tr\/index.php\/wp-json\/wp\/v2\/product_brand?post=738597"},{"taxonomy":"product_cat","embeddable":true,"href":"https:\/\/roveyayinevi.com.tr\/index.php\/wp-json\/wp\/v2\/product_cat?post=738597"},{"taxonomy":"product_tag","embeddable":true,"href":"https:\/\/roveyayinevi.com.tr\/index.php\/wp-json\/wp\/v2\/product_tag?post=738597"}],"curies":[{"name":"wp","href":"https:\/\/api.w.org\/{rel}","templated":true}]}}