{"id":738596,"date":"2025-08-27T23:53:01","date_gmt":"2025-08-27T20:53:01","guid":{"rendered":"https:\/\/roveyayinevi.com.tr\/index.php\/urun\/esitsizlikler-kitabi\/"},"modified":"2026-04-16T02:48:47","modified_gmt":"2026-04-15T23:48:47","slug":"esitsizlikler-kitabi","status":"publish","type":"product","link":"https:\/\/roveyayinevi.com.tr\/index.php\/urun\/esitsizlikler-kitabi\/","title":{"rendered":"E\u015fitsizlikler Kitab\u0131"},"content":{"rendered":"<p>Her yer ve zamanda gec\u0327erli tek bir es\u0327itsizlik bic\u0327imi olmad\u0131g\u0306\u0131ndan hareketle, es\u0327itsizlikler terimini kulland\u0131m&#8230; Zira es\u0327itsizlikler sadece kimin ne kadar para kazand\u0131g\u0306\u0131n\u0131 belirlemiyor, c\u0327ocug\u0306unuza ald\u0131g\u0306\u0131n\u0131z oyuncaktan tutun da kahvalt\u0131 masas\u0131na neler koydug\u0306unuza, ne kadar zeytinyag\u0306\u0131 tu\u0308kettig\u0306inizden ailenin genc\u0327lerinin u\u0308niversite s\u0131navlar\u0131na nas\u0131l haz\u0131rland\u0131g\u0306\u0131na, hatta kimin kimle evlendig\u0306ine kadar go\u0308zle go\u0308ru\u0308lmesi kolay olmayan bir dolu alana s\u0131z\u0131yor, izini b\u0131rak\u0131yor.\u201d E\u015fitsizlikler Kitab\u0131, AKP iktidar\u0131n\u0131n bas\u0327lad\u0131g\u0306\u0131 2002\u2019den 2020\u2019lere uzanan seyri ic\u0327inde, Tu\u0308rkiye\u2019de toplumsal es\u0327itsizlig\u0306in deg\u0306is\u0327ik boyutlar\u0131yla olag\u0306anu\u0308stu\u0308 ayr\u0131nt\u0131l\u0131 bir analizini yap\u0131yor. Kitab\u0131n ic\u0327inde do\u0308rt kitap var asl\u0131nda. Birincisi, es\u0327itsizlikleri nas\u0131l ele almak gerektig\u0306ini ve sosyal bilimlerin \u201cgo\u0308rmezliklerini\u201d tart\u0131s\u0327\u0131yor. I\u0307kincisi, u\u0308lkedeki gelir dag\u0306\u0131l\u0131m\u0131n\u0131n haritas\u0131n\u0131 c\u0327\u0131kar\u0131yor. U\u0308c\u0327u\u0308ncu\u0308su\u0308, tu\u0308ketimi ve o\u0308zellikle artan finansallas\u0327ma, dolay\u0131s\u0131yla borc\u0327lanma sayesinde -veya yu\u0308zu\u0308nden-, tu\u0308ketim kal\u0131plar\u0131n\u0131n do\u0308nu\u0308s\u0327u\u0308mu\u0308nu\u0308 inceliyor. Do\u0308rdu\u0308ncu\u0308su\u0308 ise es\u0327itsizliklerin nas\u0131l bir seyir izledig\u0306ine, olas\u0131 gelis\u0327melere ve es\u0327itlikc\u0327i bir do\u0308nu\u0308s\u0327u\u0308mu\u0308n olanaklar\u0131na bak\u0131yor. 2000\u2019lerin bas\u0327\u0131nda du\u0308s\u0327me eg\u0306ilimi go\u0308sterirken, 2014\u2019ten itibaren istikrarl\u0131 ve kal\u0131c\u0131 bir s\u0327ekilde t\u0131rmanan gelir es\u0327itsizlig\u0306i, nas\u0131l farkl\u0131 ve \u201cyeni\u201d es\u0327itsizlikleri ve toplumun daha o\u0308nce bilmedig\u0306i yeni k\u0131r\u0131lganl\u0131klar\u0131 ortaya c\u0327\u0131kartt\u0131? \u201cOrta gelir tuzag\u0306\u0131\u201d denen kriz nedir? Kad\u0131nlar, bu es\u0327ig\u0306in as\u0327\u0131lmas\u0131nda ve as\u0327\u0131lamamas\u0131nda neden kilit bir role sahipler? Og\u0306uz Is\u0327\u0131k\u2019\u0131n \u201colay yeri inceleme dedektifi\u201d ve \u201czanaatka\u0302r sabr\u0131n\u0131\u201d birles\u0327tirerek yapt\u0131g\u0306\u0131 olag\u0306anu\u0308stu\u0308 ayr\u0131nt\u0131l\u0131 c\u0327al\u0131s\u0327ma, yukar\u0131dakiler gibi birc\u0327ok sorunun cevab\u0131n\u0131 ar\u0131yor.<\/p>\n","protected":false},"excerpt":{"rendered":"<p>Her yer ve zamanda gec\u0327erli tek bir es\u0327itsizlik bic\u0327imi olmad\u0131g\u0306\u0131ndan hareketle, es\u0327itsizlikler terimini kulland\u0131m&#8230; Zira es\u0327itsizlikler sadece kimin ne kadar para kazand\u0131g\u0306\u0131n\u0131 belirlemiyor, c\u0327ocug\u0306unuza ald\u0131g\u0306\u0131n\u0131z oyuncaktan<span class=\"excerpt-hellip\"> [\u2026]<\/span><\/p>\n","protected":false},"featured_media":0,"template":"","meta":{"_monsterinsights_skip_tracking":false,"_monsterinsights_sitenote_active":false,"_monsterinsights_sitenote_note":"","_monsterinsights_sitenote_category":0},"product_brand":[],"product_cat":[13072,12291],"product_tag":[],"class_list":{"0":"post-738596","1":"product","2":"type-product","3":"status-publish","5":"product_cat-arastirma-inceleme-referans","6":"product_cat-edebiyat","7":"pa_cilt-ciltsiz","8":"pa_tur-kitap","9":"pa_yayinevi-iletisim-yayinlari","10":"pa_yazar-m-melih-pinarcioglu","11":"pa_yazar-oguz-isik","13":"first","14":"instock","15":"sale","16":"shipping-taxable","17":"purchasable","18":"product-type-simple"},"_links":{"self":[{"href":"https:\/\/roveyayinevi.com.tr\/index.php\/wp-json\/wp\/v2\/product\/738596","targetHints":{"allow":["GET"]}}],"collection":[{"href":"https:\/\/roveyayinevi.com.tr\/index.php\/wp-json\/wp\/v2\/product"}],"about":[{"href":"https:\/\/roveyayinevi.com.tr\/index.php\/wp-json\/wp\/v2\/types\/product"}],"wp:attachment":[{"href":"https:\/\/roveyayinevi.com.tr\/index.php\/wp-json\/wp\/v2\/media?parent=738596"}],"wp:term":[{"taxonomy":"product_brand","embeddable":true,"href":"https:\/\/roveyayinevi.com.tr\/index.php\/wp-json\/wp\/v2\/product_brand?post=738596"},{"taxonomy":"product_cat","embeddable":true,"href":"https:\/\/roveyayinevi.com.tr\/index.php\/wp-json\/wp\/v2\/product_cat?post=738596"},{"taxonomy":"product_tag","embeddable":true,"href":"https:\/\/roveyayinevi.com.tr\/index.php\/wp-json\/wp\/v2\/product_tag?post=738596"}],"curies":[{"name":"wp","href":"https:\/\/api.w.org\/{rel}","templated":true}]}}