{"id":738595,"date":"2025-08-27T23:53:00","date_gmt":"2025-08-27T20:53:00","guid":{"rendered":"https:\/\/roveyayinevi.com.tr\/index.php\/urun\/tanzimattan-erken-cumhuriyete-kumar\/"},"modified":"2026-04-16T02:48:47","modified_gmt":"2026-04-15T23:48:47","slug":"tanzimattan-erken-cumhuriyete-kumar","status":"publish","type":"product","link":"https:\/\/roveyayinevi.com.tr\/index.php\/urun\/tanzimattan-erken-cumhuriyete-kumar\/","title":{"rendered":"Tanzimat\u2019tan Erken Cumhuriyet\u2019e Kumar"},"content":{"rendered":"<p>Ahmet Yes\u0327ilyurt, Osmanl\u0131 topraklar\u0131nda c\u0327ok daha o\u0308nce go\u0308ru\u0308lmeye bas\u0327lam\u0131s\u0327 olsa da o\u0308zellikle Tanzimat do\u0308nemiyle birlikte gittikc\u0327e daha da yayg\u0131nlas\u0327an \u201ckumar\u201d\u0131 ve para ic\u0327in oyun oynama al\u0131s\u0327kanl\u0131klar\u0131n\u0131 c\u0327es\u0327itli yo\u0308nleriyle ele al\u0131yor: Bugu\u0308n \u201ckumarhane\u201d olarak deg\u0306erlendirdig\u0306imiz yerlerin olus\u0327um su\u0308reci nas\u0131ld\u0131? Devletin \u201ckumarla mu\u0308cadele\u201d kapsam\u0131nda ald\u0131g\u0306\u0131 tedbirler, yapt\u0131g\u0306\u0131 du\u0308zenlemeler nelerdi? Kumar tutkunlar\u0131n\u0131n her kos\u0327ulda oynamaya devam etmek ic\u0327in bulduklar\u0131 c\u0327o\u0308zu\u0308mler nelerdi, yakalanmamak ic\u0327in neler yap\u0131yorlard\u0131? Tanzimat sonras\u0131na kadar Osmanl\u0131 topraklar\u0131na yabanc\u0131 olan modern anlamdaki kumarhaneler, Osmanl\u0131 ve Cumhuriyet bas\u0131n\u0131nda, kitaplarda, dergilerde nas\u0131l yer al\u0131yorlard\u0131? Kapsaml\u0131 bir ars\u0327iv aras\u0327t\u0131rmas\u0131na dayanan, kumar\u0131n ve oyunlar\u0131n ne s\u0327ekilde evrildig\u0306ini Osmanl\u0131 ve erken Cumhuriyet devri ac\u0327\u0131s\u0131ndan belgeler u\u0308zerinden kronolojik denilebilecek s\u0327ekilde ortaya koyan c\u0327al\u0131s\u0327ma \u201ctalihe zar atanlar\u0131\u201d, kumar masalar\u0131nda bu\u0308tu\u0308n varl\u0131klar\u0131n\u0131 yitirseler de oynamaktan vazgec\u0327meyenleri, kumar yu\u0308zu\u0308nden is\u0327lenen cinayetleri, yu\u0308ru\u0308tu\u0308len takibatlar\u0131, kumar du\u0308s\u0327ku\u0308nu\u0308 devlet go\u0308revlilerini, resmi\u0302 ve gayriresmi\u0302 kumar salonlar\u0131n\u0131, \u201cbitirimhaneleri\u201d ve bunlara yo\u0308nelik tepkileri go\u0308zler o\u0308nu\u0308ne seriyor. Tanzimat\u2019tan Erken Cumhuriyet\u2019e Kumar, \u201cKa\u0302r etmek isterseniz hic\u0327 oyun oynamay\u0131n, muhakkak ka\u0302rl\u0131 c\u0327\u0131kars\u0131n\u0131z\u201d so\u0308zu\u0308nu\u0308n de ortaya c\u0327\u0131kt\u0131g\u0306\u0131 trajikomik durumlar\u0131, gerek devletin gerek kumarbazlar\u0131n tutumlar\u0131n\u0131 du\u0308s\u0327u\u0308ndu\u0308ru\u0308cu\u0308 oldug\u0306u kadar yer yer eg\u0306lenceli boyutlar\u0131yla da ortaya seren bir c\u0327al\u0131s\u0327ma. <\/p>\n","protected":false},"excerpt":{"rendered":"<p>Ahmet Yes\u0327ilyurt, Osmanl\u0131 topraklar\u0131nda c\u0327ok daha o\u0308nce go\u0308ru\u0308lmeye bas\u0327lam\u0131s\u0327 olsa da o\u0308zellikle Tanzimat do\u0308nemiyle birlikte gittikc\u0327e daha da yayg\u0131nlas\u0327an \u201ckumar\u201d\u0131 ve para ic\u0327in oyun oynama al\u0131s\u0327kanl\u0131klar\u0131n\u0131<span class=\"excerpt-hellip\"> [\u2026]<\/span><\/p>\n","protected":false},"featured_media":0,"template":"","meta":{"_monsterinsights_skip_tracking":false,"_monsterinsights_sitenote_active":false,"_monsterinsights_sitenote_note":"","_monsterinsights_sitenote_category":0},"product_brand":[],"product_cat":[13072,12291],"product_tag":[],"class_list":{"0":"post-738595","1":"product","2":"type-product","3":"status-publish","5":"product_cat-arastirma-inceleme-referans","6":"product_cat-edebiyat","7":"pa_cilt-ciltsiz","8":"pa_tur-kitap","9":"pa_yayinevi-iletisim-yayinlari","10":"pa_yazar-ahmet-yesilyurt","12":"first","13":"instock","14":"sale","15":"shipping-taxable","16":"purchasable","17":"product-type-simple"},"_links":{"self":[{"href":"https:\/\/roveyayinevi.com.tr\/index.php\/wp-json\/wp\/v2\/product\/738595","targetHints":{"allow":["GET"]}}],"collection":[{"href":"https:\/\/roveyayinevi.com.tr\/index.php\/wp-json\/wp\/v2\/product"}],"about":[{"href":"https:\/\/roveyayinevi.com.tr\/index.php\/wp-json\/wp\/v2\/types\/product"}],"wp:attachment":[{"href":"https:\/\/roveyayinevi.com.tr\/index.php\/wp-json\/wp\/v2\/media?parent=738595"}],"wp:term":[{"taxonomy":"product_brand","embeddable":true,"href":"https:\/\/roveyayinevi.com.tr\/index.php\/wp-json\/wp\/v2\/product_brand?post=738595"},{"taxonomy":"product_cat","embeddable":true,"href":"https:\/\/roveyayinevi.com.tr\/index.php\/wp-json\/wp\/v2\/product_cat?post=738595"},{"taxonomy":"product_tag","embeddable":true,"href":"https:\/\/roveyayinevi.com.tr\/index.php\/wp-json\/wp\/v2\/product_tag?post=738595"}],"curies":[{"name":"wp","href":"https:\/\/api.w.org\/{rel}","templated":true}]}}