{"id":738594,"date":"2025-08-27T23:52:58","date_gmt":"2025-08-27T20:52:58","guid":{"rendered":"https:\/\/roveyayinevi.com.tr\/index.php\/urun\/basibos-kopek\/"},"modified":"2026-04-16T02:48:47","modified_gmt":"2026-04-15T23:48:47","slug":"basibos-kopek","status":"publish","type":"product","link":"https:\/\/roveyayinevi.com.tr\/index.php\/urun\/basibos-kopek\/","title":{"rendered":"Ba\u015f\u0131bo\u015f K\u00f6pek"},"content":{"rendered":"<p>Venedik dekoru o\u0308nu\u0308nde, I\u0307talya\u2019n\u0131n ve c\u0327ag\u0306\u0131m\u0131z\u0131n hemen bu\u0308tu\u0308n siyasal sorunlar\u0131na bulanm\u0131s\u0327 heyecanl\u0131 bir polisiye&#8230; Wolfgang Schorlau, bu defa I\u0307talyan yazar Claudio Caiolo ile beraber yaratt\u0131g\u0306\u0131 komiser Morello karakteriyle I\u0307talya\u2019n\u0131n toplumsal hayat\u0131na, siyasetine ve suc\u0327 a\u0302lemine dal\u0131yor. Arka planda, mutfak zevki, sohbeti muhabbeti, s\u0327en \u201cmentalitesi\u201d ile \u201cI\u0307talyan tarz\u0131 hayat\u201d ak\u0131yor&#8230; Dekor: Tarihi\u0302 binalar\u0131, San Marco Meydan\u0131, kanallar\u0131, gondollar\u0131yla du\u0308nyan\u0131n belli bas\u0327l\u0131 kitle turizmi merkezlerinden Venedik. Komiser Morello\u2019nun ug\u0306ras\u0327t\u0131g\u0306\u0131 vaka da, o kitle turizmi endu\u0308strisinin s\u0327ehri mahvetmesine kars\u0327\u0131 gelis\u0327en muhalefetle ve o muhalefetten rahats\u0131z olan sermaye ve siyaset gu\u0308c\u0327leriyle ilgili. Kendi \u201cmemleketinde,\u201d Sicilya\u2019da mafyayla yas\u0327ad\u0131g\u0306\u0131 ac\u0131 olaylardan o\u0308tu\u0308ru\u0308 siyasi yozlas\u0327ma meselesini iyi bilen Komiser Morello ic\u0327in yine de farkl\u0131 bir meydan okuma. U\u0308stelik s\u0327imdi, kibirli Venediklilerin Sicilyal\u0131lar ve \u201cGu\u0308neyliler\u201d hakk\u0131ndaki o\u0308nyarg\u0131lar\u0131yla da bog\u0306us\u0327mak zorunda. \u201cBu kitab\u0131 c\u0327ok farkl\u0131 bir gezi rehberi gibi de okuyabilirsiniz!\u2019\u2019<\/p>\n","protected":false},"excerpt":{"rendered":"<p>Venedik dekoru o\u0308nu\u0308nde, I\u0307talya\u2019n\u0131n ve c\u0327ag\u0306\u0131m\u0131z\u0131n hemen bu\u0308tu\u0308n siyasal sorunlar\u0131na bulanm\u0131s\u0327 heyecanl\u0131 bir polisiye&#8230; Wolfgang Schorlau, bu defa I\u0307talyan yazar Claudio Caiolo ile beraber yaratt\u0131g\u0306\u0131 komiser<span class=\"excerpt-hellip\"> [\u2026]<\/span><\/p>\n","protected":false},"featured_media":0,"template":"","meta":{"_monsterinsights_skip_tracking":false,"_monsterinsights_sitenote_active":false,"_monsterinsights_sitenote_note":"","_monsterinsights_sitenote_category":0},"product_brand":[],"product_cat":[13661,12291],"product_tag":[],"class_list":{"0":"post-738594","1":"product","2":"type-product","3":"status-publish","5":"product_cat-diger-ulke-edebiyatlari","6":"product_cat-edebiyat","7":"pa_cilt-ciltsiz","8":"pa_tur-kitap","9":"pa_yayinevi-iletisim-yayinlari","10":"pa_yazar-wolfgang-schorlau-claudio-caiolo","12":"first","13":"instock","14":"sale","15":"shipping-taxable","16":"purchasable","17":"product-type-simple"},"_links":{"self":[{"href":"https:\/\/roveyayinevi.com.tr\/index.php\/wp-json\/wp\/v2\/product\/738594","targetHints":{"allow":["GET"]}}],"collection":[{"href":"https:\/\/roveyayinevi.com.tr\/index.php\/wp-json\/wp\/v2\/product"}],"about":[{"href":"https:\/\/roveyayinevi.com.tr\/index.php\/wp-json\/wp\/v2\/types\/product"}],"wp:attachment":[{"href":"https:\/\/roveyayinevi.com.tr\/index.php\/wp-json\/wp\/v2\/media?parent=738594"}],"wp:term":[{"taxonomy":"product_brand","embeddable":true,"href":"https:\/\/roveyayinevi.com.tr\/index.php\/wp-json\/wp\/v2\/product_brand?post=738594"},{"taxonomy":"product_cat","embeddable":true,"href":"https:\/\/roveyayinevi.com.tr\/index.php\/wp-json\/wp\/v2\/product_cat?post=738594"},{"taxonomy":"product_tag","embeddable":true,"href":"https:\/\/roveyayinevi.com.tr\/index.php\/wp-json\/wp\/v2\/product_tag?post=738594"}],"curies":[{"name":"wp","href":"https:\/\/api.w.org\/{rel}","templated":true}]}}