{"id":738591,"date":"2025-08-27T23:52:54","date_gmt":"2025-08-27T20:52:54","guid":{"rendered":"https:\/\/roveyayinevi.com.tr\/index.php\/urun\/demokrasiye-giris\/"},"modified":"2026-04-16T02:48:47","modified_gmt":"2026-04-15T23:48:47","slug":"demokrasiye-giris","status":"publish","type":"product","link":"https:\/\/roveyayinevi.com.tr\/index.php\/urun\/demokrasiye-giris\/","title":{"rendered":"Demokrasiye Giri\u015f"},"content":{"rendered":"<p>Demokrasi nedir? Nas\u0131l \u00e7al\u0131\u015f\u0131r? G\u00fc\u00e7l\u00fc y\u00f6nleri &#8211; ve eksiklikleri &#8211; nelerdir? 100\u2019den fazla \u00fclkede d\u00fcnya n\u00fcfusunun \u00fc\u00e7te ikisi, demokratik oldu\u011funu iddia eden h\u00fck\u00fcmetler alt\u0131nda ya\u015f\u0131yor. Ancak bu h\u00fck\u00fcmetlerin \u00e7ok az\u0131 demokrasinin ideallerini ya\u015f\u0131yor ya da demokrasinin temel ilkelerine ve kurumlar\u0131na sayg\u0131 duyuyor. Eamon Butler bu kitab\u0131nda demokrasiyi tan\u0131ml\u0131yor, ama\u00e7lar\u0131n\u0131 a\u00e7\u0131kl\u0131yor ve ger\u00e7ek demokrasi ile h\u00e2lihaz\u0131rda var olan bir\u00e7ok sahte versiyon aras\u0131ndaki fark\u0131 g\u00f6steriyor. Demokrasinin tarihini ve getirdi\u011fi faydalar\u0131 \u00f6zetliyor. Ama ayn\u0131 zamanda, bizi s\u0131n\u0131rlar\u0131na kar\u015f\u0131 k\u00f6r eden bir\u00e7ok efsaneye de i\u015faret ediyor. Demokrasi hakk\u0131nda net bir anlay\u0131\u015fa sahip olman\u0131n neden \u00f6nemli oldu\u011funu ve insanlar onu anlamad\u0131\u011f\u0131nda onun ne kadar kolay kaybedilebilece\u011fini veya k\u00f6t\u00fcye kullan\u0131labilece\u011fini a\u00e7\u0131kl\u0131yor. Daha da \u00f6nemlisi, bug\u00fcn neden bu kadar \u00e7ok insan\u0131n demokratik siyaset konusunda hayal k\u0131r\u0131kl\u0131\u011f\u0131na u\u011frad\u0131\u011f\u0131n\u0131 ve e\u011fer bir \u015fey varsa bu konuda ne yap\u0131labilece\u011fini soruyor. Bu a\u00e7\u0131k ve etkileyici kitap, demokrasiye do\u011frudan bir giri\u015f sa\u011flar ve herkesin -hi\u00e7 deneyimlememi\u015f olsalar bile- demokrasiyi anlamas\u0131n\u0131 sa\u011flar<\/p>\n","protected":false},"excerpt":{"rendered":"<p>Demokrasi nedir? Nas\u0131l \u00e7al\u0131\u015f\u0131r? G\u00fc\u00e7l\u00fc y\u00f6nleri &#8211; ve eksiklikleri &#8211; nelerdir? 100\u2019den fazla \u00fclkede d\u00fcnya n\u00fcfusunun \u00fc\u00e7te ikisi, demokratik oldu\u011funu iddia eden h\u00fck\u00fcmetler alt\u0131nda ya\u015f\u0131yor. Ancak<span class=\"excerpt-hellip\"> [\u2026]<\/span><\/p>\n","protected":false},"featured_media":0,"template":"","meta":{"_monsterinsights_skip_tracking":false,"_monsterinsights_sitenote_active":false,"_monsterinsights_sitenote_note":"","_monsterinsights_sitenote_category":0},"product_brand":[],"product_cat":[13072,12291],"product_tag":[],"class_list":{"0":"post-738591","1":"product","2":"type-product","3":"status-publish","5":"product_cat-arastirma-inceleme-referans","6":"product_cat-edebiyat","7":"pa_cilt-ciltsiz","8":"pa_tur-kitap","9":"pa_yayinevi-liberte-yayinlari","10":"pa_yazar-eamonn-butler","12":"first","13":"instock","14":"sale","15":"shipping-taxable","16":"purchasable","17":"product-type-simple"},"_links":{"self":[{"href":"https:\/\/roveyayinevi.com.tr\/index.php\/wp-json\/wp\/v2\/product\/738591","targetHints":{"allow":["GET"]}}],"collection":[{"href":"https:\/\/roveyayinevi.com.tr\/index.php\/wp-json\/wp\/v2\/product"}],"about":[{"href":"https:\/\/roveyayinevi.com.tr\/index.php\/wp-json\/wp\/v2\/types\/product"}],"wp:attachment":[{"href":"https:\/\/roveyayinevi.com.tr\/index.php\/wp-json\/wp\/v2\/media?parent=738591"}],"wp:term":[{"taxonomy":"product_brand","embeddable":true,"href":"https:\/\/roveyayinevi.com.tr\/index.php\/wp-json\/wp\/v2\/product_brand?post=738591"},{"taxonomy":"product_cat","embeddable":true,"href":"https:\/\/roveyayinevi.com.tr\/index.php\/wp-json\/wp\/v2\/product_cat?post=738591"},{"taxonomy":"product_tag","embeddable":true,"href":"https:\/\/roveyayinevi.com.tr\/index.php\/wp-json\/wp\/v2\/product_tag?post=738591"}],"curies":[{"name":"wp","href":"https:\/\/api.w.org\/{rel}","templated":true}]}}