{"id":738587,"date":"2025-08-27T23:52:49","date_gmt":"2025-08-27T20:52:49","guid":{"rendered":"https:\/\/roveyayinevi.com.tr\/index.php\/urun\/kucuk-bay-ve-bayanlar-dunya-turu-boyama-kitabi\/"},"modified":"2026-04-14T02:57:34","modified_gmt":"2026-04-13T23:57:34","slug":"kucuk-bay-ve-bayanlar-dunya-turu-boyama-kitabi","status":"publish","type":"product","link":"https:\/\/roveyayinevi.com.tr\/index.php\/urun\/kucuk-bay-ve-bayanlar-dunya-turu-boyama-kitabi\/","title":{"rendered":"K\u00fc\u00e7\u00fck Bay Ve Bayanlar D\u00fcnya Turu Boyama Kitab\u0131"},"content":{"rendered":"<p>K\u00fc\u00e7\u00fck Bay ve Bayanlar\u0131n renkli d\u00fcnyas\u0131 50 y\u0131ldan uzun zamand\u0131r d\u00fcnya \u00e7ocuklar\u0131n\u0131 e\u011flendiriyor, bilgilendiriyor, onlara ilham veriyor!   \u015eimdi \u00e7ocuklar bu e\u015fsiz d\u00fcnyay\u0131 kendi renklerine boyayacaklar! K\u00fc\u00e7\u00fck Bay ve Bayanlarla Kapadokya\u2019dan yola \u00e7\u0131k\u0131p d\u00fcnya \u00fclkelerini gezecek, her sayfada yer alan bilgilerle farkl\u0131 k\u00fclt\u00fcrler hakk\u0131nda bilgiler \u00f6\u011frenecek, ne\u015feli \u00e7izimlerle dolu sayfalar\u0131 boyarken k\u00fc\u00e7\u00fck parmak kaslar\u0131n\u0131 ve dikkat becerilerini geli\u015ftirecek, yine \u00e7ok e\u011flenecekler! <\/p>\n","protected":false},"excerpt":{"rendered":"<p>K\u00fc\u00e7\u00fck Bay ve Bayanlar\u0131n renkli d\u00fcnyas\u0131 50 y\u0131ldan uzun zamand\u0131r d\u00fcnya \u00e7ocuklar\u0131n\u0131 e\u011flendiriyor, bilgilendiriyor, onlara ilham veriyor! \u015eimdi \u00e7ocuklar bu e\u015fsiz d\u00fcnyay\u0131 kendi renklerine boyayacaklar! K\u00fc\u00e7\u00fck<span class=\"excerpt-hellip\"> [\u2026]<\/span><\/p>\n","protected":false},"featured_media":0,"template":"","meta":{"_monsterinsights_skip_tracking":false,"_monsterinsights_sitenote_active":false,"_monsterinsights_sitenote_note":"","_monsterinsights_sitenote_category":0},"product_brand":[],"product_cat":[12644,12274],"product_tag":[],"class_list":{"0":"post-738587","1":"product","2":"type-product","3":"status-publish","5":"product_cat-boyama-kitaplari","6":"product_cat-cocuk-ve-genclik-kitaplari","7":"pa_cilt-ciltsiz","8":"pa_tur-kitap","9":"pa_yayinevi-dogan-cocuk","10":"pa_yazar-dogan-cocuk-kolektif","12":"first","13":"instock","14":"sale","15":"shipping-taxable","16":"purchasable","17":"product-type-simple"},"_links":{"self":[{"href":"https:\/\/roveyayinevi.com.tr\/index.php\/wp-json\/wp\/v2\/product\/738587","targetHints":{"allow":["GET"]}}],"collection":[{"href":"https:\/\/roveyayinevi.com.tr\/index.php\/wp-json\/wp\/v2\/product"}],"about":[{"href":"https:\/\/roveyayinevi.com.tr\/index.php\/wp-json\/wp\/v2\/types\/product"}],"wp:attachment":[{"href":"https:\/\/roveyayinevi.com.tr\/index.php\/wp-json\/wp\/v2\/media?parent=738587"}],"wp:term":[{"taxonomy":"product_brand","embeddable":true,"href":"https:\/\/roveyayinevi.com.tr\/index.php\/wp-json\/wp\/v2\/product_brand?post=738587"},{"taxonomy":"product_cat","embeddable":true,"href":"https:\/\/roveyayinevi.com.tr\/index.php\/wp-json\/wp\/v2\/product_cat?post=738587"},{"taxonomy":"product_tag","embeddable":true,"href":"https:\/\/roveyayinevi.com.tr\/index.php\/wp-json\/wp\/v2\/product_tag?post=738587"}],"curies":[{"name":"wp","href":"https:\/\/api.w.org\/{rel}","templated":true}]}}